{"id":1011538,"date":"2024-06-17T14:22:46","date_gmt":"2024-06-17T06:22:46","guid":{"rendered":"https:\/\/vimaterial.de\/product\/titanio-aluminio-vanadio-estano-aleacion\/"},"modified":"2025-01-02T16:27:45","modified_gmt":"2025-01-02T08:27:45","slug":"titanio-aluminio-vanadio-estano-aleacion","status":"publish","type":"product","link":"https:\/\/vimaterial.de\/es\/product\/titanio-aluminio-vanadio-estano-aleacion\/","title":{"rendered":"Aleaci\u00f3n de titanio, aluminio, vanadio y esta\u00f1o"},"content":{"rendered":"<p>La aleaci\u00f3n de titanio, aluminio y esta\u00f1o y vanadio (Ti-6Al-6V-2Sn) es una aleaci\u00f3n de titanio de alta resistencia y tratable t\u00e9rmicamente ampliamente utilizada en aplicaciones aeroespaciales e industriales. VIMATERIAL se ha ganado la confianza de una amplia gama de clientes con su calidad excepcional, su amplia gama de productos y su atento servicio. Nuestros productos se exportan a todo el mundo y gozan de una excelente reputaci\u00f3n. Comprometidos con la integridad y la calidad primero, damos una calurosa bienvenida a los clientes para que consulten y colaboren con nosotros.<\/p>\n<h2><span style=\"font-size: 14pt;\">Composici\u00f3n b\u00e1sica de Ti-6Al-6V-2Sn<\/span><\/h2>\n<p>Titanio (Ti): Elemento b\u00e1sico. Aluminio (Al): ~6% para aumentar la resistencia y reducir el peso. Vanadio (V): ~ 6% para mejorar la templabilidad y la resistencia a la corrosi\u00f3n. Esta\u00f1o (Sn): ~ 2% para mejorar la resistencia a la fluencia y la estabilidad a altas temperaturas.<\/p>\n<h2><span style=\"font-size: 14pt;\">Rendimiento de Ti-6Al-6V-2Sn<\/span><\/h2>\n<p>Alta resistencia: excelente relaci\u00f3n resistencia-peso. Buena resistencia al calor: funciona bien a temperaturas elevadas, generalmente hasta 842 \u00b0 F (450 \u00b0 C). Resistencia a la corrosi\u00f3n: Excelente resistencia a la corrosi\u00f3n en una variedad de entornos, incluidas exposiciones marinas y qu\u00edmicas. Tenacidad: Mantiene la ductilidad y la tenacidad incluso bajo tensi\u00f3n. Soldabilidad: Soldabilidad media, que requiere procesos espec\u00edficos y tratamiento t\u00e9rmico posterior a la soldadura.<\/p>\n<h2><span style=\"font-size: 14pt;\">Aplicaciones de Ti-6Al-6V-2Sn<\/span><\/h2>\n<p>1. Aeroespacial: Debido a su ligereza, alta resistencia y resistencia a la corrosi\u00f3n, las aleaciones de titanio se utilizan a menudo como componentes estructurales de aviones, piezas de motores, etc. 2. Campo automotriz: la aplicaci\u00f3n de aleaci\u00f3n de titanio en la fabricaci\u00f3n de autom\u00f3viles se centra principalmente en reducir el peso corporal, mejorar la eficiencia del combustible y el rendimiento de seguridad. En la actualidad, muchos modelos de lujo han adoptado aleaciones de titanio para tubos de escape, sistemas de frenado, transmisiones y otras piezas. 3. Campo m\u00e9dico: Debido a que la aleaci\u00f3n de titanio tiene las ventajas de biocompatibilidad y resistencia a la corrosi\u00f3n, a menudo se usa en la fabricaci\u00f3n de huesos humanos, articulaciones y otros implantes.<\/p>\n<h2><span style=\"font-size: 14pt;\">Control de calidad<\/span><\/h2>\n<p>Nuestros productos implementan el sistema de gesti\u00f3n de calidad m\u00e1s estricto. Existen estrictos est\u00e1ndares de inspecci\u00f3n para los materiales entrantes, los procesos, las inspecciones finales y las inspecciones de f\u00e1brica. Se adoptar\u00e1n estrictas medidas de aislamiento para el procesamiento no calificado para evitar que los productos no calificados fluyan hacia el siguiente proceso. Las muestras se proporcionar\u00e1n a los clientes de acuerdo con los requisitos del cliente para la reinspecci\u00f3n.   <\/p>\n<h2><span style=\"font-size: 14pt;\">Embalaje y almacenamiento<\/span><\/h2>\n<p>Por lo general, envasado al vac\u00edo internamente y empaquetado externamente en cart\u00f3n, tambi\u00e9n se puede empaquetar de acuerdo con las necesidades del cliente. Al almacenar Ti-6Al-6V-2Sn, primero debe elegir un entorno de almacenamiento seco, ventilado y libre de gases alcalinos para garantizar que la calidad del polvo no se vea afectada por la humedad, la contaminaci\u00f3n, las reacciones de oxidaci\u00f3n y otros efectos nocivos. Al mismo tiempo, es necesario mantener la temperatura ambiente durante el almacenamiento y evitar grandes fluctuaciones de temperatura para mantener la estabilidad de las propiedades qu\u00edmicas y el tama\u00f1o de part\u00edcula del polvo.<\/p>\n","protected":false},"excerpt":{"rendered":"<p>La aleaci\u00f3n de titanio, aluminio y esta\u00f1o y vanadio (Ti-6Al-6V-2Sn) es una aleaci\u00f3n de titanio de alta resistencia y tratable t\u00e9rmicamente ampliamente utilizada en aplicaciones aeroespaciales e industriales. VIMATERIAL se ha ganado la confianza de una amplia gama de clientes con su calidad excepcional, su amplia gama de productos y su atento servicio. Nuestros productos [&hellip;]<\/p>\n","protected":false},"featured_media":1000435,"comment_status":"open","ping_status":"closed","template":"","meta":{"_acf_changed":false},"product_brand":[],"product_cat":[185],"product_tag":[],"class_list":{"0":"post-1011538","1":"product","2":"type-product","3":"status-publish","4":"has-post-thumbnail","6":"product_cat-polvo-esferico-para-impresion-3d","8":"first","9":"instock","10":"shipping-taxable","11":"product-type-variable"},"acf":[],"_links":{"self":[{"href":"https:\/\/vimaterial.de\/es\/wp-json\/wp\/v2\/product\/1011538","targetHints":{"allow":["GET"]}}],"collection":[{"href":"https:\/\/vimaterial.de\/es\/wp-json\/wp\/v2\/product"}],"about":[{"href":"https:\/\/vimaterial.de\/es\/wp-json\/wp\/v2\/types\/product"}],"replies":[{"embeddable":true,"href":"https:\/\/vimaterial.de\/es\/wp-json\/wp\/v2\/comments?post=1011538"}],"wp:featuredmedia":[{"embeddable":true,"href":"https:\/\/vimaterial.de\/es\/wp-json\/wp\/v2\/media\/1000435"}],"wp:attachment":[{"href":"https:\/\/vimaterial.de\/es\/wp-json\/wp\/v2\/media?parent=1011538"}],"wp:term":[{"taxonomy":"product_brand","embeddable":true,"href":"https:\/\/vimaterial.de\/es\/wp-json\/wp\/v2\/product_brand?post=1011538"},{"taxonomy":"product_cat","embeddable":true,"href":"https:\/\/vimaterial.de\/es\/wp-json\/wp\/v2\/product_cat?post=1011538"},{"taxonomy":"product_tag","embeddable":true,"href":"https:\/\/vimaterial.de\/es\/wp-json\/wp\/v2\/product_tag?post=1011538"}],"curies":[{"name":"wp","href":"https:\/\/api.w.org\/{rel}","templated":true}]}}