{"id":1011531,"date":"2024-06-17T14:22:45","date_gmt":"2024-06-17T06:22:45","guid":{"rendered":"https:\/\/vimaterial.de\/product\/titanio-aluminio-vanadio\/"},"modified":"2025-01-02T16:03:41","modified_gmt":"2025-01-02T08:03:41","slug":"titanio-aluminio-vanadio","status":"publish","type":"product","link":"https:\/\/vimaterial.de\/es\/product\/titanio-aluminio-vanadio\/","title":{"rendered":"Titanio Aluminio Vanadio"},"content":{"rendered":"<p>Titanio Aluminio El vanadio, tambi\u00e9n conocido como aleaci\u00f3n de titanio Ti-6Al-4V, es una aleaci\u00f3n de titanio \u03b1+\u03b2 de alta resistencia. Debido a su excelente resistencia, resistencia a la corrosi\u00f3n y rendimiento a altas temperaturas, es ampliamente utilizado en las industrias aeroespacial, biom\u00e9dica, automotriz y de fabricaci\u00f3n de alta gama. VIMATERIAL se ha ganado la confianza de una amplia gama de clientes con su calidad excepcional, su amplia gama de productos y su atento servicio. Nuestros productos se exportan a todo el mundo y gozan de una excelente reputaci\u00f3n. Comprometidos con la integridad y la calidad primero, damos una calurosa bienvenida a los clientes para que consulten y colaboren con nosotros. <\/p>\n<h2><span style=\"font-size: 14pt;\">Composici\u00f3n b\u00e1sica de la aleaci\u00f3n de titanio Ti-6Al-4V<\/span><\/h2>\n<p>La composici\u00f3n qu\u00edmica de la aleaci\u00f3n de titanio Ti-6Al-4V incluye principalmente los siguientes elementos clave: Titanio (Ti): El Ti es la matriz principal de la aleaci\u00f3n, que suele representar m\u00e1s del 90% de la composici\u00f3n de la aleaci\u00f3n. El peso ligero, la buena resistencia a la corrosi\u00f3n y la alta resistencia del titanio lo convierten en un componente central de las aleaciones. Aluminio (Al): El aluminio generalmente representa el 5-6% en la aleaci\u00f3n de titanio Ti-6Al-4V. Su funci\u00f3n principal es mejorar la resistencia y la resistencia a la oxidaci\u00f3n de la aleaci\u00f3n. El aluminio es uno de los elementos de aleaci\u00f3n m\u00e1s utilizados en las aleaciones de titanio, que puede mejorar significativamente la temperatura de transici\u00f3n de fase y las propiedades mec\u00e1nicas del material. Vanadio (V): El contenido de vanadio suele ser del 3-4%. El vanadio ayuda a mejorar la fuerza, la plasticidad y la resistencia a la fatiga de las aleaciones de titanio, y puede mejorar eficazmente la resistencia a altas temperaturas de la aleaci\u00f3n. En la aleaci\u00f3n Ti-6Al-4V, el vanadio y el aluminio forman una fase de aleaci\u00f3n m\u00e1s estable, mejorando as\u00ed las propiedades mec\u00e1nicas de la aleaci\u00f3n. La aleaci\u00f3n Ti-6Al-4V tambi\u00e9n puede contener peque\u00f1as cantidades de otros elementos, como hierro (Fe), ox\u00edgeno (O) y carbono (C). Aunque el contenido de estos elementos de impurezas no es alto, no se puede ignorar su impacto en el rendimiento de la aleaci\u00f3n.<\/p>\n<h2><span style=\"font-size: 14pt;\">Rendimiento de Ti6Al4V<\/span><\/h2>\n<p>1. Resistencia: La resistencia de la aleaci\u00f3n de titanio Gr.5 es mejor que la del titanio puro y tiene una excelente resistencia a la tracci\u00f3n y l\u00edmite el\u00e1stico a temperatura ambiente. 2. Resistencia a la corrosi\u00f3n: la aleaci\u00f3n de titanio Gr.5 tiene buena resistencia a la corrosi\u00f3n y puede resistir la erosi\u00f3n de la mayor\u00eda de los medios corrosivos, como \u00e1cidos, agua salada y agua de mar. 3. Propiedades de tratamiento t\u00e9rmico: la aleaci\u00f3n de titanio Gr.5 tiene buenas propiedades de tratamiento t\u00e9rmico, y se pueden obtener diferentes propiedades mec\u00e1nicas y microestructuras controlando los par\u00e1metros de procesamiento. 4. Maquinabilidad: La aleaci\u00f3n de titanio Gr.5 tiene buena maquinabilidad y se puede utilizar para diversas t\u00e9cnicas de procesamiento, como forja, fresado, torneado y soldadura. 5. Ligero: En comparaci\u00f3n con muchos otros materiales met\u00e1licos, la aleaci\u00f3n de titanio Gr.5 tiene una densidad m\u00e1s baja, lo que la convierte en una opci\u00f3n ideal para aplicaciones que requieren peso ligero y alta resistencia al mismo tiempo.<\/p>\n<h2><span style=\"font-size: 14pt;\">Aplicaciones de Ti6Al4V<\/span><\/h2>\n<p>1. Industria aeroespacial: La aleaci\u00f3n de titanio Gr.5 es ampliamente utilizada en aviones, misiles, naves espaciales y otros campos para fabricar piezas estructurales, piezas de motores, fuselajes y h\u00e9lices. 2. Dispositivos m\u00e9dicos: Debido a su biocompatibilidad y resistencia a la corrosi\u00f3n, la aleaci\u00f3n de titanio Gr.5 es ampliamente utilizada en la producci\u00f3n de dispositivos m\u00e9dicos, dispositivos de reparaci\u00f3n \u00f3sea, articulaciones artificiales, etc. 3. Industria automotriz: La aleaci\u00f3n de titanio Gr.5 se puede utilizar en sistemas de frenado automotriz, tubos de escape, asientos, marcos y otros componentes para reducir el peso y mejorar la eficiencia del combustible. 4. Equipo deportivo: Debido a su peso ligero y alta resistencia, la aleaci\u00f3n de titanio Gr.5 se utiliza para fabricar equipos deportivos de alta gama, como cuadros de bicicletas, palos de golf y raquetas de tenis.<\/p>\n<h2><span style=\"font-size: 14pt;\">Control de calidad<\/span><\/h2>\n<p>Nuestros productos implementan el sistema de gesti\u00f3n de calidad m\u00e1s estricto. Existen estrictos est\u00e1ndares de inspecci\u00f3n para los materiales entrantes, los procesos, las inspecciones finales y las inspecciones de f\u00e1brica. Se adoptar\u00e1n estrictas medidas de aislamiento para el procesamiento no calificado para evitar que los productos no calificados fluyan hacia el siguiente proceso. Las muestras se proporcionar\u00e1n a los clientes de acuerdo con los requisitos del cliente para la reinspecci\u00f3n.   <\/p>\n<h2><span style=\"font-size: 14pt;\">Embalaje y almacenamiento<\/span><\/h2>\n<p>Por lo general, envasado al vac\u00edo internamente y empaquetado externamente en cart\u00f3n, tambi\u00e9n se puede empaquetar de acuerdo con las necesidades del cliente. Al almacenar Ti6Al4V, primero debe elegir un entorno de almacenamiento seco, ventilado y sin gases alcalinos para garantizar que la calidad del polvo no se vea afectada por la humedad, la contaminaci\u00f3n, las reacciones de oxidaci\u00f3n y otros efectos nocivos. Al mismo tiempo, es necesario mantener la temperatura ambiente durante el almacenamiento y evitar grandes fluctuaciones de temperatura para mantener la estabilidad de las propiedades qu\u00edmicas y el tama\u00f1o de part\u00edcula del polvo.<\/p>\n","protected":false},"excerpt":{"rendered":"<p>Titanio Aluminio El vanadio, tambi\u00e9n conocido como aleaci\u00f3n de titanio Ti-6Al-4V, es una aleaci\u00f3n de titanio \u03b1+\u03b2 de alta resistencia. Debido a su excelente resistencia, resistencia a la corrosi\u00f3n y rendimiento a altas temperaturas, es ampliamente utilizado en las industrias aeroespacial, biom\u00e9dica, automotriz y de fabricaci\u00f3n de alta gama. VIMATERIAL se ha ganado la confianza [&hellip;]<\/p>\n","protected":false},"featured_media":1000425,"comment_status":"open","ping_status":"closed","template":"","meta":{"_acf_changed":false},"product_brand":[],"product_cat":[185],"product_tag":[],"class_list":{"0":"post-1011531","1":"product","2":"type-product","3":"status-publish","4":"has-post-thumbnail","6":"product_cat-polvo-esferico-para-impresion-3d","8":"first","9":"instock","10":"shipping-taxable","11":"purchasable","12":"product-type-variable"},"acf":[],"_links":{"self":[{"href":"https:\/\/vimaterial.de\/es\/wp-json\/wp\/v2\/product\/1011531","targetHints":{"allow":["GET"]}}],"collection":[{"href":"https:\/\/vimaterial.de\/es\/wp-json\/wp\/v2\/product"}],"about":[{"href":"https:\/\/vimaterial.de\/es\/wp-json\/wp\/v2\/types\/product"}],"replies":[{"embeddable":true,"href":"https:\/\/vimaterial.de\/es\/wp-json\/wp\/v2\/comments?post=1011531"}],"wp:featuredmedia":[{"embeddable":true,"href":"https:\/\/vimaterial.de\/es\/wp-json\/wp\/v2\/media\/1000425"}],"wp:attachment":[{"href":"https:\/\/vimaterial.de\/es\/wp-json\/wp\/v2\/media?parent=1011531"}],"wp:term":[{"taxonomy":"product_brand","embeddable":true,"href":"https:\/\/vimaterial.de\/es\/wp-json\/wp\/v2\/product_brand?post=1011531"},{"taxonomy":"product_cat","embeddable":true,"href":"https:\/\/vimaterial.de\/es\/wp-json\/wp\/v2\/product_cat?post=1011531"},{"taxonomy":"product_tag","embeddable":true,"href":"https:\/\/vimaterial.de\/es\/wp-json\/wp\/v2\/product_tag?post=1011531"}],"curies":[{"name":"wp","href":"https:\/\/api.w.org\/{rel}","templated":true}]}}