{"id":1011473,"date":"2024-06-17T14:22:53","date_gmt":"2024-06-17T06:22:53","guid":{"rendered":"https:\/\/vimaterial.de\/product\/oxido-de-titanio-6\/"},"modified":"2025-01-03T14:56:07","modified_gmt":"2025-01-03T06:56:07","slug":"oxido-de-titanio-6","status":"publish","type":"product","link":"https:\/\/vimaterial.de\/es\/product\/oxido-de-titanio-6\/","title":{"rendered":"\u00d3xido de titanio"},"content":{"rendered":"<p>El \u00f3xido de titanio (tri\u00f3xido de titanio) es un compuesto inorg\u00e1nico con la f\u00f3rmula qu\u00edmica Ti2O3, que es un material semiconductor p\u00farpura. VIMATERIAL se ha ganado la confianza de una amplia gama de clientes con su calidad excepcional, su amplia gama de productos y su atento servicio. Nuestros productos se exportan a todo el mundo y gozan de una excelente reputaci\u00f3n. Comprometidos con la integridad y la calidad primero, damos una calurosa bienvenida a los clientes para que consulten y colaboren con nosotros.<\/p>\n<h2><span style=\"font-size: 14pt;\">Propiedades<\/span><\/h2>\n<p>F\u00f3rmula qu\u00edmica: Ti2O3 Peso molecular: 143,7320 g\/mol Aspecto: s\u00f3lido de color negro p\u00farpura Punto de fusi\u00f3n: 2130 \u00b0C Densidad: 4,49 g\/cm\u00b3 Solubilidad en agua: insoluble<\/p>\n<h2><span style=\"font-size: 14pt;\">Aplicaciones del \u00f3xido de titanio<\/span><\/h2>\n<p>Dispositivos optoelectr\u00f3nicos: El Ti2O3 es un material semiconductor con buenas propiedades \u00f3pticas y electr\u00f3nicas. Se puede utilizar para fabricar c\u00e9lulas solares, pantallas de visualizaci\u00f3n, fotodiodos y otros dispositivos. Adem\u00e1s, el tri\u00f3xido de titanio tambi\u00e9n tiene excelentes propiedades fotocatal\u00edticas, que pueden convertir la energ\u00eda luminosa en energ\u00eda qu\u00edmica para degradar la materia org\u00e1nica y purificar los cuerpos de agua.Campo ambiental: En el campo ambiental, el tri\u00f3xido de titanio es ampliamente utilizado en la purificaci\u00f3n del aire, el tratamiento del agua y los materiales autolimpiantes. Sus propiedades fotocatal\u00edticas permiten que el tri\u00f3xido de titanio purifique las masas de aire y agua a trav\u00e9s de reacciones fotocatal\u00edticas. Fabricaci\u00f3n de piedras preciosas artificiales: El Ti2O3 tambi\u00e9n se utiliza en la fabricaci\u00f3n de piedras preciosas artificiales. Se puede utilizar para hacer pel\u00edculas densas y coloreadas, y es adecuado para recubrir pel\u00edculas compuestas, pel\u00edculas de colores, pel\u00edculas antirreflectantes y pel\u00edculas ultravioleta.  <\/p>\n<h2><span style=\"font-size: 14pt;\">Control de calidad<\/span><\/h2>\n<p>Nuestros productos implementan el sistema de gesti\u00f3n de calidad m\u00e1s estricto. Existen estrictos est\u00e1ndares de inspecci\u00f3n para los materiales entrantes, los procesos, las inspecciones finales y las inspecciones de f\u00e1brica. Se adoptar\u00e1n estrictas medidas de aislamiento para el procesamiento no calificado para evitar que los productos no calificados fluyan hacia el siguiente proceso. Las muestras se proporcionar\u00e1n a los clientes de acuerdo con los requisitos del cliente para la reinspecci\u00f3n.   <\/p>\n<h2><span style=\"font-size: 14pt;\">Embalaje y almacenamiento<\/span><\/h2>\n<p>Por lo general, envasado al vac\u00edo internamente y empaquetado externamente en cart\u00f3n, tambi\u00e9n se puede empaquetar de acuerdo con las necesidades del cliente. Almacene en un lugar fresco y seco, y aseg\u00farese de que el taller tenga buenos dispositivos de ventilaci\u00f3n o extracci\u00f3n.<\/p>\n","protected":false},"excerpt":{"rendered":"<p>El \u00f3xido de titanio (tri\u00f3xido de titanio) es un compuesto inorg\u00e1nico con la f\u00f3rmula qu\u00edmica Ti2O3, que es un material semiconductor p\u00farpura. VIMATERIAL se ha ganado la confianza de una amplia gama de clientes con su calidad excepcional, su amplia gama de productos y su atento servicio. Nuestros productos se exportan a todo el mundo [&hellip;]<\/p>\n","protected":false},"featured_media":1000459,"comment_status":"open","ping_status":"closed","template":"","meta":{"_acf_changed":false},"product_brand":[],"product_cat":[178],"product_tag":[],"class_list":{"0":"post-1011473","1":"product","2":"type-product","3":"status-publish","4":"has-post-thumbnail","6":"product_cat-catodos-para-sputtering-planar","8":"first","9":"instock","10":"shipping-taxable","11":"product-type-variable"},"acf":[],"_links":{"self":[{"href":"https:\/\/vimaterial.de\/es\/wp-json\/wp\/v2\/product\/1011473","targetHints":{"allow":["GET"]}}],"collection":[{"href":"https:\/\/vimaterial.de\/es\/wp-json\/wp\/v2\/product"}],"about":[{"href":"https:\/\/vimaterial.de\/es\/wp-json\/wp\/v2\/types\/product"}],"replies":[{"embeddable":true,"href":"https:\/\/vimaterial.de\/es\/wp-json\/wp\/v2\/comments?post=1011473"}],"wp:featuredmedia":[{"embeddable":true,"href":"https:\/\/vimaterial.de\/es\/wp-json\/wp\/v2\/media\/1000459"}],"wp:attachment":[{"href":"https:\/\/vimaterial.de\/es\/wp-json\/wp\/v2\/media?parent=1011473"}],"wp:term":[{"taxonomy":"product_brand","embeddable":true,"href":"https:\/\/vimaterial.de\/es\/wp-json\/wp\/v2\/product_brand?post=1011473"},{"taxonomy":"product_cat","embeddable":true,"href":"https:\/\/vimaterial.de\/es\/wp-json\/wp\/v2\/product_cat?post=1011473"},{"taxonomy":"product_tag","embeddable":true,"href":"https:\/\/vimaterial.de\/es\/wp-json\/wp\/v2\/product_tag?post=1011473"}],"curies":[{"name":"wp","href":"https:\/\/api.w.org\/{rel}","templated":true}]}}