{"id":1011461,"date":"2024-06-17T14:23:30","date_gmt":"2024-06-17T06:23:30","guid":{"rendered":"https:\/\/vimaterial.de\/product\/titanio-aluminio-carburo\/"},"modified":"2025-03-12T10:31:56","modified_gmt":"2025-03-12T02:31:56","slug":"titanio-aluminio-carburo","status":"publish","type":"product","link":"https:\/\/vimaterial.de\/es\/product\/titanio-aluminio-carburo\/","title":{"rendered":"Carburo de aluminio y titanio"},"content":{"rendered":"<p>El objetivo de carburo de aluminio y titanio (Ti3AlC2) es un material cer\u00e1mico de fase MAX compuesto de titanio (Ti), aluminio (Al) y carbono (C). Los materiales de fase MAX son un tipo de material cer\u00e1mico con estructura y propiedades especiales. Tienen las caracter\u00edsticas de los elementos met\u00e1licos, el carbono y el nitr\u00f3geno y se utilizan a menudo en materiales estructurales de alta temperatura y materiales compuestos cer\u00e1micos.  <\/p>\n<h2><span style=\"font-size: 14pt;\">Propiedades del objetivo de carburo de aluminio y titanio<\/span><\/h2>\n<p>1. Estabilidad a alta temperatura: tiene una buena estabilidad a alta temperatura y puede mantener la estabilidad estructural y el rendimiento en un entorno de alta temperatura.<\/p>\n<p>2. Propiedades mec\u00e1nicas: Tiene propiedades mec\u00e1nicas, que incluyen alta resistencia, dureza y resistencia al desgaste, y es adecuado para la preparaci\u00f3n de materiales estructurales de alto rendimiento.<\/p>\n<p>3. Conductividad t\u00e9rmica: Debido a su estructura especial, Ti3AlC2 tiene buena conductividad t\u00e9rmica y se puede utilizar para preparar materiales de gesti\u00f3n t\u00e9rmica eficientes.<\/p>\n<p>4. Resistencia a la corrosi\u00f3n: el carburo de aluminio y titanio tiene buena resistencia a la corrosi\u00f3n qu\u00edmica y es adecuado para aplicaciones en algunos entornos especiales.<\/p>\n<h2><span style=\"font-size: 14pt;\">Tabla de pruebas de caracterizaci\u00f3n<\/span><\/h2>\n<p>% en peso de carburo de aluminio y titanio<\/p>\n<table style=\"border-collapse: collapse; width: 40.8118%;\">\n<tbody>\n<tr>\n<td style=\"width: 16.2749%;\">Elemento<\/td>\n<td style=\"width: 16.4373%;\">% en peso<\/td>\n<\/tr>\n<tr>\n<td style=\"width: 16.2749%;\">Ti<\/td>\n<td style=\"width: 16.4373%;\">73.79<\/td>\n<\/tr>\n<tr>\n<td style=\"width: 16.2749%;\">Al<\/td>\n<td style=\"width: 16.4373%;\">13.86<\/td>\n<\/tr>\n<tr>\n<td style=\"width: 16.2749%;\">C<\/td>\n<td style=\"width: 16.4373%;\">12.35<\/td>\n<p> horas<br \/>\n<\/tr>\n<\/tbody>\n<\/table>\n<h2><span style=\"font-size: 14pt;\">\u00bfCu\u00e1l es la aplicaci\u00f3n del carburo de aluminio y titanio?<\/span><\/h2>\n<p>MXenes y nanocompuestos basados en MXenes se han utilizado ampliamente en muchos campos, como la nanoadsorci\u00f3n, los biosensores, el cribado de iones, la cat\u00e1lisis, las bater\u00edas de iones de litio, los supercondensadores, la lubricaci\u00f3n, etc.<\/p>\n<h2><span style=\"font-size: 14pt;\">Control de calidad<\/span><\/h2>\n<p>Nuestros productos implementan el sistema de gesti\u00f3n de calidad m\u00e1s estricto. Existen estrictos est\u00e1ndares de inspecci\u00f3n para los materiales entrantes, los procesos, las inspecciones finales y las inspecciones de f\u00e1brica. Se adoptar\u00e1n estrictas medidas de aislamiento para el procesamiento no calificado para evitar que los productos no calificados fluyan hacia el siguiente proceso. Las muestras se proporcionar\u00e1n a los clientes de acuerdo con los requisitos del cliente para la reinspecci\u00f3n.   <\/p>\n<h2><span style=\"font-size: 14pt;\">Embalaje y almacenamiento<\/span><\/h2>\n<p>Interior: embalaje al vac\u00edo de bolsa transparente, exterior: bolsa de vac\u00edo de papel de aluminio \/ cart\u00f3n \/ barril de papel \/ barril de hierro. El embalaje se puede especificar de acuerdo con las necesidades del cliente. <\/p>\n<p>Este producto debe sellarse y almacenarse en un ambiente seco y fresco. No debe exponerse al aire durante mucho tiempo para evitar que la humedad se aglomere, lo que afectar\u00e1 el rendimiento de la dispersi\u00f3n y el efecto de uso. Adem\u00e1s, debe evitar la fuerte presi\u00f3n y el contacto con oxidantes. Debe transportarse como mercanc\u00eda ordinaria.   <\/p>\n","protected":false},"excerpt":{"rendered":"<p>El objetivo de carburo de aluminio y titanio (Ti3AlC2) es un material cer\u00e1mico de fase MAX compuesto de titanio (Ti), aluminio (Al) y carbono (C). Los materiales de fase MAX son un tipo de material cer\u00e1mico con estructura y propiedades especiales. Tienen las caracter\u00edsticas de los elementos met\u00e1licos, el carbono y el nitr\u00f3geno y se [&hellip;]<\/p>\n","protected":false},"featured_media":1000486,"comment_status":"open","ping_status":"closed","template":"","meta":{"_acf_changed":false},"product_brand":[],"product_cat":[178],"product_tag":[],"class_list":{"0":"post-1011461","1":"product","2":"type-product","3":"status-publish","4":"has-post-thumbnail","6":"product_cat-catodos-para-sputtering-planar","8":"first","9":"instock","10":"shipping-taxable","11":"product-type-variable"},"acf":[],"_links":{"self":[{"href":"https:\/\/vimaterial.de\/es\/wp-json\/wp\/v2\/product\/1011461","targetHints":{"allow":["GET"]}}],"collection":[{"href":"https:\/\/vimaterial.de\/es\/wp-json\/wp\/v2\/product"}],"about":[{"href":"https:\/\/vimaterial.de\/es\/wp-json\/wp\/v2\/types\/product"}],"replies":[{"embeddable":true,"href":"https:\/\/vimaterial.de\/es\/wp-json\/wp\/v2\/comments?post=1011461"}],"wp:featuredmedia":[{"embeddable":true,"href":"https:\/\/vimaterial.de\/es\/wp-json\/wp\/v2\/media\/1000486"}],"wp:attachment":[{"href":"https:\/\/vimaterial.de\/es\/wp-json\/wp\/v2\/media?parent=1011461"}],"wp:term":[{"taxonomy":"product_brand","embeddable":true,"href":"https:\/\/vimaterial.de\/es\/wp-json\/wp\/v2\/product_brand?post=1011461"},{"taxonomy":"product_cat","embeddable":true,"href":"https:\/\/vimaterial.de\/es\/wp-json\/wp\/v2\/product_cat?post=1011461"},{"taxonomy":"product_tag","embeddable":true,"href":"https:\/\/vimaterial.de\/es\/wp-json\/wp\/v2\/product_tag?post=1011461"}],"curies":[{"name":"wp","href":"https:\/\/api.w.org\/{rel}","templated":true}]}}