{"id":1011438,"date":"2024-06-17T14:23:31","date_gmt":"2024-06-17T06:23:31","guid":{"rendered":"https:\/\/vimaterial.de\/product\/oxido-de-titanio-5\/"},"modified":"2024-07-17T13:02:52","modified_gmt":"2024-07-17T05:02:52","slug":"oxido-de-titanio-5","status":"publish","type":"product","link":"https:\/\/vimaterial.de\/es\/product\/oxido-de-titanio-5\/","title":{"rendered":"\u00d3xido de titanio"},"content":{"rendered":"<p>Caracter\u00edsticaF\u00f3rmula qu\u00edmica:Ti3O5Aspecto:polvo azul-negro, brillo met\u00e1lico. Contenido de ox\u00edgeno 62.3% ~ 64.3% (\u00e1tomos). Estructura r\u00f3mbica con constante de red = 0,3747 nm. Densidad: 4,29 g \/ cm3Punto de fusi\u00f3n: 2180 \u00b0C.Aplicaci\u00f3nPara materiales de recubrimiento al vac\u00edo.<\/p>\n","protected":false},"excerpt":{"rendered":"<p>Caracter\u00edsticaF\u00f3rmula qu\u00edmica:Ti3O5Aspecto:polvo azul-negro, brillo met\u00e1lico. Contenido de ox\u00edgeno 62.3% ~ 64.3% (\u00e1tomos). Estructura r\u00f3mbica con constante de red = 0,3747 nm. Densidad: 4,29 g \/ cm3Punto de fusi\u00f3n: 2180 \u00b0C.Aplicaci\u00f3nPara materiales de recubrimiento al vac\u00edo.<\/p>\n","protected":false},"featured_media":1041392,"comment_status":"open","ping_status":"closed","template":"","meta":{"_acf_changed":false},"product_brand":[],"product_cat":[186],"product_tag":[],"class_list":{"0":"post-1011438","1":"product","2":"type-product","3":"status-publish","4":"has-post-thumbnail","6":"product_cat-materiales-de-oxido-hidroxido","8":"first","9":"instock","10":"shipping-taxable","11":"product-type-variable"},"acf":[],"_links":{"self":[{"href":"https:\/\/vimaterial.de\/es\/wp-json\/wp\/v2\/product\/1011438","targetHints":{"allow":["GET"]}}],"collection":[{"href":"https:\/\/vimaterial.de\/es\/wp-json\/wp\/v2\/product"}],"about":[{"href":"https:\/\/vimaterial.de\/es\/wp-json\/wp\/v2\/types\/product"}],"replies":[{"embeddable":true,"href":"https:\/\/vimaterial.de\/es\/wp-json\/wp\/v2\/comments?post=1011438"}],"wp:featuredmedia":[{"embeddable":true,"href":"https:\/\/vimaterial.de\/es\/wp-json\/wp\/v2\/media\/1041392"}],"wp:attachment":[{"href":"https:\/\/vimaterial.de\/es\/wp-json\/wp\/v2\/media?parent=1011438"}],"wp:term":[{"taxonomy":"product_brand","embeddable":true,"href":"https:\/\/vimaterial.de\/es\/wp-json\/wp\/v2\/product_brand?post=1011438"},{"taxonomy":"product_cat","embeddable":true,"href":"https:\/\/vimaterial.de\/es\/wp-json\/wp\/v2\/product_cat?post=1011438"},{"taxonomy":"product_tag","embeddable":true,"href":"https:\/\/vimaterial.de\/es\/wp-json\/wp\/v2\/product_tag?post=1011438"}],"curies":[{"name":"wp","href":"https:\/\/api.w.org\/{rel}","templated":true}]}}