{"id":1011389,"date":"2024-06-17T14:23:38","date_gmt":"2024-06-17T06:23:38","guid":{"rendered":"https:\/\/vimaterial.de\/product\/siliciuro-de-titanio\/"},"modified":"2025-04-18T17:50:39","modified_gmt":"2025-04-18T09:50:39","slug":"siliciuro-de-titanio","status":"publish","type":"product","link":"https:\/\/vimaterial.de\/es\/product\/siliciuro-de-titanio\/","title":{"rendered":"Siliciuro de titanio"},"content":{"rendered":"<p><span style=\"color: #0000ff;\"><a style=\"color: #0000ff;\" href=\"https:\/\/vimaterial.de\/en\/product\/titanium-silicide-sputtering-target\/\">El polvo de siliciuro de titanio<\/a> <\/span>es un polvo gris con excelente estabilidad a altas temperaturas, resistencia a altas temperaturas y resistencia a la oxidaci\u00f3n para una amplia gama de aplicaciones, incluida la fabricaci\u00f3n de semiconductores de \u00f3xido met\u00e1lico.<\/p>\n<p>VIMATERIAL es una empresa de innovaci\u00f3n en materiales qu\u00edmicos de vanguardia especializada en materiales de alto rendimiento para aplicaciones de ingenier\u00eda avanzadas. Nuestros productos se caracterizan por su alta pureza, rendimiento estable, soporte para pedidos de lotes peque\u00f1os, inventario suficiente y plazos de entrega cortos. Tambi\u00e9n apoyamos el servicio de enlace de objetivos y aceptamos cualquier personalizaci\u00f3n y experimentaci\u00f3n del producto, <span style=\"color: #0000ff;\"><a style=\"color: #0000ff;\" href=\"https:\/\/vimaterial.de\/en\/contact-us\/\">cont\u00e1ctenos<\/a><\/span> si lo necesita.  <\/p>\n<h2><span style=\"font-size: 14pt;\">Caracter\u00edsticas<\/span><\/h2>\n<p>F\u00f3rmula molecular: Ti5Si3<\/p>\n<p>Peso molecular: 323.59<\/p>\n<p>Aspecto: Polvo gris con brillo met\u00e1lico<\/p>\n<p>Densidad: 4,32 g\/cm\u00b3<\/p>\n<p>Punto de fusi\u00f3n: 2130.8\u00b0C<\/p>\n<p>Estructura cristalina: Sistema cristalino hexagonal<\/p>\n<h2><span style=\"font-size: 14pt;\">Aplicaciones<\/span><\/h2>\n<p>Industria de semiconductores: el polvo de siliciuro de titanio se puede utilizar como materiales de puerta e interconexi\u00f3n para mejorar el rendimiento y la estabilidad de los dispositivos semiconductores.<\/p>\n<p>Circuitos integrados: el polvo de siliciuro de titanio se puede utilizar para hacer una capa de barrera de difusi\u00f3n para evitar la difusi\u00f3n de impurezas y garantizar la confiabilidad de los circuitos integrados.<\/p>\n<p>C\u00e9lulas solares: Como material de electrodo, puede mejorar la eficiencia de conversi\u00f3n fotoel\u00e9ctrica de las c\u00e9lulas solares.<\/p>\n<p>Materiales estructurales de alta temperatura: Con su alto punto de fusi\u00f3n y alta resistencia, se puede utilizar para fabricar componentes de alta temperatura en la industria aeroespacial y otros campos.<\/p>\n<h2><span style=\"font-size: 14pt;\">Control de calidad<\/span><\/h2>\n<p><span style=\"color: #0000ff;\"><a style=\"color: #0000ff;\" href=\"https:\/\/vimaterial.de\/en\/quality-control\/\">Nuestros productos<\/a> <\/span>est\u00e1n sujetos a un estricto sistema de gesti\u00f3n de calidad. Desde los materiales entrantes, el procesamiento, la inspecci\u00f3n final hasta la inspecci\u00f3n de f\u00e1brica, existen estrictos est\u00e1ndares de inspecci\u00f3n. Se toman estrictas medidas de aislamiento para el procesamiento no calificado para evitar que los productos no calificados fluyan al siguiente proceso. De acuerdo con los requisitos del cliente, proporcionamos muestras para la reinspecci\u00f3n del cliente.   <\/p>\n<h2><span style=\"font-size: 14pt;\">Embalaje y almacenamiento<\/span><\/h2>\n<p>El polvo de siliciuro de titanio se envasa en una bolsa de vac\u00edo de doble capa o en una botella de vac\u00edo de doble capa con cart\u00f3n exterior.<\/p>\n<p>El polvo de siliciuro de titanio debe almacenarse en un ambiente seco, fresco y bien ventilado, lejos del fuego, el calor y los agentes oxidantes fuertes y otras sustancias, y debe mantenerse en recipientes sellados protegidos por gas inerte para evitar la oxidaci\u00f3n y la humedad.<\/p>\n","protected":false},"excerpt":{"rendered":"<p><span style=\"color: #0000ff;\"><a style=\"color: #0000ff;\" href=\"https:\/\/vimaterial.de\/en\/product\/titanium-silicide-sputtering-target\/\">El polvo de siliciuro de titanio<\/a> <\/span>es un polvo gris con excelente estabilidad a altas temperaturas, resistencia a altas temperaturas y resistencia a la oxidaci\u00f3n para una amplia gama de aplicaciones, incluida la fabricaci\u00f3n de semiconductores de \u00f3xido met\u00e1lico.<\/p>\n","protected":false},"featured_media":1000525,"comment_status":"open","ping_status":"closed","template":"","meta":{"_acf_changed":false},"product_brand":[],"product_cat":[183],"product_tag":[],"class_list":{"0":"post-1011389","1":"product","2":"type-product","3":"status-publish","4":"has-post-thumbnail","6":"product_cat-c-n-b-si-materiales","8":"first","9":"instock","10":"shipping-taxable","11":"product-type-variable"},"acf":[],"_links":{"self":[{"href":"https:\/\/vimaterial.de\/es\/wp-json\/wp\/v2\/product\/1011389","targetHints":{"allow":["GET"]}}],"collection":[{"href":"https:\/\/vimaterial.de\/es\/wp-json\/wp\/v2\/product"}],"about":[{"href":"https:\/\/vimaterial.de\/es\/wp-json\/wp\/v2\/types\/product"}],"replies":[{"embeddable":true,"href":"https:\/\/vimaterial.de\/es\/wp-json\/wp\/v2\/comments?post=1011389"}],"wp:featuredmedia":[{"embeddable":true,"href":"https:\/\/vimaterial.de\/es\/wp-json\/wp\/v2\/media\/1000525"}],"wp:attachment":[{"href":"https:\/\/vimaterial.de\/es\/wp-json\/wp\/v2\/media?parent=1011389"}],"wp:term":[{"taxonomy":"product_brand","embeddable":true,"href":"https:\/\/vimaterial.de\/es\/wp-json\/wp\/v2\/product_brand?post=1011389"},{"taxonomy":"product_cat","embeddable":true,"href":"https:\/\/vimaterial.de\/es\/wp-json\/wp\/v2\/product_cat?post=1011389"},{"taxonomy":"product_tag","embeddable":true,"href":"https:\/\/vimaterial.de\/es\/wp-json\/wp\/v2\/product_tag?post=1011389"}],"curies":[{"name":"wp","href":"https:\/\/api.w.org\/{rel}","templated":true}]}}