{"id":1011291,"date":"2024-06-17T14:24:34","date_gmt":"2024-06-17T06:24:34","guid":{"rendered":"https:\/\/vimaterial.de\/product\/boruro-de-titanio-2\/"},"modified":"2025-04-18T17:33:20","modified_gmt":"2025-04-18T09:33:20","slug":"boruro-de-titanio-2","status":"publish","type":"product","link":"https:\/\/vimaterial.de\/es\/product\/boruro-de-titanio-2\/","title":{"rendered":"Borida de titanio"},"content":{"rendered":"<p>El polvo de <span style=\"color: #0000ff;\"><a style=\"color: #0000ff;\" href=\"https:\/\/vimaterial.de\/es\/product\/boruro-de-titanio\/\">boruro de titanio<\/a><\/span> es un compuesto de titanio y boro, en su mayor\u00eda de color negro o gris-negro, con alta dureza, alto punto de fusi\u00f3n, buena conductividad el\u00e9ctrica y estabilidad qu\u00edmica, y es una materia prima importante para la fabricaci\u00f3n de recubrimientos resistentes al desgaste, herramientas de corte, componentes electr\u00f3nicos y muchas otras \u00e1reas.<\/p>\n<p>VIMATERIAL es una empresa de innovaci\u00f3n en materiales qu\u00edmicos de vanguardia especializada en materiales de alto rendimiento dise\u00f1ados para aplicaciones de ingenier\u00eda avanzadas. Nuestros productos son de alta pureza y calidad, admitimos empaque de lotes peque\u00f1os, MOQ de productos peque\u00f1os, inventario suficiente, personalizaci\u00f3n de soporte y podemos brindar un servicio de encuadernaci\u00f3n objetivo, si tiene alguna necesidad, <span style=\"color: #0000ff;\"><a style=\"color: #0000ff;\" href=\"https:\/\/vimaterial.de\/es\/contacto\/\">cont\u00e1ctenos<\/a><\/span>. <\/p>\n<h2><span style=\"font-size: 14pt;\">Caracter\u00edsticas<\/span><\/h2>\n<p>F\u00f3rmula molecular: TiB\u2082<\/p>\n<p>Peso molecular: alrededor de 69.49<\/p>\n<p>Aspecto: Polvo generalmente negro o gris-negro con brillo met\u00e1lico.<\/p>\n<p>Densidad: alrededor de 4,5 &#8211; 4,52 g\/cm\u00b3.<\/p>\n<p>Punto de fusi\u00f3n: el punto de fusi\u00f3n es muy alto, alrededor de 2980 \u00b0C, en el ambiente de alta temperatura tambi\u00e9n puede mantener una buena estabilidad.<br \/>\nPunto de ebullici\u00f3n: No hay datos claros de punto de ebullici\u00f3n por el momento, en vista de su alto punto de fusi\u00f3n y estabilidad, se supone que el punto de ebullici\u00f3n est\u00e1 en un rango de temperatura muy alto.<br \/>\nEstructura cristalina: Estructura cristalina hexagonal, los \u00e1tomos de titanio y los \u00e1tomos de boro forman cristales de acuerdo con una disposici\u00f3n espec\u00edfica, esta estructura hace que tenga alta dureza y buena estabilidad.<\/p>\n<h2><span style=\"font-size: 14pt;\">Aplicaci\u00f3n<\/span><\/h2>\n<p>Fabricaci\u00f3n de herramientas: En la fabricaci\u00f3n de herramientas, el polvo de boruro de titanio se utiliza para el recubrimiento de herramientas para formar un recubrimiento de alta dureza, resistente al desgaste y t\u00e9rmicamente estable, que mejora el rendimiento de corte de la herramienta, prolonga la vida \u00fatil de la herramienta y mejora la precisi\u00f3n y eficiencia del mecanizado.<\/p>\n<p>Electr\u00f3nica: En la industria electr\u00f3nica, los polvos de boruro de titanio se utilizan en la preparaci\u00f3n de materiales conductores y encapsulantes para componentes electr\u00f3nicos, donde su buena conductividad el\u00e9ctrica y estabilidad qu\u00edmica mejoran el rendimiento de los componentes electr\u00f3nicos y mejoran la confiabilidad de los equipos electr\u00f3nicos.<\/p>\n<p>Aeroespacial: Para aplicaciones aeroespaciales, los polvos de boruro de titanio se pueden utilizar para crear componentes resistentes a altas temperaturas y al desgaste o para formar recubrimientos protectores en sus superficies para ayudarlos a soportar altas temperaturas, corrientes de aire de alta velocidad y desgaste mec\u00e1nico, asegurando que los equipos aeroespaciales funcionen correctamente en entornos extremos.<\/p>\n<p>Industria automotriz: En la industria automotriz, el polvo se utiliza para recubrir componentes clave como motores y transmisiones, lo que mejora significativamente la resistencia al desgaste y la corrosi\u00f3n, reduce el desgaste y mejora el rendimiento y la vida \u00fatil de los autom\u00f3viles.<\/p>\n<h2><span style=\"font-size: 14pt;\">Control de calidad<\/span><\/h2>\n<p><span style=\"color: #0000ff;\"><a style=\"color: #0000ff;\" href=\"https:\/\/vimaterial.de\/es\/control-de-calidad\/\">Nuestros productos<\/a> <\/span>est\u00e1n sujetos a un estricto sistema de gesti\u00f3n de calidad. Desde los materiales entrantes, el procesamiento, la inspecci\u00f3n final hasta la inspecci\u00f3n de f\u00e1brica, existen estrictos est\u00e1ndares de inspecci\u00f3n. Se toman estrictas medidas de aislamiento para el procesamiento no calificado para evitar que los productos no calificados fluyan al siguiente proceso. Las muestras se proporcionan para la reinspecci\u00f3n del cliente de acuerdo con los requisitos del cliente.   <\/p>\n<h2><span style=\"font-size: 14pt;\">Embalaje y almacenamiento<\/span><\/h2>\n<p>El polvo de boruro de titanio se envasa en bolsas de vac\u00edo dobles y luego se empaqueta en cajas, con cajas de cart\u00f3n exteriores.<\/p>\n<p>El polvo de boruro de titanio debe almacenarse en un ambiente seco, fresco y bien ventilado, evitando la humedad, evitando el contacto con sustancias corrosivas como \u00e1cidos y \u00e1lcalis, y evitando la luz fuerte, la vibraci\u00f3n violenta y la alta temperatura, para mantener sus propiedades de alta dureza, alto punto de fusi\u00f3n, buena conductividad el\u00e9ctrica y estabilidad qu\u00edmica.<\/p>\n","protected":false},"excerpt":{"rendered":"<p>El polvo de <span style=\"color: #0000ff;\"><a style=\"color: #0000ff;\" href=\"https:\/\/vimaterial.de\/es\/product\/boruro-de-titanio\/\">boruro de titanio<\/a><\/span> es un compuesto de titanio y boro, en su mayor\u00eda de color negro o gris-negro, con alta dureza, alto punto de fusi\u00f3n, buena conductividad el\u00e9ctrica y estabilidad qu\u00edmica, y es una materia prima importante para la fabricaci\u00f3n de recubrimientos resistentes al desgaste, herramientas de corte, componentes electr\u00f3nicos y muchas otras \u00e1reas.<\/p>\n","protected":false},"featured_media":1000581,"comment_status":"open","ping_status":"closed","template":"","meta":{"_acf_changed":false},"product_brand":[],"product_cat":[183],"product_tag":[],"class_list":{"0":"post-1011291","1":"product","2":"type-product","3":"status-publish","4":"has-post-thumbnail","6":"product_cat-c-n-b-si-materiales","8":"first","9":"instock","10":"shipping-taxable","11":"purchasable","12":"product-type-variable"},"acf":[],"_links":{"self":[{"href":"https:\/\/vimaterial.de\/es\/wp-json\/wp\/v2\/product\/1011291","targetHints":{"allow":["GET"]}}],"collection":[{"href":"https:\/\/vimaterial.de\/es\/wp-json\/wp\/v2\/product"}],"about":[{"href":"https:\/\/vimaterial.de\/es\/wp-json\/wp\/v2\/types\/product"}],"replies":[{"embeddable":true,"href":"https:\/\/vimaterial.de\/es\/wp-json\/wp\/v2\/comments?post=1011291"}],"wp:featuredmedia":[{"embeddable":true,"href":"https:\/\/vimaterial.de\/es\/wp-json\/wp\/v2\/media\/1000581"}],"wp:attachment":[{"href":"https:\/\/vimaterial.de\/es\/wp-json\/wp\/v2\/media?parent=1011291"}],"wp:term":[{"taxonomy":"product_brand","embeddable":true,"href":"https:\/\/vimaterial.de\/es\/wp-json\/wp\/v2\/product_brand?post=1011291"},{"taxonomy":"product_cat","embeddable":true,"href":"https:\/\/vimaterial.de\/es\/wp-json\/wp\/v2\/product_cat?post=1011291"},{"taxonomy":"product_tag","embeddable":true,"href":"https:\/\/vimaterial.de\/es\/wp-json\/wp\/v2\/product_tag?post=1011291"}],"curies":[{"name":"wp","href":"https:\/\/api.w.org\/{rel}","templated":true}]}}