{"id":1011122,"date":"2024-06-17T14:11:33","date_gmt":"2024-06-17T06:11:33","guid":{"rendered":"https:\/\/vimaterial.de\/product\/silicio-2\/"},"modified":"2024-12-17T14:32:54","modified_gmt":"2024-12-17T06:32:54","slug":"silicio-2","status":"publish","type":"product","link":"https:\/\/vimaterial.de\/es\/product\/silicio-2\/","title":{"rendered":"Silicio"},"content":{"rendered":"<p>Las obleas de silicio son particularmente \u00fatiles en la fabricaci\u00f3n de circuitos electr\u00f3nicos como sustratos para chips. El silicio ocupa el s\u00e9ptimo lugar como el elemento m\u00e1s com\u00fan en todo el universo y el segundo elemento m\u00e1s com\u00fan en la Tierra. El silicio es actualmente el semiconductor m\u00e1s utilizado en la tecnolog\u00eda de semiconductores. Las obleas de silicio vienen en una variedad de formas y tama\u00f1os, dependiendo de su prop\u00f3sito. Las obleas van desde 2 pulgadas hasta 12 pulgadas, siendo las de 6 pulgadas, 8 pulgadas y 12 pulgadas las m\u00e1s comunes. VIMATERIAL puede proporcionar obleas de silicio monocristalino de alta calidad de diversas especificaciones, as\u00ed como servicios de procesamiento y personalizaci\u00f3n de obleas de silicio monocristalino.  <\/p>\n<ul>\n<li>M\u00e9todo de crecimiento: CZ, FZ, etc.<\/li>\n<li>Tama\u00f1o: 2&#8243;, 3&#8243;, 4&#8243;, 5&#8243;, 6&#8243;, 8&#8243;, 12&#8243; y di\u00e1metros especiales no est\u00e1ndar y obleas de silicio de formas especiales;<\/li>\n<li>Superficie: pulido simple, pulido doble, esmerilado, etc.;<\/li>\n<li>Orientaci\u00f3n:  &lt;100&gt;,  &lt;111&gt;,  &lt;110&gt;  \u00e1ngulo de orientaci\u00f3n y deflexi\u00f3n y orientaci\u00f3n especial;<\/li>\n<li>Espesor: 50um-2mm, etc., espesor de uso com\u00fan: 200um\/500um\/1mm<\/li>\n<li>Tipo conductor: tipo N, tipo P, semiaislante intr\u00ednseco;<\/li>\n<li>Resistividad: muy dopado &lt;0,001\u03a9.cm, ligeramente dopado 1~100\u03a9.cm, no dopado &gt;1000~&gt;20000\u03a9.cm;<\/li>\n<\/ul>\n<h2><span style=\"font-size: 14pt;\">Proceso de fabricaci\u00f3n de obleas de silicio:<\/span><\/h2>\n<p>Silicio (por reducci\u00f3n)&#8211;&gt;Silicio met\u00e1lico (a trav\u00e9s de la purificaci\u00f3n) &#8211;&gt;Silicio policristalino (a trav\u00e9s de calentamiento y fusi\u00f3n en un crisol) &#8211;&gt;Silicio fundido (a trav\u00e9s del m\u00e9todo de Czochralski)&gt;Varilla de silicio monocristalino (a trav\u00e9s de corte con cuchilla de alambre) &#8211;&gt;Oblea de silicio (a trav\u00e9s de molienda mec\u00e1nica qu\u00edmica) &#8211;&gt;Oblea pulida (a trav\u00e9s de tratamiento t\u00e9rmico) &#8211;&gt;Oblea recocida (a trav\u00e9s del crecimiento epitaxial) &#8211;&gt;Oblea epitaxial (a trav\u00e9s de una variedad de procesos):&gt;Fabricaci\u00f3n de diversos circuitos integrados o dispositivos discretos<\/p>\n","protected":false},"excerpt":{"rendered":"<p>Las obleas de silicio son particularmente \u00fatiles en la fabricaci\u00f3n de circuitos electr\u00f3nicos como sustratos para chips. El silicio ocupa el s\u00e9ptimo lugar como el elemento m\u00e1s com\u00fan en todo el universo y el segundo elemento m\u00e1s com\u00fan en la Tierra. El silicio es actualmente el semiconductor m\u00e1s utilizado en la tecnolog\u00eda de semiconductores. Las [&hellip;]<\/p>\n","protected":false},"featured_media":999698,"comment_status":"open","ping_status":"closed","template":"","meta":{"_acf_changed":false},"product_brand":[],"product_cat":[179],"product_tag":[],"class_list":{"0":"post-1011122","1":"product","2":"type-product","3":"status-publish","4":"has-post-thumbnail","6":"product_cat-materiales-de-evaporacion","8":"first","9":"instock","10":"shipping-taxable","11":"product-type-variable"},"acf":[],"_links":{"self":[{"href":"https:\/\/vimaterial.de\/es\/wp-json\/wp\/v2\/product\/1011122","targetHints":{"allow":["GET"]}}],"collection":[{"href":"https:\/\/vimaterial.de\/es\/wp-json\/wp\/v2\/product"}],"about":[{"href":"https:\/\/vimaterial.de\/es\/wp-json\/wp\/v2\/types\/product"}],"replies":[{"embeddable":true,"href":"https:\/\/vimaterial.de\/es\/wp-json\/wp\/v2\/comments?post=1011122"}],"wp:featuredmedia":[{"embeddable":true,"href":"https:\/\/vimaterial.de\/es\/wp-json\/wp\/v2\/media\/999698"}],"wp:attachment":[{"href":"https:\/\/vimaterial.de\/es\/wp-json\/wp\/v2\/media?parent=1011122"}],"wp:term":[{"taxonomy":"product_brand","embeddable":true,"href":"https:\/\/vimaterial.de\/es\/wp-json\/wp\/v2\/product_brand?post=1011122"},{"taxonomy":"product_cat","embeddable":true,"href":"https:\/\/vimaterial.de\/es\/wp-json\/wp\/v2\/product_cat?post=1011122"},{"taxonomy":"product_tag","embeddable":true,"href":"https:\/\/vimaterial.de\/es\/wp-json\/wp\/v2\/product_tag?post=1011122"}],"curies":[{"name":"wp","href":"https:\/\/api.w.org\/{rel}","templated":true}]}}