{"id":1011023,"date":"2024-06-17T14:11:34","date_gmt":"2024-06-17T06:11:34","guid":{"rendered":"https:\/\/vimaterial.de\/product\/nitruro-de-silicio-2\/"},"modified":"2024-12-17T16:29:12","modified_gmt":"2024-12-17T08:29:12","slug":"nitruro-de-silicio-2","status":"publish","type":"product","link":"https:\/\/vimaterial.de\/es\/product\/nitruro-de-silicio-2\/","title":{"rendered":"Nitruro de silicio"},"content":{"rendered":"<p>El nitruro de silicio (Si3N4) es un material cer\u00e1mico con alta dureza, estructura estable, peque\u00f1o coeficiente de expansi\u00f3n t\u00e9rmica, excelente resistencia a la oxidaci\u00f3n y a la corrosi\u00f3n, y excelentes propiedades t\u00e9rmicas y qu\u00edmicas. Nuestro nitruro de silicio (Si3N4) tiene las caracter\u00edsticas de alta pureza, alto contenido de nitr\u00f3geno, distribuci\u00f3n de tama\u00f1o de part\u00edcula estrecha y alta actividad de sinterizaci\u00f3n. Puede ser ampliamente utilizado en muchos campos, como cer\u00e1mica estructural de alta tecnolog\u00eda, diversos materiales resistentes al desgaste, materiales refractarios, etc. VIMATERIAL tambi\u00e9n proporciona <span style=\"color: #0000ff;\"><a style=\"color: #0000ff;\" href=\"https:\/\/vimaterial.de\/en\/product\/silicon-nitride-2\/\">polvo de nitruro de silicio<\/a><\/span> y <span style=\"color: #0000ff;\"><a style=\"color: #0000ff;\" href=\"https:\/\/vimaterial.de\/en\/product\/silicon-nitride-sputtering-target\/\">objetivos de nitruro de silicio<\/a><\/span>.<\/p>\n<h2><span style=\"font-size: 14pt;\">Caracter\u00edsticas:<\/span><\/h2>\n<p>F\u00f3rmula qu\u00edmica: Si3N4 Color: blanco gris\u00e1ceo Cristal: \u03b1 amorfo fase \u03b2 fase Punto de fusi\u00f3n: 1900 \u00b0C Conductividad t\u00e9rmica: 25 W \/ m.K Densidad: 3,2 g \/ cm3 Resistividad: 1011 ~ 1012\u03a9.cm Dureza de Mohs: 9 Tama\u00f1o de part\u00edcula: 1 mm &#8211; 4 mm \/ 3 mm &#8211; 6 mm Pureza: 99,5%, 99,9% (el tama\u00f1o de part\u00edcula, las especificaciones de pureza, etc. se pueden personalizar seg\u00fan sea necesario)<\/p>\n<h2><span style=\"font-size: 14pt;\">Funciones:<\/span><\/h2>\n<p>El producto tiene alta pureza, tama\u00f1o de part\u00edcula peque\u00f1o, distribuci\u00f3n uniforme, gran \u00e1rea de superficie espec\u00edfica, alta actividad superficial y baja densidad aparente; La reflectividad ultravioleta est\u00e1 por encima del 95% y la tasa de absorci\u00f3n de la banda infrarroja est\u00e1 por encima del 97%, con buena resistencia a la corrosi\u00f3n qu\u00edmica, fuerte rendimiento de lubricaci\u00f3n, alta dureza y bajo coeficiente de fricci\u00f3n por deslizamiento.<\/p>\n<h2><span style=\"font-size: 14pt;\">Aplicaciones:<\/span><\/h2>\n<p>Fabricaci\u00f3n de componentes estructurales: como bolas y rodillos de rodamientos, cojinetes deslizantes, manguitos, v\u00e1lvulas y componentes estructurales con requisitos de resistencia al desgaste, resistencia a altas temperaturas y resistencia a la corrosi\u00f3n en metalurgia, industria qu\u00edmica, maquinaria, aviaci\u00f3n, industrias aeroespaciales y energ\u00e9ticas, y boquillas; Tratamiento superficial de metales y otros materiales: como aleaciones como moldes, herramientas de corte, \u00e1labes de turbinas, rotores de turbinas y revestimientos de paredes internas de cilindros; Materiales compuestos: como materiales compuestos a base de metal, cer\u00e1mica y grafito, caucho, pl\u00e1stico, recubrimientos, adhesivos y otros materiales compuestos a base de pol\u00edmeros; Pel\u00edculas de nanopart\u00edculas autolubricantes resistentes al desgaste, utilizadas para la protecci\u00f3n de superficies de tel\u00e9fonos m\u00f3viles, autom\u00f3viles, etc., recubrimientos resistentes al desgaste, aditivos de pintura electrofor\u00e9tica y alta resistencia al desgaste. Desmoldeante de crisol de cuarzo.<\/p>\n<h2><span style=\"font-size: 14pt;\">Almacenamiento:<\/span><\/h2>\n<p>El nitruro de silicio (Si3N4) debe sellarse y almacenarse en un ambiente seco y fresco. No debe exponerse al aire durante mucho tiempo para evitar que la humedad se aglomere, lo que afectar\u00e1 el rendimiento de la dispersi\u00f3n y el efecto de uso. Adem\u00e1s, debe evitar la fuerte presi\u00f3n y el contacto con oxidantes. Debe transportarse como mercanc\u00eda ordinaria.   <\/p>\n","protected":false},"excerpt":{"rendered":"<p>El nitruro de silicio (Si3N4) es un material cer\u00e1mico con alta dureza, estructura estable, peque\u00f1o coeficiente de expansi\u00f3n t\u00e9rmica, excelente resistencia a la oxidaci\u00f3n y a la corrosi\u00f3n, y excelentes propiedades t\u00e9rmicas y qu\u00edmicas. Nuestro nitruro de silicio (Si3N4) tiene las caracter\u00edsticas de alta pureza, alto contenido de nitr\u00f3geno, distribuci\u00f3n de tama\u00f1o de part\u00edcula estrecha [&hellip;]<\/p>\n","protected":false},"featured_media":999709,"comment_status":"open","ping_status":"closed","template":"","meta":{"_acf_changed":false},"product_brand":[],"product_cat":[179],"product_tag":[],"class_list":{"0":"post-1011023","1":"product","2":"type-product","3":"status-publish","4":"has-post-thumbnail","6":"product_cat-materiales-de-evaporacion","8":"first","9":"instock","10":"shipping-taxable","11":"product-type-variable"},"acf":[],"_links":{"self":[{"href":"https:\/\/vimaterial.de\/es\/wp-json\/wp\/v2\/product\/1011023","targetHints":{"allow":["GET"]}}],"collection":[{"href":"https:\/\/vimaterial.de\/es\/wp-json\/wp\/v2\/product"}],"about":[{"href":"https:\/\/vimaterial.de\/es\/wp-json\/wp\/v2\/types\/product"}],"replies":[{"embeddable":true,"href":"https:\/\/vimaterial.de\/es\/wp-json\/wp\/v2\/comments?post=1011023"}],"wp:featuredmedia":[{"embeddable":true,"href":"https:\/\/vimaterial.de\/es\/wp-json\/wp\/v2\/media\/999709"}],"wp:attachment":[{"href":"https:\/\/vimaterial.de\/es\/wp-json\/wp\/v2\/media?parent=1011023"}],"wp:term":[{"taxonomy":"product_brand","embeddable":true,"href":"https:\/\/vimaterial.de\/es\/wp-json\/wp\/v2\/product_brand?post=1011023"},{"taxonomy":"product_cat","embeddable":true,"href":"https:\/\/vimaterial.de\/es\/wp-json\/wp\/v2\/product_cat?post=1011023"},{"taxonomy":"product_tag","embeddable":true,"href":"https:\/\/vimaterial.de\/es\/wp-json\/wp\/v2\/product_tag?post=1011023"}],"curies":[{"name":"wp","href":"https:\/\/api.w.org\/{rel}","templated":true}]}}