{"id":1010944,"date":"2024-06-17T14:12:39","date_gmt":"2024-06-17T06:12:39","guid":{"rendered":"https:\/\/vimaterial.de\/product\/aleacion-de-aluminio-y-silicio-4\/"},"modified":"2024-12-19T15:09:36","modified_gmt":"2024-12-19T07:09:36","slug":"aleacion-de-aluminio-y-silicio-4","status":"publish","type":"product","link":"https:\/\/vimaterial.de\/es\/product\/aleacion-de-aluminio-y-silicio-4\/","title":{"rendered":"Aleaci\u00f3n de silicio y aluminio"},"content":{"rendered":"<p>El objetivo de aleaci\u00f3n de aluminio y silicio es un metal con alto punto de fusi\u00f3n, alta conductividad t\u00e9rmica, alta ductilidad y resistencia a la corrosi\u00f3n, y tiene buenas caracter\u00edsticas de fusi\u00f3n y formaci\u00f3n. Debido a su alta conductividad t\u00e9rmica y resistencia a la corrosi\u00f3n, tiene buenas perspectivas de aplicaci\u00f3n en ingenier\u00eda electr\u00f3nica y mec\u00e1nica, as\u00ed como en los campos de la medicina l\u00e1ser. Los objetivos de aleaci\u00f3n de aluminio y silicio se pueden utilizar para soldadura l\u00e1ser, fabricaci\u00f3n aditiva y otros fines. VIMATERIAL utiliza aluminio y silicio de alta pureza como materias primas. Despu\u00e9s de la molienda fina, la mezcla y la alta temperatura y alta presi\u00f3n, se obtienen objetivos de aleaci\u00f3n de aluminio y silicio. Los productos tienen las ventajas de una amplia gama de relaciones de composici\u00f3n (el contenido de aluminio es de 10at %~99at%), alta pureza y densidad, granos finos y uniformes y larga vida \u00fatil.  <\/p>\n<h2><span style=\"font-size: 14pt;\">Caracter\u00edsticas de la aleaci\u00f3n de aluminio y silicio:<\/span><\/h2>\n<p>F\u00f3rmula molecular: AISi Densidad: 2,6 ~ 2,7 g \/ cm3 Conductividad t\u00e9rmica: 101 ~ 126W \/ (m \u00b7 \u00b0C) M\u00f3dulo de Young: 71.0GPa Valor de impacto: 7 ~ 8.5J L\u00edmite de fatiga: \u00b145MPa. Pureza: 99.9%, 99.95%, 99.99% Forma: objetivo plano, objetivo giratorio, objetivo de forma especial Tama\u00f1o: procesado de acuerdo con dibujos o personalizado por otros Tambi\u00e9n podemos proporcionar bloques de aleaci\u00f3n de aluminio y silicio, lingotes de aleaci\u00f3n de aluminio y silicio, polvo de aleaci\u00f3n de aluminio y silicio, etc.<\/p>\n<h2><span style=\"font-size: 14pt;\">Caracter\u00edsticas de los objetivos de aleaci\u00f3n de aluminio y silicio<\/span><\/h2>\n<p>Los objetivos de aleaci\u00f3n de aluminio y silicio tienen buena resistencia a la corrosi\u00f3n, alta dureza a la tracci\u00f3n, alto punto de fusi\u00f3n, buena resistencia a la fluencia y resistividad, resistencia al calor y resistencia al impacto. Adem\u00e1s, tambi\u00e9n tiene un buen rendimiento a altas temperaturas, puede soportar puntos de fusi\u00f3n m\u00e1s altos y resistencia al calor a m\u00e1s de 1200 \u00b0C. <\/p>\n<h2><span style=\"font-size: 14pt;\">Aplicaci\u00f3n de objetivos de <\/span><span style=\"font-size: 14pt;\">aleaci\u00f3n<\/span> de <span style=\"font-size: 14pt;\">aluminio y silicio <\/span><\/h2>\n<p><strong>Campo de los semiconductores<\/strong>: En la industria de los semiconductores, los objetivos de silicio y aluminio se utilizan como materiales para la fabricaci\u00f3n de circuitos integrados. Al evaporar los objetivos de silicio de aluminio en la superficie de las obleas, se pueden formar capas de compuesto de silicio y aluminio para la fabricaci\u00f3n de dispositivos semiconductores de tipo p y tipo n. Adem\u00e1s, los objetivos de silicio de aluminio tambi\u00e9n se pueden usar para generar recubrimientos de nitruro de aluminio para mejorar el rendimiento y la confiabilidad de los circuitos integrados. <strong> Campo qu\u00edmico <\/strong>: En el campo qu\u00edmico, los objetivos de silicio y aluminio se utilizan para fabricar condensadores electrol\u00edticos. Los objetivos de silicio y aluminio de alto rendimiento son materias primas importantes para la fabricaci\u00f3n de condensadores electrol\u00edticos, lo que puede mejorar la seguridad, la confiabilidad y el rendimiento de la capacitancia de los condensadores electrol\u00edticos. <strong> Campo aeroespacial<\/strong>: Los objetivos de aleaci\u00f3n de aluminio y silicio tambi\u00e9n se utilizan ampliamente en el campo aeroespacial, principalmente para fabricar materiales de recubrimiento anticorrosi\u00f3n para sat\u00e9lites y cohetes. Puede mejorar la resistencia a la corrosi\u00f3n y la resistencia al calor de los equipos en entornos de temperatura ultra alta. <strong> Materiales de embalaje electr\u00f3nico<\/strong>: Los objetivos de aleaci\u00f3n de silicio y aluminio se utilizan para preparar varios materiales de aleaci\u00f3n de alta pureza, como materiales de embalaje electr\u00f3nico y marcos de cables de circuitos integrados. Adem\u00e1s, tambi\u00e9n es ampliamente utilizado en la industria de recubrimiento de vidrio de gran superficie, vidrio de baja emisividad y baja radiaci\u00f3n, vidrio antiara\u00f1azos y antirreflejo, vidrio de pantalla plana, \u00f3ptica, comunicaciones \u00f3pticas e industrias de almacenamiento \u00f3ptico.  <\/p>\n","protected":false},"excerpt":{"rendered":"<p>El objetivo de aleaci\u00f3n de aluminio y silicio es un metal con alto punto de fusi\u00f3n, alta conductividad t\u00e9rmica, alta ductilidad y resistencia a la corrosi\u00f3n, y tiene buenas caracter\u00edsticas de fusi\u00f3n y formaci\u00f3n. Debido a su alta conductividad t\u00e9rmica y resistencia a la corrosi\u00f3n, tiene buenas perspectivas de aplicaci\u00f3n en ingenier\u00eda electr\u00f3nica y mec\u00e1nica, [&hellip;]<\/p>\n","protected":false},"featured_media":1040511,"comment_status":"open","ping_status":"closed","template":"","meta":{"_acf_changed":false},"product_brand":[],"product_cat":[178],"product_tag":[],"class_list":{"0":"post-1010944","1":"product","2":"type-product","3":"status-publish","4":"has-post-thumbnail","6":"product_cat-catodos-para-sputtering-planar","8":"first","9":"instock","10":"shipping-taxable","11":"purchasable","12":"product-type-variable"},"acf":[],"_links":{"self":[{"href":"https:\/\/vimaterial.de\/es\/wp-json\/wp\/v2\/product\/1010944","targetHints":{"allow":["GET"]}}],"collection":[{"href":"https:\/\/vimaterial.de\/es\/wp-json\/wp\/v2\/product"}],"about":[{"href":"https:\/\/vimaterial.de\/es\/wp-json\/wp\/v2\/types\/product"}],"replies":[{"embeddable":true,"href":"https:\/\/vimaterial.de\/es\/wp-json\/wp\/v2\/comments?post=1010944"}],"wp:featuredmedia":[{"embeddable":true,"href":"https:\/\/vimaterial.de\/es\/wp-json\/wp\/v2\/media\/1040511"}],"wp:attachment":[{"href":"https:\/\/vimaterial.de\/es\/wp-json\/wp\/v2\/media?parent=1010944"}],"wp:term":[{"taxonomy":"product_brand","embeddable":true,"href":"https:\/\/vimaterial.de\/es\/wp-json\/wp\/v2\/product_brand?post=1010944"},{"taxonomy":"product_cat","embeddable":true,"href":"https:\/\/vimaterial.de\/es\/wp-json\/wp\/v2\/product_cat?post=1010944"},{"taxonomy":"product_tag","embeddable":true,"href":"https:\/\/vimaterial.de\/es\/wp-json\/wp\/v2\/product_tag?post=1010944"}],"curies":[{"name":"wp","href":"https:\/\/api.w.org\/{rel}","templated":true}]}}