{"id":1010895,"date":"2024-06-17T14:12:40","date_gmt":"2024-06-17T06:12:40","guid":{"rendered":"https:\/\/vimaterial.de\/product\/tetraboruro-de-silicio\/"},"modified":"2024-12-19T15:42:39","modified_gmt":"2024-12-19T07:42:39","slug":"tetraboruro-de-silicio","status":"publish","type":"product","link":"https:\/\/vimaterial.de\/es\/product\/tetraboruro-de-silicio\/","title":{"rendered":"Tetraboruro de silicio"},"content":{"rendered":"<p>El tetraborato de silicio es un compuesto inorg\u00e1nico con la f\u00f3rmula qu\u00edmica SiB4, que tiene las caracter\u00edsticas de alta dureza y resistencia a altas temperaturas.El tetraborido de silicio es el segundo despu\u00e9s del diamante en dureza, lo que hace que tenga un importante valor de aplicaci\u00f3n en la industria. <\/p>\n<h2><span style=\"font-size: 14pt;\">Propiedades<\/span><\/h2>\n<p>F\u00f3rmula qu\u00edmica: SiB\u2084 Color: s\u00f3lido refractario gris Densidad: 2,34 g\/cm\u00b3 Punto de fusi\u00f3n: 1870 \u00b0C Dureza: equivalente al carburo de boro, solo superado por el diamante (material extremadamente duro) El tetraborido de silicio es estable a alta temperatura, insoluble en agua y tiene las caracter\u00edsticas de resistencia a la oxidaci\u00f3n, resistencia al choque t\u00e9rmico y resistencia a la corrosi\u00f3n qu\u00edmica, especialmente alta resistencia y estabilidad bajo choque t\u00e9rmico. Estas caracter\u00edsticas hacen que funcione bien en entornos de alta temperatura.<\/p>\n<h2><span style=\"font-size: 14pt;\">Producci\u00f3n<\/span><\/h2>\n<p>El tetraborido de silicio generalmente se sintetiza por los siguientes m\u00e9todos: Reacci\u00f3n directa de silicio elemental y boro a alta temperatura. Reducci\u00f3n carbot\u00e9rmica de \u00f3xido de boro y di\u00f3xido de silicio en presencia de carbono.<\/p>\n<h2><span style=\"font-size: 14pt;\">Aplicaci\u00f3n<\/span><\/h2>\n<h3><span style=\"font-size: 12pt;\">En componentes electr\u00f3nicos<\/span><\/h3>\n<p>El boruro de silicio es un material com\u00fanmente utilizado en componentes electr\u00f3nicos y se puede utilizar para fabricar dispositivos como diodos y transistores. El boruro de silicio tiene las ventajas de estabilidad a alta temperatura, alta dureza, resistencia a la corrosi\u00f3n, bajo coeficiente de expansi\u00f3n t\u00e9rmica, etc., y tiene un buen rendimiento en entornos de alta temperatura y alta presi\u00f3n. Por lo tanto, el boruro de silicio es ampliamente utilizado en la aviaci\u00f3n, los semiconductores, la energ\u00eda y otros campos.  <\/p>\n<h3><span style=\"font-size: 12pt;\">En metalurgia<\/span><\/h3>\n<p>El boruro de silicio se puede utilizar como aditivo en la metalurgia de tierras raras, la fundici\u00f3n de aleaciones especiales y la fabricaci\u00f3n de cer\u00e1mica. El boruro de silicio puede formar boruros con metales, lo que puede mejorar la dureza y la resistencia de la aleaci\u00f3n, y reducir el coeficiente de expansi\u00f3n de la aleaci\u00f3n, lo que hace que sea menos probable que el material se deforme. <\/p>\n<h3><span style=\"font-size: 12pt;\">En cer\u00e1mica<\/span><\/h3>\n<p>El boruro de silicio es un material cer\u00e1mico de alta calidad y se utiliza ampliamente en la fabricaci\u00f3n de cer\u00e1mica. Las cer\u00e1micas de boruro de silicio tienen buena resistencia a la corrosi\u00f3n, estabilidad a altas temperaturas, alta dureza y baja densidad. Las cer\u00e1micas de boruro de silicio se pueden utilizar en la aviaci\u00f3n, la industria qu\u00edmica, la energ\u00eda, la maquinaria y otros campos, como las palas de los motores de los aviones, los materiales aislantes para hornos de vac\u00edo, las piezas mec\u00e1nicas, etc.  <\/p>\n","protected":false},"excerpt":{"rendered":"<p>El tetraborato de silicio es un compuesto inorg\u00e1nico con la f\u00f3rmula qu\u00edmica SiB4, que tiene las caracter\u00edsticas de alta dureza y resistencia a altas temperaturas.El tetraborido de silicio es el segundo despu\u00e9s del diamante en dureza, lo que hace que tenga un importante valor de aplicaci\u00f3n en la industria. Propiedades F\u00f3rmula qu\u00edmica: SiB\u2084 Color: s\u00f3lido [&hellip;]<\/p>\n","protected":false},"featured_media":999775,"comment_status":"open","ping_status":"closed","template":"","meta":{"_acf_changed":false},"product_brand":[],"product_cat":[183],"product_tag":[],"class_list":{"0":"post-1010895","1":"product","2":"type-product","3":"status-publish","4":"has-post-thumbnail","6":"product_cat-c-n-b-si-materiales","8":"first","9":"instock","10":"shipping-taxable","11":"product-type-variable"},"acf":[],"_links":{"self":[{"href":"https:\/\/vimaterial.de\/es\/wp-json\/wp\/v2\/product\/1010895","targetHints":{"allow":["GET"]}}],"collection":[{"href":"https:\/\/vimaterial.de\/es\/wp-json\/wp\/v2\/product"}],"about":[{"href":"https:\/\/vimaterial.de\/es\/wp-json\/wp\/v2\/types\/product"}],"replies":[{"embeddable":true,"href":"https:\/\/vimaterial.de\/es\/wp-json\/wp\/v2\/comments?post=1010895"}],"wp:featuredmedia":[{"embeddable":true,"href":"https:\/\/vimaterial.de\/es\/wp-json\/wp\/v2\/media\/999775"}],"wp:attachment":[{"href":"https:\/\/vimaterial.de\/es\/wp-json\/wp\/v2\/media?parent=1010895"}],"wp:term":[{"taxonomy":"product_brand","embeddable":true,"href":"https:\/\/vimaterial.de\/es\/wp-json\/wp\/v2\/product_brand?post=1010895"},{"taxonomy":"product_cat","embeddable":true,"href":"https:\/\/vimaterial.de\/es\/wp-json\/wp\/v2\/product_cat?post=1010895"},{"taxonomy":"product_tag","embeddable":true,"href":"https:\/\/vimaterial.de\/es\/wp-json\/wp\/v2\/product_tag?post=1010895"}],"curies":[{"name":"wp","href":"https:\/\/api.w.org\/{rel}","templated":true}]}}