{"id":1010867,"date":"2024-06-17T14:12:44","date_gmt":"2024-06-17T06:12:44","guid":{"rendered":"https:\/\/vimaterial.de\/product\/hexaboruro-de-silicio\/"},"modified":"2024-12-19T16:01:11","modified_gmt":"2024-12-19T08:01:11","slug":"hexaboruro-de-silicio","status":"publish","type":"product","link":"https:\/\/vimaterial.de\/es\/product\/hexaboruro-de-silicio\/","title":{"rendered":"Hexaboruro de silicio"},"content":{"rendered":"<p>El hexaboruro de silicio (SiB\u2086) es otro boruro de silicio insoluble en agua, resistente a la oxidaci\u00f3n, al choque t\u00e9rmico y a la erosi\u00f3n qu\u00edmica. Tiene alta resistencia y estabilidad bajo choque t\u00e9rmico, y tiene una mayor eficiencia de molienda que el carburo de boro y mayor que el carburo de silicio. VIMATERIAL tambi\u00e9n proporciona <span style=\"color: #0000ff;\"><a style=\"color: #0000ff;\" href=\"https:\/\/vimaterial.de\/en\/product\/silicon-tetraboride\/\">tetraborida de silicio (SiB<sub>4<\/sub>).<\/a><\/span> <\/p>\n<h2><span style=\"font-size: 14pt;\">Propiedades del hexaboruro de silicio<\/span><\/h2>\n<p>F\u00f3rmula qu\u00edmica: SiB<sub>6<\/sub><\/p>\n<p>Color: polvo gris negro Densidad: 3,0 g\/cm\u00b3 Punto de fusi\u00f3n: 2200 \u00b0C Insoluble en agua, resistente a la oxidaci\u00f3n, al choque t\u00e9rmico y a la corrosi\u00f3n qu\u00edmica, especialmente con alta resistencia y estabilidad bajo choque t\u00e9rmico; La eficiencia de molienda es mayor que la del carburo de boro.<\/p>\n<h2><span style=\"font-size: 14pt;\">Caracter\u00edsticas del hexaboruro de silicio<\/span><\/h2>\n<p>Alta transparencia, bajo coeficiente de expansi\u00f3n t\u00e9rmica, buena estabilidad qu\u00edmica, excelente resistencia al choque t\u00e9rmico y resistencia a la corrosi\u00f3n, as\u00ed como buena resistencia mec\u00e1nica y propiedades de aislamiento el\u00e9ctrico, antioxidaci\u00f3n, antichoque t\u00e9rmico, erosi\u00f3n antiqu\u00edmica.<\/p>\n<h2><span style=\"font-size: 14pt;\">Aplicaci\u00f3n de hexaboruro de silicio<\/span><\/h2>\n<h3><span style=\"font-size: 12pt;\">En componentes electr\u00f3nicos<\/span><\/h3>\n<p>El boruro de silicio es un material com\u00fanmente utilizado en componentes electr\u00f3nicos y se puede utilizar para fabricar dispositivos como diodos y transistores. El boruro de silicio tiene las ventajas de estabilidad a alta temperatura, alta dureza, resistencia a la corrosi\u00f3n, bajo coeficiente de expansi\u00f3n t\u00e9rmica, etc., y tiene un buen rendimiento en entornos de alta temperatura y alta presi\u00f3n. Por lo tanto, el boruro de silicio es ampliamente utilizado en la aviaci\u00f3n, los semiconductores, la energ\u00eda y otros campos.  <\/p>\n<h3><span style=\"font-size: 12pt;\">En metalurgia<\/span><\/h3>\n<p>El boruro de silicio se puede utilizar como aditivo en la metalurgia de tierras raras, la fundici\u00f3n de aleaciones especiales y la fabricaci\u00f3n de cer\u00e1mica. El boruro de silicio puede formar boruros con metales, lo que puede mejorar la dureza y la resistencia de la aleaci\u00f3n, y reducir el coeficiente de expansi\u00f3n de la aleaci\u00f3n, lo que hace que sea menos probable que el material se deforme. <\/p>\n<h3><span style=\"font-size: 12pt;\">En cer\u00e1mica<\/span><\/h3>\n<p>El boruro de silicio es un material cer\u00e1mico de alta calidad y se utiliza ampliamente en la fabricaci\u00f3n de cer\u00e1mica. Las cer\u00e1micas de boruro de silicio tienen buena resistencia a la corrosi\u00f3n, estabilidad a altas temperaturas, alta dureza y baja densidad. Las cer\u00e1micas de boruro de silicio se pueden utilizar en la aviaci\u00f3n, la industria qu\u00edmica, la energ\u00eda, la maquinaria y otros campos, como las palas de los motores de los aviones, los materiales aislantes para hornos de vac\u00edo, las piezas mec\u00e1nicas, etc.  <\/p>\n","protected":false},"excerpt":{"rendered":"<p>El hexaboruro de silicio (SiB\u2086) es otro boruro de silicio insoluble en agua, resistente a la oxidaci\u00f3n, al choque t\u00e9rmico y a la erosi\u00f3n qu\u00edmica. Tiene alta resistencia y estabilidad bajo choque t\u00e9rmico, y tiene una mayor eficiencia de molienda que el carburo de boro y mayor que el carburo de silicio. VIMATERIAL tambi\u00e9n proporciona [&hellip;]<\/p>\n","protected":false},"featured_media":999782,"comment_status":"open","ping_status":"closed","template":"","meta":{"_acf_changed":false},"product_brand":[],"product_cat":[183],"product_tag":[],"class_list":{"0":"post-1010867","1":"product","2":"type-product","3":"status-publish","4":"has-post-thumbnail","6":"product_cat-c-n-b-si-materiales","8":"first","9":"instock","10":"shipping-taxable","11":"purchasable","12":"product-type-variable"},"acf":[],"_links":{"self":[{"href":"https:\/\/vimaterial.de\/es\/wp-json\/wp\/v2\/product\/1010867","targetHints":{"allow":["GET"]}}],"collection":[{"href":"https:\/\/vimaterial.de\/es\/wp-json\/wp\/v2\/product"}],"about":[{"href":"https:\/\/vimaterial.de\/es\/wp-json\/wp\/v2\/types\/product"}],"replies":[{"embeddable":true,"href":"https:\/\/vimaterial.de\/es\/wp-json\/wp\/v2\/comments?post=1010867"}],"wp:featuredmedia":[{"embeddable":true,"href":"https:\/\/vimaterial.de\/es\/wp-json\/wp\/v2\/media\/999782"}],"wp:attachment":[{"href":"https:\/\/vimaterial.de\/es\/wp-json\/wp\/v2\/media?parent=1010867"}],"wp:term":[{"taxonomy":"product_brand","embeddable":true,"href":"https:\/\/vimaterial.de\/es\/wp-json\/wp\/v2\/product_brand?post=1010867"},{"taxonomy":"product_cat","embeddable":true,"href":"https:\/\/vimaterial.de\/es\/wp-json\/wp\/v2\/product_cat?post=1010867"},{"taxonomy":"product_tag","embeddable":true,"href":"https:\/\/vimaterial.de\/es\/wp-json\/wp\/v2\/product_tag?post=1010867"}],"curies":[{"name":"wp","href":"https:\/\/api.w.org\/{rel}","templated":true}]}}