{"id":1010828,"date":"2024-06-17T14:12:45","date_gmt":"2024-06-17T06:12:45","guid":{"rendered":"https:\/\/vimaterial.de\/product\/carburo-de-silicio-3\/"},"modified":"2024-12-23T16:09:56","modified_gmt":"2024-12-23T08:09:56","slug":"carburo-de-silicio-3","status":"publish","type":"product","link":"https:\/\/vimaterial.de\/es\/product\/carburo-de-silicio-3\/","title":{"rendered":"Carburo de silicio"},"content":{"rendered":"<p>El carburo de silicio (SiC) es un material semiconductor de banda prohibida ancha con una dureza extremadamente alta, estabilidad t\u00e9rmica y excelente conductividad el\u00e9ctrica, y se usa ampliamente en muchos campos de gama alta.<\/p>\n<h2><span style=\"font-size: 14pt;\">Propiedades:<\/span><\/h2>\n<p>Dureza y resistencia al desgaste: El SiC tiene una dureza extremadamente alta, lo que le permite soportar el impacto de part\u00edculas de alta energ\u00eda durante el proceso de preparaci\u00f3n de la pel\u00edcula. El material objetivo debe tener suficiente resistencia mec\u00e1nica y resistencia al desgaste para garantizar que no haya un desgaste excesivo o grietas durante el uso a largo plazo. Estabilidad t\u00e9rmica: El alto punto de fusi\u00f3n del SiC y su excelente conductividad t\u00e9rmica le permiten funcionar bien en entornos de alta temperatura. Esto es particularmente adecuado para aplicaciones en dispositivos electr\u00f3nicos de alta potencia y capas de pel\u00edcula \u00f3ptica. El tama\u00f1o y la forma del material objetivo deben adaptarse al coeficiente de expansi\u00f3n a altas temperaturas para garantizar la estabilidad durante el proceso de preparaci\u00f3n y la calidad de la pel\u00edcula. Conductividad el\u00e9ctrica y propiedades \u00f3pticas: La conductividad el\u00e9ctrica del SiC hace que sea especialmente utilizado en el campo de los semiconductores, y sus propiedades transparentes tambi\u00e9n tienen importantes aplicaciones en los revestimientos \u00f3pticos. Esto requiere que el material objetivo sea consistente en tama\u00f1o y morfolog\u00eda para garantizar la uniformidad de las propiedades el\u00e9ctricas y \u00f3pticas de la pel\u00edcula. El tama\u00f1o y la forma de los objetivos de pulverizaci\u00f3n cat\u00f3dica de carburo de silicio tienen un impacto crucial en las caracter\u00edsticas anteriores, especialmente en los requisitos espec\u00edficos para el tama\u00f1o del objetivo en los campos de dispositivos semiconductores, electr\u00f3nica de alta potencia, pel\u00edculas \u00f3pticas, etc.<\/p>\n<h2><span style=\"font-size: 14pt;\">Tama\u00f1o y forma del objetivo:<\/span><\/h2>\n<p>Los tama\u00f1os y formas comunes de los objetivos de pulverizaci\u00f3n cat\u00f3dica de carburo de silicio incluyen objetivos redondos, rectangulares y cuadrados. Diferentes aplicaciones requieren diferentes tama\u00f1os y formas: <\/p>\n<h3><span style=\"font-size: 12pt;\">Tama\u00f1o de objetivo est\u00e1ndar:<\/span><\/h3>\n<p>Por lo general, el di\u00e1metro de los objetivos de pulverizaci\u00f3n cat\u00f3dica de carburo de silicio oscila entre 50 mm y 400 mm, y el grosor generalmente oscila entre 5 mm y 20 mm. El tama\u00f1o est\u00e1ndar depende de las especificaciones del equipo de pulverizaci\u00f3n cat\u00f3dica y de los requisitos de deposici\u00f3n. <\/p>\n<h3><span style=\"font-size: 12pt;\">Formas de objetivo comunes:<\/span><\/h3>\n<p>Objetivos circulares: La forma m\u00e1s com\u00fan, ampliamente utilizada en el campo de los semiconductores y los recubrimientos \u00f3pticos. Objetivos rectangulares: Se utilizan para equipos especiales o producci\u00f3n personalizada, especialmente para requisitos de recubrimiento de grandes \u00e1reas o dispositivos de alta potencia. Objetivos cuadrados: Se utilizan principalmente para experimentos espec\u00edficos o preparaci\u00f3n de pel\u00edculas delgadas de alta eficiencia. El tama\u00f1o y la forma del objetivo tienen un impacto significativo en la uniformidad de la superficie del objetivo, la eficiencia de pulverizaci\u00f3n cat\u00f3dica y la calidad de la pel\u00edcula. Garantizar la consistencia de estos est\u00e1ndares de tama\u00f1o es la base para garantizar el rendimiento de la pel\u00edcula y la estabilidad del equipo.<\/p>\n<h2><span style=\"font-size: 14pt;\">Aplicaci\u00f3n de objetivos de pulverizaci\u00f3n cat\u00f3dica de carburo de silicio<\/span><\/h2>\n<h3><span style=\"font-size: 12pt;\">Industria de la microelectr\u00f3nica y los semiconductores<\/span><\/h3>\n<p>Fabricaci\u00f3n de circuitos integrados: Los objetivos de carburo de silicio desempe\u00f1an un papel clave en la fabricaci\u00f3n de circuitos integrados de alto rendimiento. Su alta conductividad t\u00e9rmica y estabilidad qu\u00edmica hacen del carburo de silicio un material de sustrato ideal, que ayuda a mejorar el rendimiento y la fiabilidad de los circuitos integrados. Dispositivos de potencia: En los dispositivos electr\u00f3nicos de potencia, la aplicaci\u00f3n de objetivos de pulverizaci\u00f3n cat\u00f3dica de carburo de silicio puede mejorar significativamente la eficiencia y la resistencia a la temperatura de los dispositivos. Las caracter\u00edsticas de banda prohibida ancha del carburo de silicio le permiten exhibir un excelente rendimiento cuando opera a altas temperaturas, altos voltajes y altas frecuencias, lo que es particularmente importante para los campos de conversi\u00f3n de energ\u00eda, automotriz y aviaci\u00f3n. Dispositivos de RF: Los objetivos de pulverizaci\u00f3n cat\u00f3dica de carburo de silicio tambi\u00e9n juegan un papel importante en la fabricaci\u00f3n de dispositivos de RF. Su excelente movilidad electr\u00f3nica y estabilidad t\u00e9rmica hacen del carburo de silicio un material ideal para la fabricaci\u00f3n de dispositivos de RF de alto rendimiento, como amplificadores de potencia y filtros de RF. <\/p>\n<h3><span style=\"font-size: 12pt;\">Industria fotovoltaica<\/span><\/h3>\n<p>C\u00e9lulas solares: Los objetivos de pulverizaci\u00f3n cat\u00f3dica de carburo de silicio muestran un gran potencial en la fabricaci\u00f3n de c\u00e9lulas solares de alta eficiencia. No solo puede mejorar la eficiencia de conversi\u00f3n de las c\u00e9lulas solares, sino tambi\u00e9n mejorar la durabilidad y estabilidad de las c\u00e9lulas en entornos extremos. C\u00e9lulas solares de pel\u00edcula fina: La aplicaci\u00f3n del carburo de silicio tambi\u00e9n se ha extendido a la producci\u00f3n de c\u00e9lulas solares de pel\u00edcula fina. Se puede utilizar como capa de amortiguaci\u00f3n o capa de ventana para c\u00e9lulas solares de pel\u00edcula delgada para mejorar el rendimiento de la c\u00e9lula en general. <\/p>\n<h3><span style=\"font-size: 12pt;\">Otros campos<\/span><\/h3>\n<p>Aplicaciones \u00f3pticas: Los objetivos de pulverizaci\u00f3n cat\u00f3dica de carburo de silicio se utilizan ampliamente en la fabricaci\u00f3n de componentes \u00f3pticos de alto rendimiento debido a su alto \u00edndice de refracci\u00f3n y resistencia al desgaste. Estos componentes son ampliamente utilizados en instrumentos de medici\u00f3n aeroespaciales, militares y de alta precisi\u00f3n. Militar y aeroespacial: La alta resistencia y la resistencia a altas temperaturas del carburo de silicio hacen que se utilice en la fabricaci\u00f3n de componentes estructurales resistentes a altas temperaturas y sistemas de protecci\u00f3n t\u00e9rmica en los campos militar y aeroespacial. Materiales cer\u00e1micos avanzados: La alta dureza y resistencia al desgaste de los objetivos de pulverizaci\u00f3n cat\u00f3dica de carburo de silicio los hacen ideales para la producci\u00f3n de materiales cer\u00e1micos avanzados, que tienen importantes aplicaciones en los campos industrial, automotriz y energ\u00e9tico. Los objetivos de pulverizaci\u00f3n cat\u00f3dica de carburo de silicio suelen tener un di\u00e1metro de 50 mm a 400 mm, y los espesores suelen oscilar entre 5 mm y 20 mm. Los tama\u00f1os est\u00e1ndar dependen de las especificaciones del equipo de pulverizaci\u00f3n cat\u00f3dica y los requisitos de deposici\u00f3n. <\/p>\n","protected":false},"excerpt":{"rendered":"<p>Los objetivos de pulverizaci\u00f3n cat\u00f3dica de carburo de silicio suelen tener un di\u00e1metro de 50 mm a 400 mm, y los espesores suelen oscilar entre 5 mm y 20 mm. Los tama\u00f1os est\u00e1ndar dependen de las especificaciones del equipo de pulverizaci\u00f3n cat\u00f3dica y los requisitos de deposici\u00f3n. <\/p>\n","protected":false},"featured_media":1040536,"comment_status":"open","ping_status":"closed","template":"","meta":{"_acf_changed":false},"product_brand":[],"product_cat":[178],"product_tag":[],"class_list":{"0":"post-1010828","1":"product","2":"type-product","3":"status-publish","4":"has-post-thumbnail","6":"product_cat-catodos-para-sputtering-planar","8":"first","9":"instock","10":"shipping-taxable","11":"purchasable","12":"product-type-variable"},"acf":[],"_links":{"self":[{"href":"https:\/\/vimaterial.de\/es\/wp-json\/wp\/v2\/product\/1010828","targetHints":{"allow":["GET"]}}],"collection":[{"href":"https:\/\/vimaterial.de\/es\/wp-json\/wp\/v2\/product"}],"about":[{"href":"https:\/\/vimaterial.de\/es\/wp-json\/wp\/v2\/types\/product"}],"replies":[{"embeddable":true,"href":"https:\/\/vimaterial.de\/es\/wp-json\/wp\/v2\/comments?post=1010828"}],"wp:featuredmedia":[{"embeddable":true,"href":"https:\/\/vimaterial.de\/es\/wp-json\/wp\/v2\/media\/1040536"}],"wp:attachment":[{"href":"https:\/\/vimaterial.de\/es\/wp-json\/wp\/v2\/media?parent=1010828"}],"wp:term":[{"taxonomy":"product_brand","embeddable":true,"href":"https:\/\/vimaterial.de\/es\/wp-json\/wp\/v2\/product_brand?post=1010828"},{"taxonomy":"product_cat","embeddable":true,"href":"https:\/\/vimaterial.de\/es\/wp-json\/wp\/v2\/product_cat?post=1010828"},{"taxonomy":"product_tag","embeddable":true,"href":"https:\/\/vimaterial.de\/es\/wp-json\/wp\/v2\/product_tag?post=1010828"}],"curies":[{"name":"wp","href":"https:\/\/api.w.org\/{rel}","templated":true}]}}