{"id":1010779,"date":"2024-06-17T14:24:35","date_gmt":"2024-06-17T06:24:35","guid":{"rendered":"https:\/\/vimaterial.de\/product\/boruro-de-titanio\/"},"modified":"2025-04-18T17:31:45","modified_gmt":"2025-04-18T09:31:45","slug":"boruro-de-titanio","status":"publish","type":"product","link":"https:\/\/vimaterial.de\/es\/product\/boruro-de-titanio\/","title":{"rendered":"Borida de titanio"},"content":{"rendered":"<p>El objetivo de pulverizaci\u00f3n cat\u00f3dica de <span style=\"color: #0000ff;\"><a style=\"color: #0000ff;\" href=\"https:\/\/vimaterial.de\/es\/product\/boruro-de-titanio-2\/\">boruro de titanio<\/a> <\/span>es un objetivo a base de boruro de titanio con alta dureza, alto punto de fusi\u00f3n, buena conductividad el\u00e9ctrica y estabilidad qu\u00edmica. Puede depositar pel\u00edculas delgadas de boruro de titanio con excelentes propiedades de desgaste, corrosi\u00f3n y el\u00e9ctricas en el material del sustrato durante la pulverizaci\u00f3n cat\u00f3dica, que se puede utilizar en una amplia gama de campos, como recubrimientos de herramientas, dispositivos electr\u00f3nicos, piezas resistentes al desgaste a alta temperatura, etc. <\/p>\n<p>VIMATERIAL es una empresa de innovaci\u00f3n en materiales qu\u00edmicos de vanguardia especializada en materiales de alto rendimiento dise\u00f1ados para aplicaciones de ingenier\u00eda avanzadas. Nuestros productos son de alta pureza y calidad, admitimos empaque de lotes peque\u00f1os, MOQ de productos peque\u00f1os, inventario suficiente, personalizaci\u00f3n de soporte y podemos brindar un servicio de encuadernaci\u00f3n objetivo, si tiene alguna necesidad, <span style=\"color: #0000ff;\"><a style=\"color: #0000ff;\" href=\"https:\/\/vimaterial.de\/es\/contacto\/\">cont\u00e1ctenos<\/a><\/span>. <\/p>\n<h2><span style=\"font-size: 14pt;\">Caracter\u00edsticas<\/span><\/h2>\n<p>F\u00f3rmula molecular:TiB\u2082<\/p>\n<p>Peso molecular: alrededor de 69.49<\/p>\n<p>Aspecto: generalmente negro o gris-negro, con brillo met\u00e1lico en la superficie<\/p>\n<p>Densidad: alrededor de 4,5 &#8211; 4,52 g\/cm\u00b3.<\/p>\n<p>Punto de fusi\u00f3n: alrededor de 2980 \u00b0C<\/p>\n<p>Estructura cristalina: Tiene una estructura cristalina hexagonal, que le da a los boruros de titanio una alta dureza y buena estabilidad. Los \u00e1tomos de titanio y boro forman cristales en una disposici\u00f3n espec\u00edfica, lo que tiene muchos efectos en sus propiedades f\u00edsicas y qu\u00edmicas. <\/p>\n<h2><span style=\"font-size: 14pt;\">Aplicaci\u00f3n<\/span><\/h2>\n<p>Herramientas de corte: En las herramientas de corte, los objetivos de pulverizaci\u00f3n cat\u00f3dica de boruro de titanio se pueden utilizar para el recubrimiento de la herramienta para formar una pel\u00edcula dura y resistente al desgaste en la superficie de la herramienta, lo que mejora significativamente la resistencia al desgaste y el rendimiento de corte de la herramienta, prolonga la vida \u00fatil de la herramienta y, por lo tanto, mejora la eficiencia del mecanizado.<\/p>\n<p>Electr\u00f3nica: En los dispositivos electr\u00f3nicos, las pel\u00edculas depositadas con objetivos de pulverizaci\u00f3n cat\u00f3dica de boruro de titanio tienen buena conductividad el\u00e9ctrica y estabilidad qu\u00edmica, y se pueden utilizar como materiales de electrodos o pel\u00edculas protectoras para componentes electr\u00f3nicos, lo que ayuda a mejorar el rendimiento y la estabilidad de los equipos electr\u00f3nicos.<\/p>\n<p>Aeroespacial: Para los componentes aeroespaciales, los objetivos de pulverizaci\u00f3n cat\u00f3dica de boruro de titanio generan recubrimientos resistentes al desgaste y a altas temperaturas en la superficie de las piezas, lo que mejora su rendimiento en entornos de alta temperatura y alta tensi\u00f3n extremas y garantiza la confiabilidad y seguridad de los equipos aeroespaciales.<\/p>\n<p>Fabricaci\u00f3n de autom\u00f3viles: En la fabricaci\u00f3n de autom\u00f3viles, el objetivo de pulverizaci\u00f3n cat\u00f3dica se utiliza para el tratamiento de la superficie de componentes clave como motores de autom\u00f3viles, formando recubrimientos con buenas propiedades antidesgaste y anticorrosi\u00f3n, mejorando la durabilidad y el rendimiento de las piezas de autom\u00f3viles y extendiendo la vida \u00fatil de los autom\u00f3viles.<\/p>\n<h2><span style=\"font-size: 14pt;\">Control de calidad<\/span><\/h2>\n<p><span style=\"color: #0000ff;\"><a style=\"color: #0000ff;\" href=\"https:\/\/vimaterial.de\/es\/control-de-calidad\/\">Nuestros productos<\/a><\/span> est\u00e1n sujetos a un estricto sistema de gesti\u00f3n de calidad. Desde los materiales entrantes, el procesamiento, la inspecci\u00f3n final hasta la inspecci\u00f3n de f\u00e1brica, existen estrictos est\u00e1ndares de inspecci\u00f3n. Se toman estrictas medidas de aislamiento para el procesamiento no calificado para evitar que los productos no calificados fluyan al siguiente proceso. Las muestras se proporcionan para la reinspecci\u00f3n del cliente de acuerdo con los requisitos del cliente.   <\/p>\n<h2><span style=\"font-size: 14pt;\">Embalaje y almacenamiento<\/span><\/h2>\n<p>Los objetivos de pulverizaci\u00f3n cat\u00f3dica de boruro de titanio se empaquetan en bolsas de vac\u00edo de doble capa con cajas de cart\u00f3n exteriores.<\/p>\n<p>Los objetivos de pulverizaci\u00f3n cat\u00f3dica de boruro de titanio deben almacenarse en un ambiente seco, fresco y bien ventilado, evitando la humedad, evitando el contacto con sustancias corrosivas como \u00e1cidos y \u00e1lcalis, evitando da\u00f1os f\u00edsicos como colisiones y fricci\u00f3n, y tambi\u00e9n manteni\u00e9ndose alejado de altas temperaturas y campos magn\u00e9ticos fuertes para garantizar que sus propiedades, como alta dureza, alto punto de fusi\u00f3n,  La buena conductividad el\u00e9ctrica y la estabilidad qu\u00edmica no se ven afectadas.<\/p>\n","protected":false},"excerpt":{"rendered":"<p>El objetivo de pulverizaci\u00f3n cat\u00f3dica de <span style=\"color: #0000ff;\"><a style=\"color: #0000ff;\" href=\"https:\/\/vimaterial.de\/es\/product\/boruro-de-titanio-2\/\">boruro de titanio<\/a> <\/span>es un objetivo a base de boruro de titanio con alta dureza, alto punto de fusi\u00f3n, buena conductividad el\u00e9ctrica y estabilidad qu\u00edmica. Puede depositar pel\u00edculas delgadas de boruro de titanio con excelentes propiedades de desgaste, corrosi\u00f3n y el\u00e9ctricas en el material del sustrato durante la pulverizaci\u00f3n cat\u00f3dica, que se puede utilizar en una amplia gama de campos, como recubrimientos de herramientas, dispositivos electr\u00f3nicos, piezas resistentes al desgaste a alta temperatura, etc. <\/p>\n","protected":false},"featured_media":1000589,"comment_status":"open","ping_status":"closed","template":"","meta":{"_acf_changed":false},"product_brand":[],"product_cat":[178],"product_tag":[],"class_list":{"0":"post-1010779","1":"product","2":"type-product","3":"status-publish","4":"has-post-thumbnail","6":"product_cat-catodos-para-sputtering-planar","8":"first","9":"instock","10":"shipping-taxable","11":"product-type-variable"},"acf":[],"_links":{"self":[{"href":"https:\/\/vimaterial.de\/es\/wp-json\/wp\/v2\/product\/1010779","targetHints":{"allow":["GET"]}}],"collection":[{"href":"https:\/\/vimaterial.de\/es\/wp-json\/wp\/v2\/product"}],"about":[{"href":"https:\/\/vimaterial.de\/es\/wp-json\/wp\/v2\/types\/product"}],"replies":[{"embeddable":true,"href":"https:\/\/vimaterial.de\/es\/wp-json\/wp\/v2\/comments?post=1010779"}],"wp:featuredmedia":[{"embeddable":true,"href":"https:\/\/vimaterial.de\/es\/wp-json\/wp\/v2\/media\/1000589"}],"wp:attachment":[{"href":"https:\/\/vimaterial.de\/es\/wp-json\/wp\/v2\/media?parent=1010779"}],"wp:term":[{"taxonomy":"product_brand","embeddable":true,"href":"https:\/\/vimaterial.de\/es\/wp-json\/wp\/v2\/product_brand?post=1010779"},{"taxonomy":"product_cat","embeddable":true,"href":"https:\/\/vimaterial.de\/es\/wp-json\/wp\/v2\/product_cat?post=1010779"},{"taxonomy":"product_tag","embeddable":true,"href":"https:\/\/vimaterial.de\/es\/wp-json\/wp\/v2\/product_tag?post=1010779"}],"curies":[{"name":"wp","href":"https:\/\/api.w.org\/{rel}","templated":true}]}}