{"id":1010741,"date":"2024-06-17T14:24:38","date_gmt":"2024-06-17T06:24:38","guid":{"rendered":"https:\/\/vimaterial.de\/product\/carbonitruro-de-titanio-2\/"},"modified":"2025-04-18T16:39:33","modified_gmt":"2025-04-18T08:39:33","slug":"carbonitruro-de-titanio-2","status":"publish","type":"product","link":"https:\/\/vimaterial.de\/es\/product\/carbonitruro-de-titanio-2\/","title":{"rendered":"Carbonitruro de titanio"},"content":{"rendered":"<p><span style=\"color: #0000ff;\"><a style=\"color: #0000ff;\" href=\"https:\/\/vimaterial.de\/en\/product\/titanium-carbonitride-sputtering-target\/\">Carbonitruro de titanio<\/a><\/span> El polvo es un polvo compuesto que consta de titanio, carbono y nitr\u00f3geno con alta dureza, buena resistencia al desgaste, resistencia a altas temperaturas y estabilidad qu\u00edmica, que se puede utilizar para la preparaci\u00f3n de una amplia gama de materiales como carburo cementado, recubrimientos de herramientas, piezas resistentes al desgaste y otros materiales para mejorar el rendimiento de los materiales.<\/p>\n<p>VIMATERIAL es una empresa de innovaci\u00f3n en materiales qu\u00edmicos de vanguardia especializada en materiales de alto rendimiento dise\u00f1ados para aplicaciones de ingenier\u00eda avanzadas. Nuestros productos son de alta pureza y calidad, admitimos empaque de lotes peque\u00f1os, MOQ de productos peque\u00f1os, inventario suficiente, personalizaci\u00f3n de soporte y podemos brindar un servicio de encuadernaci\u00f3n objetivo, si tiene alguna necesidad, <span style=\"color: #0000ff;\"><a style=\"color: #0000ff;\" href=\"https:\/\/vimaterial.de\/en\/contact-us\/\">cont\u00e1ctenos.<\/a><\/span> <\/p>\n<h2><span style=\"font-size: 14pt;\">Aplicaci\u00f3n<\/span><\/h2>\n<p>Preparaci\u00f3n de carburo cementado: Los polvos de carbonitruro de titanio se utilizan en la producci\u00f3n de carburo cementado para aumentar significativamente la dureza y la resistencia al desgaste de las aleaciones y para producir herramientas de corte de alta resistencia y herramientas que se pueden utilizar en el procesamiento de metales, miner\u00eda y otros campos.<\/p>\n<p>Recubrimiento de herramientas: En el proceso de recubrimiento de herramientas, se aplican polvos de carbonitruro de titanio a la superficie de la herramienta despu\u00e9s de un tratamiento espec\u00edfico, lo que le da a la herramienta una buena resistencia al desgaste y a las altas temperaturas y prolonga significativamente la vida \u00fatil de la herramienta.<\/p>\n<p>Protecci\u00f3n de superficies met\u00e1licas: Para la protecci\u00f3n de superficies met\u00e1licas, los polvos de carbonitruro de titanio forman una fuerte capa protectora en la superficie met\u00e1lica, lo que mejora la resistencia del metal a la corrosi\u00f3n, la fricci\u00f3n y otros da\u00f1os, lo que es adecuado para la protecci\u00f3n de componentes mec\u00e1nicos y automotrices.<\/p>\n<p>Fabricaci\u00f3n de componentes electr\u00f3nicos: En el campo de la fabricaci\u00f3n de componentes electr\u00f3nicos, los polvos de carbonitruro de titanio se pueden utilizar como material funcional para la fabricaci\u00f3n de componentes electr\u00f3nicos con propiedades el\u00e9ctricas especiales para satisfacer la demanda de alto rendimiento y miniaturizaci\u00f3n de equipos electr\u00f3nicos.<\/p>\n<p>Endurecimiento de la cer\u00e1mica: Cuando se agregan a los materiales cer\u00e1micos, los polvos de carbonitruro de titanio pueden endurecer eficazmente las cer\u00e1micas y mejorar su fragilidad, lo que le da a la cer\u00e1mica m\u00e1s potencial para su uso en las industrias aeroespacial y de alta temperatura.<\/p>\n<h2><span style=\"font-size: 14pt;\">Control de calidad<\/span><\/h2>\n<p><span style=\"color: #0000ff;\"><a style=\"color: #0000ff;\" href=\"https:\/\/vimaterial.de\/en\/quality-control\/\">Nuestros productos<\/a><\/span> est\u00e1n sujetos a un estricto sistema de gesti\u00f3n de calidad. Desde los materiales entrantes, el procesamiento, la inspecci\u00f3n final hasta la inspecci\u00f3n de f\u00e1brica, existen estrictos est\u00e1ndares de inspecci\u00f3n. Se toman estrictas medidas de aislamiento para el procesamiento no calificado para evitar que los productos no calificados fluyan al siguiente proceso. Las muestras se proporcionan para la reinspecci\u00f3n del cliente de acuerdo con los requisitos del cliente.   <\/p>\n<h2><span style=\"font-size: 14pt;\">Embalaje y almacenamiento<\/span><\/h2>\n<p>Los polvos de carbonitruro de titanio se envasan en bolsas o botellas de doble vac\u00edo y se envasan en cajas de cart\u00f3n.<\/p>\n<p>El polvo de carbonitruro de titanio debe almacenarse en un ambiente seco, fresco, bien ventilado y sellado para evitar la humedad, la oxidaci\u00f3n y las sustancias corrosivas como \u00e1cidos y \u00e1lcalis, as\u00ed como para evitar la luz intensa, la vibraci\u00f3n fuerte y las altas temperaturas, para mantener su estabilidad qu\u00edmica y propiedades f\u00edsicas.<\/p>\n","protected":false},"excerpt":{"rendered":"<p><span style=\"color: #0000ff;\"><a style=\"color: #0000ff;\" href=\"https:\/\/vimaterial.de\/en\/product\/titanium-carbonitride-sputtering-target\/\">Carbonitruro de titanio<\/a><\/span> El polvo es un polvo compuesto que consta de titanio, carbono y nitr\u00f3geno con alta dureza, buena resistencia al desgaste, resistencia a altas temperaturas y estabilidad qu\u00edmica, que se puede utilizar para la preparaci\u00f3n de una amplia gama de materiales como carburo cementado, recubrimientos de herramientas, piezas resistentes al desgaste y otros materiales para mejorar el rendimiento de los materiales.<\/p>\n","protected":false},"featured_media":1000629,"comment_status":"open","ping_status":"closed","template":"","meta":{"_acf_changed":false},"product_brand":[],"product_cat":[183],"product_tag":[],"class_list":{"0":"post-1010741","1":"product","2":"type-product","3":"status-publish","4":"has-post-thumbnail","6":"product_cat-c-n-b-si-materiales","8":"first","9":"instock","10":"shipping-taxable","11":"product-type-variable"},"acf":[],"_links":{"self":[{"href":"https:\/\/vimaterial.de\/es\/wp-json\/wp\/v2\/product\/1010741","targetHints":{"allow":["GET"]}}],"collection":[{"href":"https:\/\/vimaterial.de\/es\/wp-json\/wp\/v2\/product"}],"about":[{"href":"https:\/\/vimaterial.de\/es\/wp-json\/wp\/v2\/types\/product"}],"replies":[{"embeddable":true,"href":"https:\/\/vimaterial.de\/es\/wp-json\/wp\/v2\/comments?post=1010741"}],"wp:featuredmedia":[{"embeddable":true,"href":"https:\/\/vimaterial.de\/es\/wp-json\/wp\/v2\/media\/1000629"}],"wp:attachment":[{"href":"https:\/\/vimaterial.de\/es\/wp-json\/wp\/v2\/media?parent=1010741"}],"wp:term":[{"taxonomy":"product_brand","embeddable":true,"href":"https:\/\/vimaterial.de\/es\/wp-json\/wp\/v2\/product_brand?post=1010741"},{"taxonomy":"product_cat","embeddable":true,"href":"https:\/\/vimaterial.de\/es\/wp-json\/wp\/v2\/product_cat?post=1010741"},{"taxonomy":"product_tag","embeddable":true,"href":"https:\/\/vimaterial.de\/es\/wp-json\/wp\/v2\/product_tag?post=1010741"}],"curies":[{"name":"wp","href":"https:\/\/api.w.org\/{rel}","templated":true}]}}