{"id":1010699,"date":"2024-06-17T14:25:52","date_gmt":"2024-06-17T06:25:52","guid":{"rendered":"https:\/\/vimaterial.de\/product\/cloruro-de-titanio\/"},"modified":"2025-04-18T16:28:33","modified_gmt":"2025-04-18T08:28:33","slug":"cloruro-de-titanio","status":"publish","type":"product","link":"https:\/\/vimaterial.de\/es\/product\/cloruro-de-titanio\/","title":{"rendered":"Cloruro de titanio"},"content":{"rendered":"<p>El cloruro de titanio l\u00edquido es un l\u00edquido compuesto que contiene los elementos titanio y cloro, generalmente incoloro o amarillo p\u00e1lido con un olor irritante, qu\u00edmicamente activo y f\u00e1cilmente hidrolizado, desempe\u00f1a un papel importante en los campos de la producci\u00f3n qu\u00edmica, la preparaci\u00f3n del titanio met\u00e1lico y la s\u00edntesis org\u00e1nica.<\/p>\n<p>VIMATERIAL es una empresa de innovaci\u00f3n en materiales qu\u00edmicos de vanguardia especializada en materiales de alto rendimiento dise\u00f1ados para aplicaciones de ingenier\u00eda avanzadas. Nuestros productos son de alta pureza y calidad, admitimos el empaque de lotes peque\u00f1os, MOQ de productos peque\u00f1os, inventario suficiente y apoyamos la personalizaci\u00f3n, si tiene alguna necesidad, <span style=\"color: #0000ff;\"><a style=\"color: #0000ff;\" href=\"https:\/\/vimaterial.de\/en\/contact-us\/\">cont\u00e1ctenos.<\/a><\/span> <\/p>\n<h2><span style=\"font-size: 14pt;\">Propiedades<\/span><\/h2>\n<p>F\u00f3rmula molecular: TiCl\u2084 (l\u00edquido)<\/p>\n<p>Peso molecular: 189.68<\/p>\n<p>Aspecto: l\u00edquido transparente incoloro o amarillo claro<\/p>\n<p>Densidad: aprox. 1.726 g\/cm\u00b3<\/p>\n<p>Punto de fusi\u00f3n: -24.1\u00b0C<\/p>\n<p>Punto de ebullici\u00f3n: 136,4 \u00b0C<\/p>\n<p>Estructura cristalina: El TiCl \u2084 s\u00f3lido (a baja temperatura) pertenece al sistema cristalino monocl\u00ednico, los \u00e1tomos de titanio est\u00e1n rodeados por \u00e1tomos de cloro para formar una estructura tetra\u00e9drica.<\/p>\n<h2><span style=\"font-size: 14pt;\">Aplicaci\u00f3n<\/span><\/h2>\n<p>Industria qu\u00edmica: En la industria qu\u00edmica, el cloruro de titanio l\u00edquido es una materia prima importante para la producci\u00f3n de di\u00f3xido de titanio. A trav\u00e9s de una serie de reacciones qu\u00edmicas, se puede convertir en \u00f3xido de titanio, que proporciona pigmentos blancos para pinturas, pl\u00e1sticos y muchos otros productos. <\/p>\n<p>Preparaci\u00f3n de metales: En la preparaci\u00f3n de titanio met\u00e1lico, es un compuesto intermedio clave. Utilizando agentes reductores como el magnesio o el sodio para reaccionar con el cloruro de titanio l\u00edquido, el titanio puede reducirse de su cloruro y utilizarse para producir titanio met\u00e1lico de alta pureza. <\/p>\n<p>S\u00edntesis org\u00e1nica: En la s\u00edntesis qu\u00edmica org\u00e1nica, el l\u00edquido se puede utilizar como catalizador de \u00e1cido de Lewis para catalizar una variedad de reacciones org\u00e1nicas, como la reacci\u00f3n de Friedel-Crafts, que activa las mol\u00e9culas reactivas, mejora la eficiencia de la reacci\u00f3n y promueve la s\u00edntesis de compuestos org\u00e1nicos.<\/p>\n<p>Materiales electr\u00f3nicos: En la fabricaci\u00f3n de materiales electr\u00f3nicos, el l\u00edquido de cloruro de titanio puede estar involucrado en la preparaci\u00f3n de pel\u00edculas delgadas a base de titanio, a trav\u00e9s de la deposici\u00f3n qu\u00edmica de vapor y otras tecnolog\u00edas, la formaci\u00f3n de componentes electr\u00f3nicos en la superficie del recubrimiento con buenas propiedades el\u00e9ctricas, utilizados en semiconductores y otros equipos.<\/p>\n<h2><span style=\"font-size: 14pt;\">Control de calidad<\/span><\/h2>\n<p><a href=\"https:\/\/vimaterial.de\/en\/quality-control\/\"><span style=\"color: #0000ff;\">Nuestros productos<\/span> <\/a>est\u00e1n sujetos a un estricto sistema de gesti\u00f3n de calidad. Desde los materiales entrantes, el procesamiento, la inspecci\u00f3n final hasta la inspecci\u00f3n de f\u00e1brica, existen estrictos est\u00e1ndares de inspecci\u00f3n. Se toman estrictas medidas de aislamiento para el procesamiento no calificado para evitar que los productos no calificados fluyan al siguiente proceso. Las muestras se proporcionan para la reinspecci\u00f3n del cliente de acuerdo con los requisitos del cliente.   <\/p>\n<h2><span style=\"font-size: 14pt;\">Embalaje y almacenamiento<\/span><\/h2>\n<p>El l\u00edquido de cloruro de titanio se envasa en botellas y luego se aspira y se envasa en cajas de cart\u00f3n.<\/p>\n<p>El cloruro de titanio l\u00edquido debe almacenarse en un ambiente seco, fresco y bien ventilado, utilizando recipientes sellados, preferiblemente fabricados con materiales resistentes a la corrosi\u00f3n, y lejos de agua, alcoholes, \u00e1lcalis y otras sustancias reactivas, ya que es muy susceptible a la hidr\u00f3lisis, evitando al mismo tiempo las altas temperaturas y las fuentes de ignici\u00f3n, para evitar su volatilizaci\u00f3n y la aparici\u00f3n de reacciones qu\u00edmicas peligrosas.<\/p>\n","protected":false},"excerpt":{"rendered":"<p>El cloruro de titanio l\u00edquido es un l\u00edquido compuesto que contiene los elementos titanio y cloro, generalmente incoloro o amarillo p\u00e1lido con un olor irritante, qu\u00edmicamente activo y f\u00e1cilmente hidrolizado, desempe\u00f1a un papel importante en los campos de la producci\u00f3n qu\u00edmica, la preparaci\u00f3n del titanio met\u00e1lico y la s\u00edntesis org\u00e1nica.<\/p>\n","protected":false},"featured_media":1000647,"comment_status":"open","ping_status":"closed","template":"","meta":{"_acf_changed":false},"product_brand":[],"product_cat":[182],"product_tag":[],"class_list":{"0":"post-1010699","1":"product","2":"type-product","3":"status-publish","4":"has-post-thumbnail","6":"product_cat-materiales-halogenados","8":"first","9":"instock","10":"shipping-taxable","11":"product-type-variable"},"acf":[],"_links":{"self":[{"href":"https:\/\/vimaterial.de\/es\/wp-json\/wp\/v2\/product\/1010699","targetHints":{"allow":["GET"]}}],"collection":[{"href":"https:\/\/vimaterial.de\/es\/wp-json\/wp\/v2\/product"}],"about":[{"href":"https:\/\/vimaterial.de\/es\/wp-json\/wp\/v2\/types\/product"}],"replies":[{"embeddable":true,"href":"https:\/\/vimaterial.de\/es\/wp-json\/wp\/v2\/comments?post=1010699"}],"wp:featuredmedia":[{"embeddable":true,"href":"https:\/\/vimaterial.de\/es\/wp-json\/wp\/v2\/media\/1000647"}],"wp:attachment":[{"href":"https:\/\/vimaterial.de\/es\/wp-json\/wp\/v2\/media?parent=1010699"}],"wp:term":[{"taxonomy":"product_brand","embeddable":true,"href":"https:\/\/vimaterial.de\/es\/wp-json\/wp\/v2\/product_brand?post=1010699"},{"taxonomy":"product_cat","embeddable":true,"href":"https:\/\/vimaterial.de\/es\/wp-json\/wp\/v2\/product_cat?post=1010699"},{"taxonomy":"product_tag","embeddable":true,"href":"https:\/\/vimaterial.de\/es\/wp-json\/wp\/v2\/product_tag?post=1010699"}],"curies":[{"name":"wp","href":"https:\/\/api.w.org\/{rel}","templated":true}]}}