{"id":1010696,"date":"2024-06-17T14:25:48","date_gmt":"2024-06-17T06:25:48","guid":{"rendered":"https:\/\/vimaterial.de\/product\/carburo-de-titanio-dioxido-de-titanio\/"},"modified":"2025-04-18T16:32:52","modified_gmt":"2025-04-18T08:32:52","slug":"carburo-de-titanio-dioxido-de-titanio","status":"publish","type":"product","link":"https:\/\/vimaterial.de\/es\/product\/carburo-de-titanio-dioxido-de-titanio\/","title":{"rendered":"Carburo de titanio\/Di\u00f3xido de titanio"},"content":{"rendered":"<p>El objetivo de pulverizaci\u00f3n cat\u00f3dica de carburo de titanio \/ di\u00f3xido de titanio es un objetivo de pulverizaci\u00f3n cat\u00f3dica compuesto que combina carburo de titanio con alta dureza y buena conductividad el\u00e9ctrica, y di\u00f3xido de titanio con alta estabilidad qu\u00edmica y excelentes propiedades \u00f3pticas, que puede depositar pel\u00edculas delgadas con propiedades el\u00e9ctricas y \u00f3pticas resistentes al desgaste en el sustrato durante la pulverizaci\u00f3n cat\u00f3dica, y es ampliamente utilizado en los campos de la electr\u00f3nica,  \u00d3ptica y recubrimiento protector.<\/p>\n<p>VIMATERIAL es una empresa de innovaci\u00f3n en materiales qu\u00edmicos de vanguardia especializada en materiales de alto rendimiento dise\u00f1ados para aplicaciones de ingenier\u00eda avanzadas. Nuestros productos son de alta pureza y calidad, admitimos empaque de lotes peque\u00f1os, MOQ de productos peque\u00f1os, inventario suficiente, personalizaci\u00f3n de soporte y podemos brindar un servicio de encuadernaci\u00f3n objetivo, si tiene alguna necesidad, <span style=\"color: #0000ff;\"><a style=\"color: #0000ff;\" href=\"https:\/\/vimaterial.de\/en\/contact-us\/\">cont\u00e1ctenos<\/a><\/span>. <\/p>\n<h2><span style=\"font-size: 14pt;\">Aplicaci\u00f3n<\/span><\/h2>\n<p>Campo electr\u00f3nico: En el campo electr\u00f3nico, los objetivos de pulverizaci\u00f3n cat\u00f3dica de carburo de titanio \/ di\u00f3xido de titanio se pueden utilizar para fabricar electrodos y capas aislantes para dispositivos electr\u00f3nicos. El carburo de titanio proporciona buena conductividad el\u00e9ctrica y resistencia a la abrasi\u00f3n, mientras que el di\u00f3xido de titanio proporciona propiedades aislantes y estabilidad qu\u00edmica, lo que garantiza un rendimiento de alta eficiencia y estabilidad a largo plazo de los componentes electr\u00f3nicos. <\/p>\n<p>Campo \u00f3ptico: En el campo \u00f3ptico, el objetivo se puede pulverizar para formar pel\u00edculas delgadas en la superficie de lentes \u00f3pticas, pantallas y otros materiales. El carburo de titanio ayuda a mejorar la dureza y la resistencia al desgaste de la pel\u00edcula, mientras que el di\u00f3xido de titanio mejora las caracter\u00edsticas \u00f3pticas de los componentes \u00f3pticos en virtud de sus excelentes propiedades \u00f3pticas. <\/p>\n<p>Protecci\u00f3n de la superficie: En la protecci\u00f3n de la superficie, utilizada para el recubrimiento de la superficie de piezas mec\u00e1nicas, materiales de construcci\u00f3n, etc., el carburo de titanio hace que el recubrimiento sea resistente al desgaste y a los ara\u00f1azos, mientras que el di\u00f3xido de titanio mejora la resistencia a la corrosi\u00f3n y la capacidad de autolimpieza del recubrimiento, prolongando efectivamente la vida \u00fatil del objeto recubierto.<\/p>\n<p>Campo fotovoltaico: En la industria fotovoltaica, este objetivo de pulverizaci\u00f3n cat\u00f3dica se puede utilizar en la fabricaci\u00f3n de c\u00e9lulas solares. El carburo de titanio puede mejorar la conductividad y la estabilidad de los electrodos de la celda, mientras que el di\u00f3xido de titanio se puede utilizar como capa absorbente o reflectante de luz para mejorar la eficiencia de conversi\u00f3n fotoel\u00e9ctrica de la celda. <\/p>\n<h2><span style=\"font-size: 14pt;\">Control de calidad<\/span><\/h2>\n<p><span style=\"color: #0000ff;\"><a style=\"color: #0000ff;\" href=\"https:\/\/vimaterial.de\/en\/quality-control\/\">Nuestros productos<\/a> <\/span>est\u00e1n sujetos a un estricto sistema de gesti\u00f3n de calidad. Desde los materiales entrantes, el procesamiento, la inspecci\u00f3n final hasta la inspecci\u00f3n de f\u00e1brica, existen estrictos est\u00e1ndares de inspecci\u00f3n. Se toman estrictas medidas de aislamiento para el procesamiento no calificado para evitar que los productos no calificados fluyan al siguiente proceso. Las muestras se proporcionan para la reinspecci\u00f3n del cliente de acuerdo con los requisitos del cliente.   <\/p>\n<h2><span style=\"font-size: 14pt;\">Embalaje y almacenamiento<\/span><\/h2>\n<p>Los objetivos de pulverizaci\u00f3n cat\u00f3dica de carburo de titanio\/di\u00f3xido de titanio se empaquetan en bolsas de vac\u00edo de doble capa y luego se empaquetan y empaquetan en cajas de cart\u00f3n.<\/p>\n<p>Los objetivos de pulverizaci\u00f3n cat\u00f3dica de carburo de titanio \/ di\u00f3xido de titanio deben almacenarse en un ambiente seco, fresco, bien ventilado y a prueba de luz, evitando la humedad, evitando el contacto con sustancias corrosivas, evitando da\u00f1os debido a colisiones y fricci\u00f3n y, al mismo tiempo, manteni\u00e9ndose alejado de altas temperaturas y fuertes fuentes de interferencia electromagn\u00e9tica, para garantizar la estabilidad de sus propiedades qu\u00edmicas y f\u00edsicas,  y para proporcionar una buena base para las operaciones de pulverizaci\u00f3n cat\u00f3dica.<\/p>\n","protected":false},"excerpt":{"rendered":"<p>El objetivo de pulverizaci\u00f3n cat\u00f3dica de carburo de titanio \/ di\u00f3xido de titanio es un objetivo de pulverizaci\u00f3n cat\u00f3dica compuesto que combina carburo de titanio con alta dureza y buena conductividad el\u00e9ctrica, y di\u00f3xido de titanio con alta estabilidad qu\u00edmica y excelentes propiedades \u00f3pticas, que puede depositar pel\u00edculas delgadas con propiedades el\u00e9ctricas y \u00f3pticas resistentes al desgaste en el sustrato durante la pulverizaci\u00f3n cat\u00f3dica, y es ampliamente utilizado en los campos de la electr\u00f3nica,  \u00d3ptica y recubrimiento protector. VIMATERIAL es una empresa de punter\u00eda para el pulverizaci\u00f3n cat\u00f3dica. <\/p>\n","protected":false},"featured_media":1000640,"comment_status":"open","ping_status":"closed","template":"","meta":{"_acf_changed":false},"product_brand":[],"product_cat":[178],"product_tag":[],"class_list":{"0":"post-1010696","1":"product","2":"type-product","3":"status-publish","4":"has-post-thumbnail","6":"product_cat-catodos-para-sputtering-planar","8":"first","9":"instock","10":"shipping-taxable","11":"product-type-variable"},"acf":[],"_links":{"self":[{"href":"https:\/\/vimaterial.de\/es\/wp-json\/wp\/v2\/product\/1010696","targetHints":{"allow":["GET"]}}],"collection":[{"href":"https:\/\/vimaterial.de\/es\/wp-json\/wp\/v2\/product"}],"about":[{"href":"https:\/\/vimaterial.de\/es\/wp-json\/wp\/v2\/types\/product"}],"replies":[{"embeddable":true,"href":"https:\/\/vimaterial.de\/es\/wp-json\/wp\/v2\/comments?post=1010696"}],"wp:featuredmedia":[{"embeddable":true,"href":"https:\/\/vimaterial.de\/es\/wp-json\/wp\/v2\/media\/1000640"}],"wp:attachment":[{"href":"https:\/\/vimaterial.de\/es\/wp-json\/wp\/v2\/media?parent=1010696"}],"wp:term":[{"taxonomy":"product_brand","embeddable":true,"href":"https:\/\/vimaterial.de\/es\/wp-json\/wp\/v2\/product_brand?post=1010696"},{"taxonomy":"product_cat","embeddable":true,"href":"https:\/\/vimaterial.de\/es\/wp-json\/wp\/v2\/product_cat?post=1010696"},{"taxonomy":"product_tag","embeddable":true,"href":"https:\/\/vimaterial.de\/es\/wp-json\/wp\/v2\/product_tag?post=1010696"}],"curies":[{"name":"wp","href":"https:\/\/api.w.org\/{rel}","templated":true}]}}