{"id":1010691,"date":"2024-06-17T14:12:46","date_gmt":"2024-06-17T06:12:46","guid":{"rendered":"https:\/\/vimaterial.de\/product\/carburo-de-silicio\/"},"modified":"2024-12-23T17:17:54","modified_gmt":"2024-12-23T09:17:54","slug":"carburo-de-silicio","status":"publish","type":"product","link":"https:\/\/vimaterial.de\/es\/product\/carburo-de-silicio\/","title":{"rendered":"Carburo de silicio"},"content":{"rendered":"<p>Las obleas de carburo de silicio son l\u00e1minas redondas hechas de SiC que se parecen a las obleas de silicio. Es un material semiconductor muy importante con alta dureza, resistencia al calor, resistencia a la radiaci\u00f3n, resistencia a la corrosi\u00f3n y alta conductividad. Las obleas de SiC son uno de los materiales clave para la fabricaci\u00f3n de dispositivos electr\u00f3nicos de alto rendimiento y pueden ofrecer un excelente rendimiento en entornos de alta temperatura, alto campo el\u00e9ctrico, alta frecuencia y alta presi\u00f3n. VIMATERIAL puede proporcionar obleas de carburo de silicio de 2 ~ 6 pulgadas. <\/p>\n<h2><span style=\"font-size: 14pt;\">Propiedades de las <\/span><span style=\"font-size: 14pt;\">obleas de carburo de silicio<\/span><span style=\"font-size: 14pt;\">:<\/span><\/h2>\n<p>Las obleas de SiC tienen muchas propiedades f\u00edsicas, qu\u00edmicas y el\u00e9ctricas excelentes, lo que las hace ampliamente utilizadas en electr\u00f3nica, optoelectr\u00f3nica, aeroespacial y otros campos. Las principales caracter\u00edsticas de las obleas de carburo de silicio incluyen: <strong>1. Fuerte estabilidad a alta temperatura:<\/strong> las obleas de SiC tienen una conductividad t\u00e9rmica e inercia qu\u00edmica extremadamente altas, pueden mantener la estabilidad en entornos de alta temperatura y no son propensas a la expansi\u00f3n t\u00e9rmica y la deformaci\u00f3n. <strong>2. Alta resistencia mec\u00e1nica:<\/strong> las obleas de SiC tienen alta rigidez y resistencia, y pueden soportar altas tensiones y cargas pesadas. <strong>3. Excelentes propiedades el\u00e9ctricas:<\/strong> las propiedades el\u00e9ctricas de las obleas de carburo de silicio son mejores que las de los materiales de silicio, con mayor conductividad el\u00e9ctrica y movilidad de electrones, y se pueden utilizar para fabricar dispositivos semiconductores de alta potencia y dispositivos electr\u00f3nicos de alta frecuencia. <strong>4. Excelentes propiedades \u00f3pticas:<\/strong> las obleas de SiC tienen buena transmitancia de luz y fuerte resistencia a la radiaci\u00f3n, y se pueden utilizar para fabricar dispositivos optoelectr\u00f3nicos y dispositivos solares. <\/p>\n<h2><span style=\"font-size: 14pt;\">Ventajas de las obleas de carburo de silicio<\/span><\/h2>\n<p>Las obleas de SiC tienen una mayor dureza y una mejor resistencia a la corrosi\u00f3n que las obleas de silicio, y se pueden utilizar para aplicaciones en entornos de alta temperatura, alta presi\u00f3n y qu\u00edmicamente da\u00f1inos. Adem\u00e1s, las obleas de carburo de silicio tienen una mejor conductividad t\u00e9rmica y propiedades el\u00e9ctricas, y a\u00fan pueden mantener una buena estabilidad en entornos de alta temperatura. <\/p>\n<h2><span style=\"font-size: 14pt;\">Aplicaci\u00f3n de obleas de carburo de silicio<\/span><\/h2>\n<p>Dado que las obleas de SiC tienen las excelentes caracter\u00edsticas de rendimiento mencionadas anteriormente, se utilizan ampliamente en electr\u00f3nica, optoelectr\u00f3nica, aeroespacial y otros campos. Las principales aplicaciones incluyen: <strong>1. Fabricaci\u00f3n de dispositivos semiconductores de alta potencia:<\/strong> Los SiCwafers tienen caracter\u00edsticas como alta estabilidad t\u00e9rmica y alta conductividad el\u00e9ctrica, y se pueden utilizar para fabricar dispositivos semiconductores de alta potencia como MOSFET de potencia, diodo Schottky, JFET, etc. <strong>2. Fabricaci\u00f3n de dispositivos electr\u00f3nicos de alta frecuencia:<\/strong> Las obleas de SiC tienen una alta movilidad de electrones y se pueden utilizar para fabricar dispositivos electr\u00f3nicos de alta frecuencia, como transistores de alta frecuencia, transistores de alta movilidad de electrones, etc. <strong>3. Fabricaci\u00f3n de dispositivos optoelectr\u00f3nicos:<\/strong> Las obleas de SiC tienen una buena transmitancia de luz y se pueden utilizar para fabricar dispositivos optoelectr\u00f3nicos, como chips LED, diodos l\u00e1ser, etc. <strong>4. Fabricaci\u00f3n de dispositivos solares:<\/strong> Las obleas de carburo de silicio tienen una fuerte resistencia a la radiaci\u00f3n y se pueden utilizar para fabricar dispositivos solares. <\/p>\n<p>&nbsp;<\/p>\n","protected":false},"excerpt":{"rendered":"<p>Las obleas de carburo de silicio son l\u00e1minas redondas hechas de SiC que se parecen a las obleas de silicio. Es un material semiconductor muy importante con alta dureza, resistencia al calor, resistencia a la radiaci\u00f3n, resistencia a la corrosi\u00f3n y alta conductividad. Las obleas de SiC son uno de los materiales clave para la [&hellip;]<\/p>\n","protected":false},"featured_media":1031190,"comment_status":"open","ping_status":"closed","template":"","meta":{"_acf_changed":false},"product_brand":[],"product_cat":[179],"product_tag":[],"class_list":{"0":"post-1010691","1":"product","2":"type-product","3":"status-publish","4":"has-post-thumbnail","6":"product_cat-materiales-de-evaporacion","8":"first","9":"instock","10":"shipping-taxable","11":"product-type-variable"},"acf":[],"_links":{"self":[{"href":"https:\/\/vimaterial.de\/es\/wp-json\/wp\/v2\/product\/1010691","targetHints":{"allow":["GET"]}}],"collection":[{"href":"https:\/\/vimaterial.de\/es\/wp-json\/wp\/v2\/product"}],"about":[{"href":"https:\/\/vimaterial.de\/es\/wp-json\/wp\/v2\/types\/product"}],"replies":[{"embeddable":true,"href":"https:\/\/vimaterial.de\/es\/wp-json\/wp\/v2\/comments?post=1010691"}],"wp:featuredmedia":[{"embeddable":true,"href":"https:\/\/vimaterial.de\/es\/wp-json\/wp\/v2\/media\/1031190"}],"wp:attachment":[{"href":"https:\/\/vimaterial.de\/es\/wp-json\/wp\/v2\/media?parent=1010691"}],"wp:term":[{"taxonomy":"product_brand","embeddable":true,"href":"https:\/\/vimaterial.de\/es\/wp-json\/wp\/v2\/product_brand?post=1010691"},{"taxonomy":"product_cat","embeddable":true,"href":"https:\/\/vimaterial.de\/es\/wp-json\/wp\/v2\/product_cat?post=1010691"},{"taxonomy":"product_tag","embeddable":true,"href":"https:\/\/vimaterial.de\/es\/wp-json\/wp\/v2\/product_tag?post=1010691"}],"curies":[{"name":"wp","href":"https:\/\/api.w.org\/{rel}","templated":true}]}}