{"id":1010679,"date":"2024-06-17T14:13:31","date_gmt":"2024-06-17T06:13:31","guid":{"rendered":"https:\/\/vimaterial.de\/product\/silicio-cromo\/"},"modified":"2024-12-24T11:21:51","modified_gmt":"2024-12-24T03:21:51","slug":"silicio-cromo","status":"publish","type":"product","link":"https:\/\/vimaterial.de\/es\/product\/silicio-cromo\/","title":{"rendered":"Cromo de silicio"},"content":{"rendered":"<p>Los objetivos de aleaci\u00f3n de silicio y cromo son un material com\u00fanmente utilizado para recubrimientos de pulverizaci\u00f3n cat\u00f3dica con magnetr\u00f3n, que tienen excelentes propiedades f\u00edsicas, qu\u00edmicas y mec\u00e1nicas. Este material es ampliamente utilizado para fabricar pel\u00edculas delgadas para diversas aplicaciones industriales y electr\u00f3nicas. VIMATERIAL ofrece varios objetivos de aleaci\u00f3n de silicio, como Si-Cr, Si-Ni, Si-Fe-B. . . <\/p>\n<h2><span style=\"font-size: 14pt;\">Propiedades de los objetivos de pulverizaci\u00f3n cat\u00f3dica de cromo y silicio<\/span><\/h2>\n<h3><span style=\"font-size: 12pt;\">Composici\u00f3n:<\/span><\/h3>\n<p>Normalmente, la aleaci\u00f3n se compone de silicio y cromo en un peso o proporci\u00f3n at\u00f3mica espec\u00edfica (por ejemplo, 80:20, 90:10, etc.), dependiendo de las propiedades deseadas de la pel\u00edcula. La composici\u00f3n exacta se adapta a los requisitos de la aplicaci\u00f3n, equilibrando las propiedades el\u00e9ctricas, \u00f3pticas o de resistencia a la corrosi\u00f3n.<\/p>\n<h3><span style=\"font-size: 12pt;\">Alta pureza:<\/span><\/h3>\n<p>Los objetivos de pulverizaci\u00f3n cat\u00f3dica generalmente requieren altos niveles de pureza (por ejemplo, 99,9% o m\u00e1s) para garantizar que la pel\u00edcula resultante tenga impurezas m\u00ednimas y un rendimiento \u00f3ptimo.<\/p>\n<h3><span style=\"font-size: 12pt;\">Propiedades mec\u00e1nicas:<\/span><\/h3>\n<p>Los objetivos de silicio y cromo est\u00e1n cuidadosamente dise\u00f1ados con alta densidad y uniformidad para garantizar un rendimiento de pulverizaci\u00f3n cat\u00f3dica eficiente y minimizar los defectos en la pel\u00edcula depositada.<\/p>\n<h2><span style=\"font-size: 14pt;\">Aplicaciones de los objetivos de pulverizaci\u00f3n cat\u00f3dica de cromo y silicio<\/span><\/h2>\n<h3><span style=\"font-size: 12pt;\">Semiconductores:<\/span><\/h3>\n<p>Pel\u00edculas delgadas utilizadas para fabricar dispositivos semiconductores. Las pel\u00edculas de Si-Cr se pueden utilizar para capas de compuertas, barreras de difusi\u00f3n o interconexiones.<\/p>\n<h3><span style=\"font-size: 12pt;\">C\u00e9lulas solares:<\/span><\/h3>\n<p>Se utiliza en la producci\u00f3n de c\u00e9lulas solares de pel\u00edcula delgada para mejorar el rendimiento \u00f3ptico y el\u00e9ctrico.<\/p>\n<h3><span style=\"font-size: 12pt;\">Recubrimientos \u00f3pticos:<\/span><\/h3>\n<p>Adecuado para formar recubrimientos antirreflectantes, protectores o decorativos sobre sustratos de vidrio o pl\u00e1stico.<\/p>\n<h3><span style=\"font-size: 12pt;\">Tecnolog\u00eda de visualizaci\u00f3n:<\/span><\/h3>\n<p>Pel\u00edculas delgadas utilizadas en la producci\u00f3n de LCD, OLED y pantallas t\u00e1ctiles.<\/p>\n<h3><span style=\"font-size: 12pt;\">Recubrimientos resistentes a la corrosi\u00f3n:<\/span><\/h3>\n<p>Las pel\u00edculas de Si-Cr pueden mejorar la durabilidad de las superficies al mejorar su resistencia a la oxidaci\u00f3n y la corrosi\u00f3n.<\/p>\n","protected":false},"excerpt":{"rendered":"<p>Los objetivos de aleaci\u00f3n de silicio y cromo son un material com\u00fanmente utilizado para recubrimientos de pulverizaci\u00f3n cat\u00f3dica con magnetr\u00f3n, que tienen excelentes propiedades f\u00edsicas, qu\u00edmicas y mec\u00e1nicas. Este material es ampliamente utilizado para fabricar pel\u00edculas delgadas para diversas aplicaciones industriales y electr\u00f3nicas. VIMATERIAL ofrece varios objetivos de aleaci\u00f3n de silicio, como Si-Cr, Si-Ni, Si-Fe-B. [&hellip;]<\/p>\n","protected":false},"featured_media":999835,"comment_status":"open","ping_status":"closed","template":"","meta":{"_acf_changed":false},"product_brand":[],"product_cat":[178],"product_tag":[],"class_list":{"0":"post-1010679","1":"product","2":"type-product","3":"status-publish","4":"has-post-thumbnail","6":"product_cat-catodos-para-sputtering-planar","8":"first","9":"instock","10":"shipping-taxable","11":"purchasable","12":"product-type-variable"},"acf":[],"_links":{"self":[{"href":"https:\/\/vimaterial.de\/es\/wp-json\/wp\/v2\/product\/1010679","targetHints":{"allow":["GET"]}}],"collection":[{"href":"https:\/\/vimaterial.de\/es\/wp-json\/wp\/v2\/product"}],"about":[{"href":"https:\/\/vimaterial.de\/es\/wp-json\/wp\/v2\/types\/product"}],"replies":[{"embeddable":true,"href":"https:\/\/vimaterial.de\/es\/wp-json\/wp\/v2\/comments?post=1010679"}],"wp:featuredmedia":[{"embeddable":true,"href":"https:\/\/vimaterial.de\/es\/wp-json\/wp\/v2\/media\/999835"}],"wp:attachment":[{"href":"https:\/\/vimaterial.de\/es\/wp-json\/wp\/v2\/media?parent=1010679"}],"wp:term":[{"taxonomy":"product_brand","embeddable":true,"href":"https:\/\/vimaterial.de\/es\/wp-json\/wp\/v2\/product_brand?post=1010679"},{"taxonomy":"product_cat","embeddable":true,"href":"https:\/\/vimaterial.de\/es\/wp-json\/wp\/v2\/product_cat?post=1010679"},{"taxonomy":"product_tag","embeddable":true,"href":"https:\/\/vimaterial.de\/es\/wp-json\/wp\/v2\/product_tag?post=1010679"}],"curies":[{"name":"wp","href":"https:\/\/api.w.org\/{rel}","templated":true}]}}