{"id":1010676,"date":"2024-06-17T14:12:47","date_gmt":"2024-06-17T06:12:47","guid":{"rendered":"https:\/\/vimaterial.de\/product\/cloruro-de-silicio\/"},"modified":"2024-12-23T16:52:30","modified_gmt":"2024-12-23T08:52:30","slug":"cloruro-de-silicio","status":"publish","type":"product","link":"https:\/\/vimaterial.de\/es\/product\/cloruro-de-silicio\/","title":{"rendered":"Cloruro de silicio"},"content":{"rendered":"<p>El cloruro de silicio (tetracloruro de silicio) es un compuesto inorg\u00e1nico importante con la f\u00f3rmula qu\u00edmica SiCI4 y una masa molar de 169,896 g\/mol. Este compuesto es un l\u00edquido incoloro a temperatura ambiente y tiene propiedades f\u00edsicas y qu\u00edmicas \u00fanicas. <\/p>\n<h2><span style=\"font-size: 14pt;\">Propiedades f\u00edsicas y qu\u00edmicas<\/span><\/h2>\n<p>El cloruro de silicio es un l\u00edquido incoloro, transparente y humeante con una densidad de 1,483 g\/mL, un punto de fusi\u00f3n de -70 \u00b0C, un punto de ebullici\u00f3n de 57,6 \u00b0C y un \u00edndice de refracci\u00f3n de 1,412. El cloruro de silicio es inflamable y asfixiante, y es miscible con benceno, \u00e9ter, cloroformo, \u00e9ter de petr\u00f3leo, tetracloruro de carbono, tetracloruro de esta\u00f1o y tetracloruro de titanio. Libera calor cuando entra en contacto con el agua, y se descompone en \u00e1cido sil\u00edcico y cloruro de hidr\u00f3geno, y reacciona violentamente cuando entra en contacto con el alcohol. Es f\u00e1cil de fluir, f\u00e1cil de volatilizar y tiene un olor desagradable y sofocante. Puede corroer la mayor\u00eda de los metales cuando hay agua.<\/p>\n<h2><span style=\"font-size: 14pt;\">Preparaci\u00f3n y proceso<\/span><\/h2>\n<p>Hay dos m\u00e9todos principales para preparar tetracloruro de silicio: uno es prepararlo a trav\u00e9s de la reacci\u00f3n de cloraci\u00f3n de compuestos de silicio (como aleaci\u00f3n de ferrosilicio, carburo de silicio, etc.) o una mezcla de di\u00f3xido de silicio y carbono; La otra es obtenerlo a trav\u00e9s de la combinaci\u00f3n qu\u00edmica directa de silicio y cloro en condiciones de laboratorio. Entre ellos, la cloraci\u00f3n de la aleaci\u00f3n de ferrosilicio para producir tetracloruro de silicio es el m\u00e9todo m\u00e1s utilizado. Este m\u00e9todo tiene las ventajas de un proceso maduro y de bajo costo. Durante el proceso de preparaci\u00f3n, es necesario controlar la temperatura de reacci\u00f3n, el tiempo de reacci\u00f3n y otras condiciones para garantizar la pureza y el rendimiento del producto. Adem\u00e1s, al preparar cloruro de silicio en el laboratorio, generalmente es necesario hacerlo a una temperatura alta de -600 \u00b0C, lo que tiene altos requisitos para equipos y tecnolog\u00eda experimentales.<\/p>\n<h2><span style=\"font-size: 14pt;\">Aplicaci\u00f3n de cloruro de silicio<\/span><\/h2>\n<p>El tetracloruro de silicio es un subproducto de la producci\u00f3n de silicio de alta pureza y tambi\u00e9n es la principal materia prima para la producci\u00f3n de preformas de fibra \u00f3ptica. Tambi\u00e9n es la principal materia prima para las industrias de silicio inorg\u00e1nico, silicio org\u00e1nico y caucho. Se utiliza en electr\u00f3nica, aviaci\u00f3n, fundici\u00f3n de precisi\u00f3n y otros campos. En la industria electr\u00f3nica, el tetracloruro de silicio se usa ampliamente para fabricar materiales semiconductores como chips de silicio y obleas de silicio. En el campo de la aviaci\u00f3n, el cloruro de silicio se utiliza para fabricar materiales de alta temperatura como cer\u00e1micas y aleaciones met\u00e1licas. En el campo de la fundici\u00f3n de precisi\u00f3n, el tetracloruro de silicio se utiliza para fabricar piezas de fundici\u00f3n de precisi\u00f3n, como cilindros de motores de autom\u00f3viles, impulsores de motores de aviones, etc.  <\/p>\n<h2><span style=\"font-size: 14pt;\">Precauciones de seguridad<\/span><\/h2>\n<p>El tetracloruro de silicio es t\u00f3xico y puede causar envenenamiento si se inhala, ingiere o absorbe a trav\u00e9s de la piel. Es muy irritante para la piel, los ojos, las membranas mucosas y otros tejidos. Por lo tanto, durante la producci\u00f3n y el funcionamiento, es necesario prestar atenci\u00f3n a la hermeticidad del equipo y a los operadores que usan equipo de protecci\u00f3n para evitar el contacto directo. Adem\u00e1s, el cloruro de silicio debe almacenarse en un almac\u00e9n fresco y ventilado, lejos de fuentes de fuego y calor, y evitar la luz solar directa. El embalaje debe estar sellado y no puede entrar en contacto con el aire.  <\/p>\n<h2><span style=\"font-size: 14pt;\">Una serie de alias para el cloruro de silicio:<\/span><\/h2>\n<p>Cloruro de silicio Tetracloruro de silicio Tetracloruro de silicio de alta pureza Tetracloruro de silicio de grado electr\u00f3nico<\/p>\n<p>SiCl4<\/p>\n<p>Tetraclorosilano 10026-04-7<\/p>\n","protected":false},"excerpt":{"rendered":"<p>El cloruro de silicio (tetracloruro de silicio) es un compuesto inorg\u00e1nico importante con la f\u00f3rmula qu\u00edmica SiCI4 y una masa molar de 169,896 g\/mol. Este compuesto es un l\u00edquido incoloro a temperatura ambiente y tiene propiedades f\u00edsicas y qu\u00edmicas \u00fanicas. Propiedades f\u00edsicas y qu\u00edmicas El cloruro de silicio es un l\u00edquido incoloro, transparente y humeante [&hellip;]<\/p>\n","protected":false},"featured_media":999828,"comment_status":"open","ping_status":"closed","template":"","meta":{"_acf_changed":false},"product_brand":[],"product_cat":[182],"product_tag":[],"class_list":{"0":"post-1010676","1":"product","2":"type-product","3":"status-publish","4":"has-post-thumbnail","6":"product_cat-materiales-halogenados","8":"first","9":"instock","10":"shipping-taxable","11":"product-type-variable"},"acf":[],"_links":{"self":[{"href":"https:\/\/vimaterial.de\/es\/wp-json\/wp\/v2\/product\/1010676","targetHints":{"allow":["GET"]}}],"collection":[{"href":"https:\/\/vimaterial.de\/es\/wp-json\/wp\/v2\/product"}],"about":[{"href":"https:\/\/vimaterial.de\/es\/wp-json\/wp\/v2\/types\/product"}],"replies":[{"embeddable":true,"href":"https:\/\/vimaterial.de\/es\/wp-json\/wp\/v2\/comments?post=1010676"}],"wp:featuredmedia":[{"embeddable":true,"href":"https:\/\/vimaterial.de\/es\/wp-json\/wp\/v2\/media\/999828"}],"wp:attachment":[{"href":"https:\/\/vimaterial.de\/es\/wp-json\/wp\/v2\/media?parent=1010676"}],"wp:term":[{"taxonomy":"product_brand","embeddable":true,"href":"https:\/\/vimaterial.de\/es\/wp-json\/wp\/v2\/product_brand?post=1010676"},{"taxonomy":"product_cat","embeddable":true,"href":"https:\/\/vimaterial.de\/es\/wp-json\/wp\/v2\/product_cat?post=1010676"},{"taxonomy":"product_tag","embeddable":true,"href":"https:\/\/vimaterial.de\/es\/wp-json\/wp\/v2\/product_tag?post=1010676"}],"curies":[{"name":"wp","href":"https:\/\/api.w.org\/{rel}","templated":true}]}}