{"id":1010669,"date":"2024-06-17T14:13:32","date_gmt":"2024-06-17T06:13:32","guid":{"rendered":"https:\/\/vimaterial.de\/product\/aleacion-de-silicio-y-germanio-2\/"},"modified":"2024-12-24T11:40:33","modified_gmt":"2024-12-24T03:40:33","slug":"aleacion-de-silicio-y-germanio-2","status":"publish","type":"product","link":"https:\/\/vimaterial.de\/es\/product\/aleacion-de-silicio-y-germanio-2\/","title":{"rendered":"Aleaci\u00f3n de silicio y germanio"},"content":{"rendered":"<p>La aleaci\u00f3n de silicio y germanio es un nuevo tipo de material semiconductor, que est\u00e1 hecho de dos materiales, silicio y germanio, mezclados en una cierta proporci\u00f3n. La aleaci\u00f3n de silicio y germanio tiene mayor conductividad, menor resistividad y mayor movilidad de portadores que el silicio puro. Estas propiedades f\u00edsicas \u00fanicas hacen que la aleaci\u00f3n de silicio-germanio se use ampliamente en la industria moderna de semiconductores.  <\/p>\n<h2><span style=\"font-size: 14pt;\">Propiedades:<\/span><\/h2>\n<h3><span style=\"font-size: 12pt;\">Ingenier\u00eda de banda prohibida:<\/span><\/h3>\n<p>Al cambiar la proporci\u00f3n de silicio y germanio, la banda prohibida de la aleaci\u00f3n se puede personalizar para que sea adecuada para una variedad de aplicaciones electr\u00f3nicas y optoelectr\u00f3nicas. La banda prohibida de Si es de 1,12 eV y la banda prohibida de Ge es de 0,66 eV.<\/p>\n<h3><span style=\"font-size: 12pt;\">Coincidencia de celos\u00eda:<\/span><\/h3>\n<p>El Si-Ge se puede cultivar en obleas de silicio con una tensi\u00f3n m\u00ednima, lo que lo hace compatible con las tecnolog\u00edas existentes basadas en silicio.<\/p>\n<h3><span style=\"font-size: 12pt;\">Conductividad t\u00e9rmica y el\u00e9ctrica:<\/span><\/h3>\n<p>Dependiendo del contenido de Ge, proporciona mejores propiedades t\u00e9rmicas y el\u00e9ctricas que el silicio puro.<\/p>\n<h3><span style=\"font-size: 12pt;\">Movilidad del transportista:<\/span><\/h3>\n<p>En comparaci\u00f3n con el silicio puro, el Si-Ge tiene una mayor movilidad de orificios y electrones, lo que mejora el rendimiento del dispositivo.<\/p>\n<h2><span style=\"font-size: 14pt;\">Aplicaci\u00f3n del germanio de silicio en el campo de los semiconductores:<\/span><\/h2>\n<p>1. Transistores de alto rendimiento: Los transistores de aleaci\u00f3n de silicio y germanio pueden alcanzar velocidades de conmutaci\u00f3n m\u00e1s r\u00e1pidas a voltajes de funcionamiento m\u00e1s bajos debido a su mayor movilidad de electrones, que es de gran importancia para mejorar el rendimiento de los circuitos integrados y reducir el consumo de energ\u00eda. Por lo tanto, los transistores de silicio y germanio son ampliamente utilizados en procesadores de alta velocidad, computaci\u00f3n de alto rendimiento y otros campos. 2. Dispositivos optoelectr\u00f3nicos: Los materiales de aleaci\u00f3n de silicio y germanio tienen buenas propiedades de absorci\u00f3n y emisi\u00f3n de luz en el espectro infrarrojo, lo que los convierte en materiales ideales para fabricar detectores infrarrojos y diodos emisores de luz. Estos dispositivos optoelectr\u00f3nicos juegan un papel importante en las comunicaciones, dispositivos de visi\u00f3n nocturna, im\u00e1genes t\u00e9rmicas y otros aspectos. 3. Dispositivos termoel\u00e9ctricos: Los materiales de aleaci\u00f3n de silicio y germanio tambi\u00e9n tienen buenas propiedades termoel\u00e9ctricas, es decir, pueden convertir directamente la energ\u00eda t\u00e9rmica en energ\u00eda el\u00e9ctrica. Esta caracter\u00edstica hace que el germanio de silicio tenga un valor de aplicaci\u00f3n potencial en la generaci\u00f3n de energ\u00eda termoel\u00e9ctrica, detecci\u00f3n de temperatura y otros campos. <\/p>\n","protected":false},"excerpt":{"rendered":"<p>La aleaci\u00f3n de silicio y germanio es un nuevo tipo de material semiconductor, que est\u00e1 hecho de dos materiales, silicio y germanio, mezclados en una cierta proporci\u00f3n. La aleaci\u00f3n de silicio y germanio tiene mayor conductividad, menor resistividad y mayor movilidad de portadores que el silicio puro. Estas propiedades f\u00edsicas \u00fanicas hacen que la aleaci\u00f3n [&hellip;]<\/p>\n","protected":false},"featured_media":1040597,"comment_status":"open","ping_status":"closed","template":"","meta":{"_acf_changed":false},"product_brand":[],"product_cat":[193],"product_tag":[],"class_list":{"0":"post-1010669","1":"product","2":"type-product","3":"status-publish","4":"has-post-thumbnail","6":"product_cat-polvo-de-aleaciones-y-metales-puros","8":"first","9":"instock","10":"shipping-taxable","11":"purchasable","12":"product-type-variable"},"acf":[],"_links":{"self":[{"href":"https:\/\/vimaterial.de\/es\/wp-json\/wp\/v2\/product\/1010669","targetHints":{"allow":["GET"]}}],"collection":[{"href":"https:\/\/vimaterial.de\/es\/wp-json\/wp\/v2\/product"}],"about":[{"href":"https:\/\/vimaterial.de\/es\/wp-json\/wp\/v2\/types\/product"}],"replies":[{"embeddable":true,"href":"https:\/\/vimaterial.de\/es\/wp-json\/wp\/v2\/comments?post=1010669"}],"wp:featuredmedia":[{"embeddable":true,"href":"https:\/\/vimaterial.de\/es\/wp-json\/wp\/v2\/media\/1040597"}],"wp:attachment":[{"href":"https:\/\/vimaterial.de\/es\/wp-json\/wp\/v2\/media?parent=1010669"}],"wp:term":[{"taxonomy":"product_brand","embeddable":true,"href":"https:\/\/vimaterial.de\/es\/wp-json\/wp\/v2\/product_brand?post=1010669"},{"taxonomy":"product_cat","embeddable":true,"href":"https:\/\/vimaterial.de\/es\/wp-json\/wp\/v2\/product_cat?post=1010669"},{"taxonomy":"product_tag","embeddable":true,"href":"https:\/\/vimaterial.de\/es\/wp-json\/wp\/v2\/product_tag?post=1010669"}],"curies":[{"name":"wp","href":"https:\/\/api.w.org\/{rel}","templated":true}]}}