{"id":1010657,"date":"2024-06-17T14:13:32","date_gmt":"2024-06-17T06:13:32","guid":{"rendered":"https:\/\/vimaterial.de\/product\/hierro-silicio\/"},"modified":"2024-12-24T13:48:31","modified_gmt":"2024-12-24T05:48:31","slug":"hierro-silicio","status":"publish","type":"product","link":"https:\/\/vimaterial.de\/es\/product\/hierro-silicio\/","title":{"rendered":"Hierro de silicona"},"content":{"rendered":"<p>El objetivo de aleaci\u00f3n de hierro y silicio es un material importante que desempe\u00f1a un papel clave en muchos campos, como la industria electr\u00f3nica, la fabricaci\u00f3n de semiconductores y los equipos \u00f3pticos. Se compone principalmente de elementos de hierro y silicio, y sus propiedades f\u00edsicas y qu\u00edmicas se ajustan controlando con precisi\u00f3n la relaci\u00f3n para satisfacer las necesidades de diferentes aplicaciones. <\/p>\n<h2><span style=\"font-size: 14pt;\">Propiedades:<\/span><\/h2>\n<p>Forma: objetivo plano, personalizaci\u00f3n de forma especial Pureza: 3N Tama\u00f1o: procesado de acuerdo con dibujos o personalizado por otros VIMATERIAL tambi\u00e9n proporciona part\u00edculas de aleaci\u00f3n de hierro y silicio, bloques de aleaci\u00f3n de hierro y silicio y polvos de aleaci\u00f3n de hierro y silicio<\/p>\n<h2><span style=\"font-size: 14pt;\">Preparaci\u00f3n:<\/span><\/h2>\n<p>Selecci\u00f3n de materias primas: seleccione metales en bloque de hierro (Fe) y silicio (Si) con una pureza superior al 99,9%, m\u00e9zclelos en una cierta proporci\u00f3n (como 1: 1 o ajuste la proporci\u00f3n seg\u00fan las necesidades espec\u00edficas) para obtener materias primas de aleaci\u00f3n; Fundici\u00f3n y mezcla: mezcle hierro y silicio en una cierta proporci\u00f3n, derritalos en condiciones de vac\u00edo, refine y funya, y obtenga lingotes despu\u00e9s de enfriarlos; Tratamiento t\u00e9rmico: el lingote se forja a alta temperatura para abrir la pieza en bruto, y luego se forja a baja temperatura en tres direcciones para romper completamente la estructura de la pieza en bruto. Despu\u00e9s de la forja, la palanquilla se recristaliza dentro de un cierto rango de temperatura para obtener un tama\u00f1o de grano fino; Deformaci\u00f3n y recocido en fr\u00edo: La palanquilla se somete a m\u00faltiples deformaciones en fr\u00edo y recocido de recuperaci\u00f3n para refinar a\u00fan m\u00e1s los granos y realizar la preparaci\u00f3n de objetivos de aleaci\u00f3n de Fe-Si de grano ultrafino; Mecanizado: La losa despu\u00e9s del tratamiento t\u00e9rmico y el recocido por deformaci\u00f3n en fr\u00edo se nivela, y despu\u00e9s del enfriamiento, la losa obtenida se mecaniza para obtener finalmente objetivos de aleaci\u00f3n Fe-Si; Inspecci\u00f3n de calidad: Los objetivos de aleaci\u00f3n de hierro y silicio preparados se someten a una inspecci\u00f3n de calidad, que incluye an\u00e1lisis de composici\u00f3n, medici\u00f3n de densidad, observaci\u00f3n de microestructura, etc., para garantizar que cumplan con los requisitos de uso.<\/p>\n<h2><span style=\"font-size: 14pt;\">Aplicaciones:<\/span><\/h2>\n<p>Industria electr\u00f3nica: Se utiliza en el proceso de recubrimiento de la fabricaci\u00f3n de componentes electr\u00f3nicos como transistores de pel\u00edcula delgada (TFT), c\u00e9lulas solares, circuitos integrados, etc. para mejorar el rendimiento y la estabilidad de los componentes electr\u00f3nicos. Campo \u00f3ptico: En la preparaci\u00f3n de pel\u00edculas \u00f3pticas, los objetivos de aleaci\u00f3n de hierro y silicio se pueden utilizar para formar capas de recubrimiento con propiedades \u00f3pticas espec\u00edficas, como pel\u00edculas reflectantes, pel\u00edculas antirreflectantes, etc. Recubrimiento de herramientas: se utiliza para mejorar la resistencia al desgaste, la resistencia a la corrosi\u00f3n y la vida \u00fatil de herramientas y moldes, y reducir los costos de producci\u00f3n. Recubrimiento decorativo: En el campo de la decoraci\u00f3n, los objetivos de aleaci\u00f3n FeSi se pueden utilizar para preparar recubrimientos decorativos con colores, brillo y textura espec\u00edficos, que pueden mejorar la est\u00e9tica y el valor agregado de los productos.<\/p>\n<p>&nbsp;<\/p>\n","protected":false},"excerpt":{"rendered":"<p>El objetivo de aleaci\u00f3n de hierro y silicio es un material importante que desempe\u00f1a un papel clave en muchos campos, como la industria electr\u00f3nica, la fabricaci\u00f3n de semiconductores y los equipos \u00f3pticos. Se compone principalmente de elementos de hierro y silicio, y sus propiedades f\u00edsicas y qu\u00edmicas se ajustan controlando con precisi\u00f3n la relaci\u00f3n para [&hellip;]<\/p>\n","protected":false},"featured_media":999842,"comment_status":"open","ping_status":"closed","template":"","meta":{"_acf_changed":false},"product_brand":[],"product_cat":[178],"product_tag":[],"class_list":{"0":"post-1010657","1":"product","2":"type-product","3":"status-publish","4":"has-post-thumbnail","6":"product_cat-catodos-para-sputtering-planar","8":"first","9":"instock","10":"shipping-taxable","11":"purchasable","12":"product-type-variable"},"acf":[],"_links":{"self":[{"href":"https:\/\/vimaterial.de\/es\/wp-json\/wp\/v2\/product\/1010657","targetHints":{"allow":["GET"]}}],"collection":[{"href":"https:\/\/vimaterial.de\/es\/wp-json\/wp\/v2\/product"}],"about":[{"href":"https:\/\/vimaterial.de\/es\/wp-json\/wp\/v2\/types\/product"}],"replies":[{"embeddable":true,"href":"https:\/\/vimaterial.de\/es\/wp-json\/wp\/v2\/comments?post=1010657"}],"wp:featuredmedia":[{"embeddable":true,"href":"https:\/\/vimaterial.de\/es\/wp-json\/wp\/v2\/media\/999842"}],"wp:attachment":[{"href":"https:\/\/vimaterial.de\/es\/wp-json\/wp\/v2\/media?parent=1010657"}],"wp:term":[{"taxonomy":"product_brand","embeddable":true,"href":"https:\/\/vimaterial.de\/es\/wp-json\/wp\/v2\/product_brand?post=1010657"},{"taxonomy":"product_cat","embeddable":true,"href":"https:\/\/vimaterial.de\/es\/wp-json\/wp\/v2\/product_cat?post=1010657"},{"taxonomy":"product_tag","embeddable":true,"href":"https:\/\/vimaterial.de\/es\/wp-json\/wp\/v2\/product_tag?post=1010657"}],"curies":[{"name":"wp","href":"https:\/\/api.w.org\/{rel}","templated":true}]}}