{"id":1010631,"date":"2024-06-17T14:13:36","date_gmt":"2024-06-17T06:13:36","guid":{"rendered":"https:\/\/vimaterial.de\/product\/silicio-molibdeno-boro\/"},"modified":"2024-12-24T14:47:05","modified_gmt":"2024-12-24T06:47:05","slug":"silicio-molibdeno-boro","status":"publish","type":"product","link":"https:\/\/vimaterial.de\/es\/product\/silicio-molibdeno-boro\/","title":{"rendered":"Silicio Molibdeno Boro"},"content":{"rendered":"<p>El objetivo de pulverizaci\u00f3n cat\u00f3dica de aleaci\u00f3n de silicio, molibdeno y boro (Si-Mo-B) es un material de alto rendimiento que combina silicio (Si), molibdeno (Mo) y boro (B) para formar pel\u00edculas delgadas con propiedades especiales y es adecuado para diversas aplicaciones. Aplicaciones industriales y electr\u00f3nicas. Los objetivos se pueden fabricar en una variedad de tama\u00f1os y formas (redondos, rectangulares, planos o girados) para cumplir con los requisitos espec\u00edficos del sistema de deposici\u00f3n. <\/p>\n<h2><span style=\"font-size: 14pt;\">Propiedades de la aleaci\u00f3n Si-Mo-B<\/span><\/h2>\n<h3><span style=\"font-size: 12pt;\">Estabilidad t\u00e9rmica:<\/span><\/h3>\n<p>La combinaci\u00f3n de silicio y molibdeno mejora la estabilidad a altas temperaturas, mientras que el boro ayuda a mejorar la resistencia al calor y la dureza.<\/p>\n<h3><span style=\"font-size: 12pt;\">Resistencia a la corrosi\u00f3n y a la oxidaci\u00f3n:<\/span><\/h3>\n<p>Las pel\u00edculas delgadas depositadas a partir de objetivos de silicio, molibdeno y boro (Si-Mo-B) tienen una excelente resistencia a la degradaci\u00f3n qu\u00edmica, lo que las hace adecuadas para su uso en entornos hostiles.<\/p>\n<h3><span style=\"font-size: 12pt;\">Dureza mec\u00e1nica:<\/span><\/h3>\n<p>El boro le da al material una dureza significativa, lo que lo hace ideal para recubrimientos resistentes al desgaste.<\/p>\n<h3><span style=\"font-size: 12pt;\">Conductividad:<\/span><\/h3>\n<p>Las propiedades el\u00e9ctricas de la aleaci\u00f3n se pueden ajustar ajustando las proporciones de Si, Mo y B, lo que las hace \u00fatiles en aplicaciones electr\u00f3nicas y de semiconductores.<\/p>\n<h3><span style=\"font-size: 12pt;\">Uniformidad de la pel\u00edcula:<\/span><\/h3>\n<p>Los objetivos de silicio molibdeno boro (Si-Mo-B) est\u00e1n dise\u00f1ados para una pulverizaci\u00f3n cat\u00f3dica uniforme, lo que garantiza un espesor de pel\u00edcula y un rendimiento constantes en todo el sustrato.<\/p>\n<h2><span style=\"font-size: 14pt;\">Aplicaciones de los objetivos de pulverizaci\u00f3n cat\u00f3dica Si-Mo-B<\/span><\/h2>\n<h3><span style=\"font-size: 12pt;\">Recubrimiento protector:<\/span><\/h3>\n<p>Para depositar recubrimientos duros y duraderos en herramientas, troqueles y equipos de corte. Excelente para recubrimientos anticorrosivos y antioxidantes.<\/p>\n<h3><span style=\"font-size: 12pt;\">Microelectr\u00f3nica:<\/span><\/h3>\n<p>Las pel\u00edculas delgadas de objetivos de silicio molibdeno boro (Si-Mo-B) se utilizan en dispositivos semiconductores y tienen una alta estabilidad t\u00e9rmica y propiedades el\u00e9ctricas precisas.<\/p>\n<h3><span style=\"font-size: 12pt;\">Aeroespacial y Automotriz:<\/span><\/h3>\n<p>Recubrimientos para componentes expuestos a altas temperaturas y desgaste mec\u00e1nico, como \u00e1labes de turbinas y sistemas de escape.<\/p>\n<h3><span style=\"font-size: 12pt;\">Optoelectr\u00f3nica:<\/span><\/h3>\n<p>Se utiliza para producir pel\u00edculas \u00f3pticas con propiedades refractivas o protectoras mejoradas.<\/p>\n<h3><span style=\"font-size: 12pt;\">C\u00e9lulas solares:<\/span><\/h3>\n<p>En el caso de las pel\u00edculas delgadas utilizadas en dispositivos fotovoltaicos avanzados, la durabilidad y la eficiencia son fundamentales.<\/p>\n","protected":false},"excerpt":{"rendered":"<p>El objetivo de pulverizaci\u00f3n cat\u00f3dica de aleaci\u00f3n de silicio, molibdeno y boro (Si-Mo-B) es un material de alto rendimiento que combina silicio (Si), molibdeno (Mo) y boro (B) para formar pel\u00edculas delgadas con propiedades especiales y es adecuado para diversas aplicaciones. Aplicaciones industriales y electr\u00f3nicas. Los objetivos se pueden fabricar en una variedad de tama\u00f1os [&hellip;]<\/p>\n","protected":false},"featured_media":999872,"comment_status":"open","ping_status":"closed","template":"","meta":{"_acf_changed":false},"product_brand":[],"product_cat":[178],"product_tag":[],"class_list":{"0":"post-1010631","1":"product","2":"type-product","3":"status-publish","4":"has-post-thumbnail","6":"product_cat-catodos-para-sputtering-planar","8":"first","9":"instock","10":"shipping-taxable","11":"purchasable","12":"product-type-variable"},"acf":[],"_links":{"self":[{"href":"https:\/\/vimaterial.de\/es\/wp-json\/wp\/v2\/product\/1010631","targetHints":{"allow":["GET"]}}],"collection":[{"href":"https:\/\/vimaterial.de\/es\/wp-json\/wp\/v2\/product"}],"about":[{"href":"https:\/\/vimaterial.de\/es\/wp-json\/wp\/v2\/types\/product"}],"replies":[{"embeddable":true,"href":"https:\/\/vimaterial.de\/es\/wp-json\/wp\/v2\/comments?post=1010631"}],"wp:featuredmedia":[{"embeddable":true,"href":"https:\/\/vimaterial.de\/es\/wp-json\/wp\/v2\/media\/999872"}],"wp:attachment":[{"href":"https:\/\/vimaterial.de\/es\/wp-json\/wp\/v2\/media?parent=1010631"}],"wp:term":[{"taxonomy":"product_brand","embeddable":true,"href":"https:\/\/vimaterial.de\/es\/wp-json\/wp\/v2\/product_brand?post=1010631"},{"taxonomy":"product_cat","embeddable":true,"href":"https:\/\/vimaterial.de\/es\/wp-json\/wp\/v2\/product_cat?post=1010631"},{"taxonomy":"product_tag","embeddable":true,"href":"https:\/\/vimaterial.de\/es\/wp-json\/wp\/v2\/product_tag?post=1010631"}],"curies":[{"name":"wp","href":"https:\/\/api.w.org\/{rel}","templated":true}]}}