{"id":1010627,"date":"2024-06-17T14:13:33","date_gmt":"2024-06-17T06:13:33","guid":{"rendered":"https:\/\/vimaterial.de\/product\/aleacion-de-silicio-y-lantano\/"},"modified":"2024-12-24T14:07:39","modified_gmt":"2024-12-24T06:07:39","slug":"aleacion-de-silicio-y-lantano","status":"publish","type":"product","link":"https:\/\/vimaterial.de\/es\/product\/aleacion-de-silicio-y-lantano\/","title":{"rendered":"Aleaci\u00f3n de silicio y lantano"},"content":{"rendered":"<p>La aleaci\u00f3n de lantano y silicio no es un compuesto t\u00edpico, sino una mezcla de materiales met\u00e1licos, que se forma combinando dos elementos, lantano y silicio, a trav\u00e9s de un proceso metal\u00fargico, y no forma una f\u00f3rmula qu\u00edmica fija. VIMATERIAL ofrece una variedad de polvos personalizados para satisfacer sus necesidades de investigaci\u00f3n cient\u00edfica.<\/p>\n<h2><span style=\"font-size: 14pt;\">Caracter\u00edsticas y clasificaci\u00f3n de la aleaci\u00f3n de silicio y lantano.<\/span><\/h2>\n<p>La aleaci\u00f3n de lantano y silicio es un material met\u00e1lico compuesto de lantano y silicio. El lantano es un elemento de tierras raras con buena conductividad y ductilidad; El silicio es un material semiconductor com\u00fan. Cuando estos dos elementos se combinan a trav\u00e9s de la tecnolog\u00eda metal\u00fargica, forman un nuevo material que combina algunas de las propiedades del lantano y el silicio. Sin embargo, esta combinaci\u00f3n no forma una f\u00f3rmula qu\u00edmica fija. La proporci\u00f3n de lantano y silicio en la aleaci\u00f3n de silicio-lantano se puede ajustar seg\u00fan sea necesario para obtener las propiedades f\u00edsicas y qu\u00edmicas deseadas. Esta flexibilidad es la caracter\u00edstica de la aleaci\u00f3n y su principal diferencia con los compuestos.  <\/p>\n<h2><span style=\"font-size: 14pt;\">Aplicaci\u00f3n de aleaci\u00f3n de silicio y lantano<\/span><\/h2>\n<h3><span style=\"font-size: 12pt;\">Materiales electr\u00f3nicos:<\/span><\/h3>\n<p>Las aleaciones de silicio y lantano se pueden utilizar en aplicaciones que requieren semiconductores dopados con tierras raras, que pueden mejorar la movilidad del portador o las propiedades \u00f3pticas.<\/p>\n<h3><span style=\"font-size: 12pt;\">Metalurgia Avanzada:<\/span><\/h3>\n<p>Como agente de aleaci\u00f3n en acero u otros metales, el lantano puede mejorar el refinamiento del grano y las propiedades mec\u00e1nicas, mientras que el silicio puede mejorar a\u00fan m\u00e1s la durabilidad.<\/p>\n<h3><span style=\"font-size: 12pt;\">Componentes de alta temperatura:<\/span><\/h3>\n<p>Se puede utilizar para producir piezas expuestas a calor extremo, como hornos aeroespaciales o industriales.<\/p>\n<h3><span style=\"font-size: 12pt;\">Cat\u00e1lisis:<\/span><\/h3>\n<p>La combinaci\u00f3n de silicio y lantano puede desempe\u00f1ar un papel en aplicaciones catal\u00edticas, donde el lantano act\u00faa como sitio activo y el silicio proporciona una matriz duradera.<\/p>\n","protected":false},"excerpt":{"rendered":"<p>La aleaci\u00f3n de lantano y silicio no es un compuesto t\u00edpico, sino una mezcla de materiales met\u00e1licos, que se forma combinando dos elementos, lantano y silicio, a trav\u00e9s de un proceso metal\u00fargico, y no forma una f\u00f3rmula qu\u00edmica fija. VIMATERIAL ofrece una variedad de polvos personalizados para satisfacer sus necesidades de investigaci\u00f3n cient\u00edfica. Caracter\u00edsticas y [&hellip;]<\/p>\n","protected":false},"featured_media":999865,"comment_status":"open","ping_status":"closed","template":"","meta":{"_acf_changed":false},"product_brand":[],"product_cat":[193],"product_tag":[],"class_list":{"0":"post-1010627","1":"product","2":"type-product","3":"status-publish","4":"has-post-thumbnail","6":"product_cat-polvo-de-aleaciones-y-metales-puros","8":"first","9":"instock","10":"shipping-taxable","11":"product-type-variable"},"acf":[],"_links":{"self":[{"href":"https:\/\/vimaterial.de\/es\/wp-json\/wp\/v2\/product\/1010627","targetHints":{"allow":["GET"]}}],"collection":[{"href":"https:\/\/vimaterial.de\/es\/wp-json\/wp\/v2\/product"}],"about":[{"href":"https:\/\/vimaterial.de\/es\/wp-json\/wp\/v2\/types\/product"}],"replies":[{"embeddable":true,"href":"https:\/\/vimaterial.de\/es\/wp-json\/wp\/v2\/comments?post=1010627"}],"wp:featuredmedia":[{"embeddable":true,"href":"https:\/\/vimaterial.de\/es\/wp-json\/wp\/v2\/media\/999865"}],"wp:attachment":[{"href":"https:\/\/vimaterial.de\/es\/wp-json\/wp\/v2\/media?parent=1010627"}],"wp:term":[{"taxonomy":"product_brand","embeddable":true,"href":"https:\/\/vimaterial.de\/es\/wp-json\/wp\/v2\/product_brand?post=1010627"},{"taxonomy":"product_cat","embeddable":true,"href":"https:\/\/vimaterial.de\/es\/wp-json\/wp\/v2\/product_cat?post=1010627"},{"taxonomy":"product_tag","embeddable":true,"href":"https:\/\/vimaterial.de\/es\/wp-json\/wp\/v2\/product_tag?post=1010627"}],"curies":[{"name":"wp","href":"https:\/\/api.w.org\/{rel}","templated":true}]}}