{"id":1010593,"date":"2024-06-17T14:14:17","date_gmt":"2024-06-17T06:14:17","guid":{"rendered":"https:\/\/vimaterial.de\/product\/monoxido-de-silicio-2\/"},"modified":"2024-12-24T15:17:12","modified_gmt":"2024-12-24T07:17:12","slug":"monoxido-de-silicio-2","status":"publish","type":"product","link":"https:\/\/vimaterial.de\/es\/product\/monoxido-de-silicio-2\/","title":{"rendered":"Mon\u00f3xido de silicio"},"content":{"rendered":"<p>El mon\u00f3xido de silicio es un compuesto inorg\u00e1nico con la f\u00f3rmula qu\u00edmica SiO. Es un compuesto compuesto por elementos silicio y ox\u00edgeno con un peso molecular de 60,0845. El SiO es un polvo s\u00f3lido marr\u00f3n con un alto punto de fusi\u00f3n y punto de ebullici\u00f3n. Es un compuesto relativamente estable, pero puede reaccionar con ciertas sustancias a altas temperaturas.   <\/p>\n<h2><span style=\"font-size: 14pt;\">Propiedades del mon\u00f3xido de silicio<\/span><\/h2>\n<p>Aspecto: polvo amorfo de color marr\u00f3n negro a loess Punto de fusi\u00f3n: 1702 \u00b0C Punto de ebullici\u00f3n: 1880 \u00b0C Densidad: 2,13 g \/ cm<\/p>\n<p>Insoluble en agua. Puede disolverse en un \u00e1cido mixto de \u00e1cido fluorh\u00eddrico diluido y \u00e1cido n\u00edtrico y liberar tetrafluoruro de silicio y generar polvo de di\u00f3xido de silicio blanco cuando se calienta en el aire.<\/p>\n<h2><span style=\"font-size: 14pt;\">Aplicaci\u00f3n de mon\u00f3xido de silicio<\/span><\/h2>\n<p>1. Materiales semiconductores: Debido a que el SiO tiene una alta pureza y excelentes propiedades f\u00edsicas, es una materia prima importante para la preparaci\u00f3n de materiales semiconductores. Al doparse con otros elementos, las propiedades conductoras del SiO se pueden ajustar para satisfacer las necesidades de diferentes dispositivos electr\u00f3nicos. 2. Materiales \u00f3pticos: El SiO tiene una alta transparencia y buenas propiedades \u00f3pticas, por lo que a menudo se utiliza como material para preparar lentes \u00f3pticas, prismas y otros componentes \u00f3pticos. 3. Materiales cer\u00e1micos: El SiO tambi\u00e9n es un componente importante para la preparaci\u00f3n de cer\u00e1micas de alto rendimiento. Estos materiales cer\u00e1micos tienen excelentes propiedades, como resistencia a altas temperaturas y resistencia a la corrosi\u00f3n, y son ampliamente utilizados en la industria aeroespacial, la fabricaci\u00f3n de autom\u00f3viles y otros campos. <\/p>\n<h2><span style=\"font-size: 14pt;\">Preparaci\u00f3n de mon\u00f3xido de silicio<\/span><\/h2>\n<p>Actualmente, existen dos m\u00e9todos principales para preparar SiO: la deposici\u00f3n qu\u00edmica de vapor y el m\u00e9todo sol-gel. 1. M\u00e9todo de deposici\u00f3n qu\u00edmica de vapor: bajo una cierta temperatura y presi\u00f3n, la fuente de silicio y la fuente de ox\u00edgeno se convierten en mon\u00f3xido de silicio a trav\u00e9s de una reacci\u00f3n qu\u00edmica y se depositan en el sustrato. Este m\u00e9todo puede preparar pel\u00edculas de mon\u00f3xido de silicio de alta pureza y alta calidad. 2. M\u00e9todo sol-gel: Al disolver la fuente de silicio en un solvente para formar un sol, y luego someterse a pasos como la gelificaci\u00f3n, el secado y el tratamiento t\u00e9rmico, finalmente se obtiene polvo de mon\u00f3xido de silicio o material a granel. Este m\u00e9todo es simple en el proceso, de bajo costo y adecuado para la producci\u00f3n a gran escala.<\/p>\n<h2><span style=\"font-size: 14pt;\">\u00bfEs el mon\u00f3xido de silicio un material semiconductor?<\/span><\/h2>\n<p>El SiO es un material aislante t\u00edpico y no tiene la conductividad de los materiales semiconductores. Aunque el mon\u00f3xido de silicio se usa ampliamente en el campo de la electr\u00f3nica para fabricar capas aislantes y de aislamiento en circuitos integrados, no es un material semiconductor en s\u00ed mismo. <\/p>\n","protected":false},"excerpt":{"rendered":"<p>El mon\u00f3xido de silicio es un compuesto inorg\u00e1nico con la f\u00f3rmula qu\u00edmica SiO. Es un compuesto compuesto por elementos silicio y ox\u00edgeno con un peso molecular de 60,0845. El SiO es un polvo s\u00f3lido marr\u00f3n con un alto punto de fusi\u00f3n y punto de ebullici\u00f3n. Es un compuesto relativamente estable, pero puede reaccionar con ciertas [&hellip;]<\/p>\n","protected":false},"featured_media":999896,"comment_status":"open","ping_status":"closed","template":"","meta":{"_acf_changed":false},"product_brand":[],"product_cat":[186],"product_tag":[],"class_list":{"0":"post-1010593","1":"product","2":"type-product","3":"status-publish","4":"has-post-thumbnail","6":"product_cat-materiales-de-oxido-hidroxido","8":"first","9":"instock","10":"shipping-taxable","11":"purchasable","12":"product-type-variable"},"acf":[],"_links":{"self":[{"href":"https:\/\/vimaterial.de\/es\/wp-json\/wp\/v2\/product\/1010593","targetHints":{"allow":["GET"]}}],"collection":[{"href":"https:\/\/vimaterial.de\/es\/wp-json\/wp\/v2\/product"}],"about":[{"href":"https:\/\/vimaterial.de\/es\/wp-json\/wp\/v2\/types\/product"}],"replies":[{"embeddable":true,"href":"https:\/\/vimaterial.de\/es\/wp-json\/wp\/v2\/comments?post=1010593"}],"wp:featuredmedia":[{"embeddable":true,"href":"https:\/\/vimaterial.de\/es\/wp-json\/wp\/v2\/media\/999896"}],"wp:attachment":[{"href":"https:\/\/vimaterial.de\/es\/wp-json\/wp\/v2\/media?parent=1010593"}],"wp:term":[{"taxonomy":"product_brand","embeddable":true,"href":"https:\/\/vimaterial.de\/es\/wp-json\/wp\/v2\/product_brand?post=1010593"},{"taxonomy":"product_cat","embeddable":true,"href":"https:\/\/vimaterial.de\/es\/wp-json\/wp\/v2\/product_cat?post=1010593"},{"taxonomy":"product_tag","embeddable":true,"href":"https:\/\/vimaterial.de\/es\/wp-json\/wp\/v2\/product_tag?post=1010593"}],"curies":[{"name":"wp","href":"https:\/\/api.w.org\/{rel}","templated":true}]}}