{"id":1010479,"date":"2024-06-17T14:14:20","date_gmt":"2024-06-17T06:14:20","guid":{"rendered":"https:\/\/vimaterial.de\/product\/dioxido-de-silicio-3\/"},"modified":"2024-12-24T16:33:55","modified_gmt":"2024-12-24T08:33:55","slug":"dioxido-de-silicio-3","status":"publish","type":"product","link":"https:\/\/vimaterial.de\/es\/product\/dioxido-de-silicio-3\/","title":{"rendered":"Di\u00f3xido del silicio"},"content":{"rendered":"<p>El di\u00f3xido de silicio, f\u00f3rmula qu\u00edmica SiO2, es un compuesto inorg\u00e1nico. Es un cristal incoloro y transparente con alto punto de fusi\u00f3n y alta estabilidad t\u00e9rmica. Es insoluble en agua, pero puede reaccionar con el \u00e1lcali y el \u00e1cido para producir las sales correspondientes. VIMATERIAL puede proporcionar polvo de di\u00f3xido de silicio, part\u00edculas, objetivos y obleas.  <\/p>\n<h2><span style=\"font-size: 14pt;\">Estructura del di\u00f3xido de silicio<\/span><\/h2>\n<p>Los cristales de SiO2 tienen una variedad de formas cristalinas, y su unidad estructural b\u00e1sica es un tetraedro, con 4 \u00e1tomos de O alrededor de cada Si, Si en el centro y O en los cuatro v\u00e9rtices; Hay 6 \u00e1tomos de silicio y 6 \u00e1tomos de ox\u00edgeno en el anillo m\u00e1s peque\u00f1o. Muchos de estos tetraedros est\u00e1n conectados por O en los v\u00e9rtices, y cada O es compartido por dos tetraedros, es decir, cada O se combina con 2 Si. De hecho, los cristales de SiO2 son estructuras de red tridimensionales compuestas de Si y O en una proporci\u00f3n de 1:2. Por lo tanto, el SiO2 se usa generalmente para representar la composici\u00f3n del di\u00f3xido de silicio. El tetraedro de SiO4 existe no solo en los cristales de SiO2, sino tambi\u00e9n en todos los minerales de silicato, y es el esqueleto b\u00e1sico del colorido mundo del silicato. <\/p>\n<h2><span style=\"font-size: 14pt;\">Propiedades f\u00edsicas<\/span><\/h2>\n<p>Tiene las propiedades de alta dureza, resistencia a altas temperaturas, resistencia a los golpes y aislamiento el\u00e9ctrico. Puede transmitir luz visible, as\u00ed como rayos rojos y ultravioleta. <\/p>\n<h2><span style=\"font-size: 14pt;\">Propiedades qu\u00edmicas<\/span><\/h2>\n<p>El SiO2 es un \u00f3xido \u00e1cido, y el hidrato m\u00e1s alto correspondiente es el \u00e1cido sil\u00edcico (H2SiO3). El di\u00f3xido de silicio es qu\u00edmicamente inactivo y no reacciona f\u00e1cilmente con el agua y la mayor\u00eda de los \u00e1cidos. Por lo general, solo puede reaccionar con \u00f3xidos alcalinos para formar sales. El \u00e1cido fluorh\u00eddrico (HF) es un \u00e1cido que puede reaccionar con \u00e9l. (Tambi\u00e9n hay \u00e1cido fosf\u00f3rico concentrado caliente)    <\/p>\n<h2><span style=\"font-size: 14pt;\">Aplicaci\u00f3n de di\u00f3xido de silicio<\/span><\/h2>\n<h3><span style=\"font-size: 12pt;\">1. Utilizado en el campo qu\u00edmico<\/span><\/h3>\n<p>El SiO2 es un adsorbente que puede absorber gases nocivos, humedad, etc., para evitar la delicuescencia, la contaminaci\u00f3n, etc. Es ampliamente utilizado en catalizadores, agentes de separaci\u00f3n, materiales anticorrosivos y otros campos. <\/p>\n<h3><span style=\"font-size: 12pt;\">2. Utilizado en el campo de la medicina<\/span><\/h3>\n<p>El di\u00f3xido de silicio se puede utilizar como estabilizador de f\u00e1rmacos, agente reol\u00f3gico, humectante, abrasivo, etc. En el proceso de producci\u00f3n de medicamentos, el di\u00f3xido de silicio puede mantener eficazmente la estabilidad de los medicamentos, prolongar la vida \u00fatil de los medicamentos y prevenir las reacciones qu\u00edmicas de los medicamentos. <\/p>\n<h3><span style=\"font-size: 12pt;\">3. Utilizado en cosm\u00e9tica<\/span><\/h3>\n<p>El SiO2 se puede utilizar como protector solar, productos para el cuidado de la piel, etc. Tiene excelentes propiedades higrosc\u00f3picas y lubricantes, que pueden ayudar a regular el equilibrio de humedad de la piel. <\/p>\n<h3><span style=\"font-size: 12pt;\">4. Utilizado en alimentos<\/span><\/h3>\n<p>El di\u00f3xido de silicio se puede utilizar como agente a prueba de humedad, agente antiaglomerante, agente reol\u00f3gico, estabilizador, etc. para alimentos. Puede reducir eficazmente la absorci\u00f3n de humedad y evitar que los alimentos se echen a perder. <\/p>\n<h3><span style=\"font-size: 12pt;\">5. Utilizado en materiales de construcci\u00f3n<\/span><\/h3>\n<p>El di\u00f3xido de silicio se puede utilizar como relleno, espesante, etc. para materiales de construcci\u00f3n. Puede mejorar la dureza y la estabilidad de los materiales de construcci\u00f3n y prolongar la vida \u00fatil de los materiales de construcci\u00f3n. <\/p>\n","protected":false},"excerpt":{"rendered":"<p>El di\u00f3xido de silicio, f\u00f3rmula qu\u00edmica SiO2, es un compuesto inorg\u00e1nico. Es un cristal incoloro y transparente con alto punto de fusi\u00f3n y alta estabilidad t\u00e9rmica. Es insoluble en agua, pero puede reaccionar con el \u00e1lcali y el \u00e1cido para producir las sales correspondientes. VIMATERIAL puede proporcionar polvo de di\u00f3xido de silicio, part\u00edculas, objetivos y [&hellip;]<\/p>\n","protected":false},"featured_media":999930,"comment_status":"open","ping_status":"closed","template":"","meta":{"_acf_changed":false},"product_brand":[],"product_cat":[186],"product_tag":[],"class_list":{"0":"post-1010479","1":"product","2":"type-product","3":"status-publish","4":"has-post-thumbnail","6":"product_cat-materiales-de-oxido-hidroxido","8":"first","9":"instock","10":"shipping-taxable","11":"purchasable","12":"product-type-variable"},"acf":[],"_links":{"self":[{"href":"https:\/\/vimaterial.de\/es\/wp-json\/wp\/v2\/product\/1010479","targetHints":{"allow":["GET"]}}],"collection":[{"href":"https:\/\/vimaterial.de\/es\/wp-json\/wp\/v2\/product"}],"about":[{"href":"https:\/\/vimaterial.de\/es\/wp-json\/wp\/v2\/types\/product"}],"replies":[{"embeddable":true,"href":"https:\/\/vimaterial.de\/es\/wp-json\/wp\/v2\/comments?post=1010479"}],"wp:featuredmedia":[{"embeddable":true,"href":"https:\/\/vimaterial.de\/es\/wp-json\/wp\/v2\/media\/999930"}],"wp:attachment":[{"href":"https:\/\/vimaterial.de\/es\/wp-json\/wp\/v2\/media?parent=1010479"}],"wp:term":[{"taxonomy":"product_brand","embeddable":true,"href":"https:\/\/vimaterial.de\/es\/wp-json\/wp\/v2\/product_brand?post=1010479"},{"taxonomy":"product_cat","embeddable":true,"href":"https:\/\/vimaterial.de\/es\/wp-json\/wp\/v2\/product_cat?post=1010479"},{"taxonomy":"product_tag","embeddable":true,"href":"https:\/\/vimaterial.de\/es\/wp-json\/wp\/v2\/product_tag?post=1010479"}],"curies":[{"name":"wp","href":"https:\/\/api.w.org\/{rel}","templated":true}]}}