{"id":1010425,"date":"2024-06-17T14:14:22","date_gmt":"2024-06-17T06:14:22","guid":{"rendered":"https:\/\/vimaterial.de\/product\/sulfuro-de-silicio\/"},"modified":"2024-12-24T17:37:16","modified_gmt":"2024-12-24T09:37:16","slug":"sulfuro-de-silicio","status":"publish","type":"product","link":"https:\/\/vimaterial.de\/es\/product\/sulfuro-de-silicio\/","title":{"rendered":"Sulfuro de silicio"},"content":{"rendered":"<p>Sulfuro de silicio, la f\u00f3rmula molecular es SiS2. Cristales r\u00f3mbicos o tetragonales fibrosos blancos. Estable a temperatura y presi\u00f3n ambiente, se descompone en SiO2 y H2S cuando se expone a la humedad. Se quema cuando se calienta en el aire.   <\/p>\n<h2><span style=\"font-size: 14pt;\">Propiedades f\u00edsicas del disulfuro de silicio<\/span><\/h2>\n<p>F\u00f3rmula molecular: SiS2 Peso molecular: 92.215 Propiedades: polvo cristalino blanco Densidad: 2,02 g \/ cm3 Punto de fusi\u00f3n: 1090 \u00b0C Punto de ebullici\u00f3n: 1130 \u00b0C<\/p>\n<h2><span style=\"font-size: 14pt;\">Caracter\u00edsticas t\u00e9cnicas:<\/span><\/h2>\n<p>1. Pureza: 4N (99.99%) 5N (99.999%) 2. Embalaje: embotellado, 1 kg\/botella, envasado al vac\u00edo con pel\u00edcula compuesta de aluminio fuera de la botella; 3. Acoplamiento t\u00e9cnico: fusi\u00f3n al vac\u00edo a alta temperatura y alta presi\u00f3n, difusi\u00f3n t\u00e9rmica despu\u00e9s del tratamiento; 4. Aplicaci\u00f3n: investigaci\u00f3n cient\u00edfica; 5. M\u00e9todo de almacenamiento: sellado y a prueba de luz a temperatura ambiente, lugar ventilado y seco<\/p>\n<h2><span style=\"font-size: 14pt;\">Tipos de cristales de disulfuro de silicio<\/span><\/h2>\n<p>Los cristales de disulfuro de silicio tienen varios tipos estructurales, principalmente los siguientes tres tipos:<\/p>\n<h3><span style=\"font-size: 12pt;\">1. Cristales SiS2 de tipo \u03b1<\/span><\/h3>\n<p>Los cristales de SiS2 de tipo \u03b1 son estructuras de empaquetamiento hexagonales m\u00e1s cercanas con estructuras en capas, y la estructura cristalina tridimensional se mantiene por la fuerza de interacci\u00f3n de las fuerzas de van der Waals entre capas. Los par\u00e1metros de celda unitaria de los cristales de disulfuro de silicio de tipo \u03b1 son a = 3,086 nm, c = 5,058 nm y la densidad del cristal es de 2,97 g \/ cm\u00b3. <\/p>\n<h3><span style=\"font-size: 12pt;\">2. Cristales SiS2 de tipo \u03b2<\/span><\/h3>\n<p>Los cristales de SiS2 de tipo \u03b2 son estructuras de empaquetamiento tetragonales m\u00e1s cercanas con estructuras en capas, y la distancia de enlace S-S entre capas adyacentes es igual a la longitud del enlace S-S dentro de la capa. Los par\u00e1metros de la celda unitaria del cristal de disulfuro de silicio de tipo \u03b2 son a = b = c = 0,382 nm y la densidad del cristal es de 2,66 g \/ cm\u00b3. <\/p>\n<h3><span style=\"font-size: 12pt;\">3. Cristal SiS2 de tipo \u03b3<\/span><\/h3>\n<p>El cristal SiS2 de tipo \u03b3 es una estructura cristalina c\u00fabica de per\u00edodo largo, con las propiedades de los cristales de SiS2 de tipo \u03b1 y \u03b2, su constante reticular es a = 1,2067 nm y la densidad del cristal es de 2,18 g \/ cm\u00b3.<\/p>\n<h2><span style=\"font-size: 14pt;\">Caracter\u00edsticas y campos de aplicaci\u00f3n del disulfuro de silicio<\/span><\/h2>\n<p>El disulfuro de silicio tiene propiedades qu\u00edmicas relativamente estables, alta dureza y no se ve afectado f\u00e1cilmente por efectos f\u00edsicos como la expansi\u00f3n t\u00e9rmica. Por lo tanto, a menudo se utiliza para preparar materiales cer\u00e1micos, catalizadores, agentes de fricci\u00f3n, etc. En la industria electr\u00f3nica, tambi\u00e9n es ampliamente utilizado en la fabricaci\u00f3n de semiconductores y c\u00e9lulas solares.  <\/p>\n<h2><span style=\"font-size: 14pt;\">Productos similares:<\/span><\/h2>\n<p>Disulfuro de germanio (GeS2), monosulfuro de germanio (GeS), (TiS2), CoS2, disulfuro de n\u00edquel (NiS2), sulfuro de litio (Li2S), etc.<\/p>\n","protected":false},"excerpt":{"rendered":"<p>Sulfuro de silicio, la f\u00f3rmula molecular es SiS2. Cristales r\u00f3mbicos o tetragonales fibrosos blancos. Estable a temperatura y presi\u00f3n ambiente, se descompone en SiO2 y H2S cuando se expone a la humedad. Se quema cuando se calienta en el aire. Propiedades f\u00edsicas del disulfuro de silicio F\u00f3rmula molecular: SiS2 Peso molecular: 92.215 Propiedades: polvo cristalino [&hellip;]<\/p>\n","protected":false},"featured_media":1042397,"comment_status":"open","ping_status":"closed","template":"","meta":{"_acf_changed":false},"product_brand":[],"product_cat":[181],"product_tag":[],"class_list":{"0":"post-1010425","1":"product","2":"type-product","3":"status-publish","4":"has-post-thumbnail","6":"product_cat-materiales-calcogenuros","8":"first","9":"instock","10":"shipping-taxable","11":"purchasable","12":"product-type-variable"},"acf":[],"_links":{"self":[{"href":"https:\/\/vimaterial.de\/es\/wp-json\/wp\/v2\/product\/1010425","targetHints":{"allow":["GET"]}}],"collection":[{"href":"https:\/\/vimaterial.de\/es\/wp-json\/wp\/v2\/product"}],"about":[{"href":"https:\/\/vimaterial.de\/es\/wp-json\/wp\/v2\/types\/product"}],"replies":[{"embeddable":true,"href":"https:\/\/vimaterial.de\/es\/wp-json\/wp\/v2\/comments?post=1010425"}],"wp:featuredmedia":[{"embeddable":true,"href":"https:\/\/vimaterial.de\/es\/wp-json\/wp\/v2\/media\/1042397"}],"wp:attachment":[{"href":"https:\/\/vimaterial.de\/es\/wp-json\/wp\/v2\/media?parent=1010425"}],"wp:term":[{"taxonomy":"product_brand","embeddable":true,"href":"https:\/\/vimaterial.de\/es\/wp-json\/wp\/v2\/product_brand?post=1010425"},{"taxonomy":"product_cat","embeddable":true,"href":"https:\/\/vimaterial.de\/es\/wp-json\/wp\/v2\/product_cat?post=1010425"},{"taxonomy":"product_tag","embeddable":true,"href":"https:\/\/vimaterial.de\/es\/wp-json\/wp\/v2\/product_tag?post=1010425"}],"curies":[{"name":"wp","href":"https:\/\/api.w.org\/{rel}","templated":true}]}}