{"id":1010415,"date":"2024-06-17T14:14:21","date_gmt":"2024-06-17T06:14:21","guid":{"rendered":"https:\/\/vimaterial.de\/product\/dioxido-de-silicio\/"},"modified":"2024-12-24T17:14:44","modified_gmt":"2024-12-24T09:14:44","slug":"dioxido-de-silicio","status":"publish","type":"product","link":"https:\/\/vimaterial.de\/es\/product\/dioxido-de-silicio\/","title":{"rendered":"Di\u00f3xido del silicio"},"content":{"rendered":"<p>Las obleas de s\u00edlice se utilizan ampliamente en semiconductores, microelectr\u00f3nica y aplicaciones de investigaci\u00f3n. Las obleas de silicio son el material b\u00e1sico de los dispositivos semiconductores y est\u00e1n cubiertas por una capa de di\u00f3xido de silicio con un grosor que oscila entre unos pocos nan\u00f3metros y decenas de nan\u00f3metros, que puede actuar como aislante y proteger. Las propiedades de la superficie de la capa de di\u00f3xido de silicio tienen una gran influencia en el rendimiento de la oblea de silicio. Material base: La oblea de silicio (Si) sirve como sustrato. Capa de \u00f3xido: Una capa de di\u00f3xido de silicio (SiO\u2082) crece t\u00e9rmicamente o se deposita en la superficie de silicio. El grosor de esta capa de \u00f3xido puede variar seg\u00fan los requisitos.  <\/p>\n<h2><span style=\"font-size: 14pt;\">Propiedades superficiales de las obleas de s\u00edlice<\/span><\/h2>\n<p>Las obleas de s\u00edlice pueden ser hidr\u00f3filas o hidrof\u00f3bicas, que exhiben diferentes propiedades superficiales. 1. Superficie hidrof\u00edlica Si la energ\u00eda superficial es menor que la energ\u00eda superficial del l\u00edquido, la superficie es hidr\u00f3fila al l\u00edquido. La capa de di\u00f3xido de silicio en la superficie de la oblea de silicio puede exhibir una superficie hidrof\u00edlica despu\u00e9s de ser tratada por algunos m\u00e9todos qu\u00edmicos. En este caso, las mol\u00e9culas de agua formar\u00e1n una pel\u00edcula de agua l\u00edquida con un peque\u00f1o \u00e1ngulo de humectaci\u00f3n en la superficie de la oblea de silicio, lo que favorece algunas reacciones, crecimiento o an\u00e1lisis que interact\u00faan con el agua. 2. Superficie hidrof\u00f3bica Si la energ\u00eda superficial es mayor que la energ\u00eda superficial del l\u00edquido, la superficie es hidrof\u00f3bica al l\u00edquido. La capa de di\u00f3xido de silicio en la superficie de la oblea de silicio generalmente exhibe hidrofobicidad. En este caso, las mol\u00e9culas de agua forman una gota de agua en un gran \u00e1ngulo en la superficie de la oblea de silicio, lo que no es propicio para algunas reacciones, crecimiento o an\u00e1lisis que interact\u00faan con el agua.<\/p>\n<h2><span style=\"font-size: 14pt;\">Aplicaciones de las obleas de s\u00edlice<\/span><\/h2>\n<p>Microelectr\u00f3nica: Se utiliza en la fabricaci\u00f3n de circuitos integrados. Investigaci\u00f3n: Ideal para pruebas y desarrollo en laboratorios y universidades. Optoelectr\u00f3nica: Fundamental para dispositivos que interact\u00faan con la luz, como fotodetectores y LED. Dispositivos MEMS: Esenciales para sistemas microelectromec\u00e1nicos. Capas diel\u00e9ctricas: El SiO\u2082 act\u00faa como capa aislante para diversas aplicaciones.<\/p>\n<h2><span style=\"font-size: 14pt;\">Opciones personalizadas que podemos ofrecer<\/span><\/h2>\n<p>Acabado superficial: Superficies pulidas o rugosas. Capas de \u00f3xido de doble cara o de una cara. Niveles de dopaje personalizados y grosor de oblea.<\/p>\n","protected":false},"excerpt":{"rendered":"<p>Las obleas de s\u00edlice se utilizan ampliamente en semiconductores, microelectr\u00f3nica y aplicaciones de investigaci\u00f3n. Las obleas de silicio son el material b\u00e1sico de los dispositivos semiconductores y est\u00e1n cubiertas por una capa de di\u00f3xido de silicio con un grosor que oscila entre unos pocos nan\u00f3metros y decenas de nan\u00f3metros, que puede actuar como aislante y [&hellip;]<\/p>\n","protected":false},"featured_media":999965,"comment_status":"open","ping_status":"closed","template":"","meta":{"_acf_changed":false},"product_brand":[],"product_cat":[179],"product_tag":[],"class_list":{"0":"post-1010415","1":"product","2":"type-product","3":"status-publish","4":"has-post-thumbnail","6":"product_cat-materiales-de-evaporacion","8":"first","9":"instock","10":"shipping-taxable","11":"product-type-variable"},"acf":[],"_links":{"self":[{"href":"https:\/\/vimaterial.de\/es\/wp-json\/wp\/v2\/product\/1010415","targetHints":{"allow":["GET"]}}],"collection":[{"href":"https:\/\/vimaterial.de\/es\/wp-json\/wp\/v2\/product"}],"about":[{"href":"https:\/\/vimaterial.de\/es\/wp-json\/wp\/v2\/types\/product"}],"replies":[{"embeddable":true,"href":"https:\/\/vimaterial.de\/es\/wp-json\/wp\/v2\/comments?post=1010415"}],"wp:featuredmedia":[{"embeddable":true,"href":"https:\/\/vimaterial.de\/es\/wp-json\/wp\/v2\/media\/999965"}],"wp:attachment":[{"href":"https:\/\/vimaterial.de\/es\/wp-json\/wp\/v2\/media?parent=1010415"}],"wp:term":[{"taxonomy":"product_brand","embeddable":true,"href":"https:\/\/vimaterial.de\/es\/wp-json\/wp\/v2\/product_brand?post=1010415"},{"taxonomy":"product_cat","embeddable":true,"href":"https:\/\/vimaterial.de\/es\/wp-json\/wp\/v2\/product_cat?post=1010415"},{"taxonomy":"product_tag","embeddable":true,"href":"https:\/\/vimaterial.de\/es\/wp-json\/wp\/v2\/product_tag?post=1010415"}],"curies":[{"name":"wp","href":"https:\/\/api.w.org\/{rel}","templated":true}]}}