{"id":1010381,"date":"2024-06-17T14:14:26","date_gmt":"2024-06-17T06:14:26","guid":{"rendered":"https:\/\/vimaterial.de\/product\/azufre\/"},"modified":"2024-12-25T10:15:01","modified_gmt":"2024-12-25T02:15:01","slug":"azufre","status":"publish","type":"product","link":"https:\/\/vimaterial.de\/es\/product\/azufre\/","title":{"rendered":"Azufre"},"content":{"rendered":"<p>El azufre es un s\u00f3lido de color amarillo claro con una textura suave, f\u00e1cil de triturar y un olor \u00fanico. Es estable a temperatura ambiente, pero se derretir\u00e1 en un l\u00edquido amarillo oscuro cuando se caliente a cierta temperatura. Si contin\u00faa calent\u00e1ndose, hervir\u00e1 y producir\u00e1 una llama azul-p\u00farpura, mientras libera gas de di\u00f3xido de azufre con un olor acre. VIMATERIAL puede proporcionar polvo de S de alta pureza, gr\u00e1nulos de S y grumos de S.  <\/p>\n<h2><span style=\"font-size: 14pt;\">Propiedades f\u00edsicas<\/span><\/h2>\n<p>Peso at\u00f3mico: 32.065 Densidad: (\u03b1) 2.07g\/cm3; (\u03b2) 1,96 g\/cm3; (\u03b3) 1,92 g\/cm3 Punto de fusi\u00f3n: 115,21 \u00b0C Punto de ebullici\u00f3n: 444,60 \u00b0C<\/p>\n<h2><span style=\"font-size: 14pt;\">Propiedades qu\u00edmicas<\/span><\/h2>\n<p>El S de alta pureza es soluble en disulfuro de carbono, tetracloruro de carbono y benceno, ligeramente soluble en etanol y \u00e9ter, e insoluble en agua. El S amorfo es azufre el\u00e1stico. El S tiene propiedades qu\u00edmicas activas y puede reaccionar con muchos metales y no metales.  <\/p>\n<h2><span style=\"font-size: 14pt;\">Pureza<\/span><\/h2>\n<p>4N, pureza superior al 99,99%, contenido total de impurezas inferior a 100 ppm; 5N, pureza superior al 99,999%, contenido total de impurezas inferior a 10 ppm; 6N, pureza superior al 99,9999%, contenido total de impurezas inferior a 1 ppm.<\/p>\n<h2><span style=\"font-size: 14pt;\">Aplicaci\u00f3n<\/span><\/h2>\n<p>Se utiliza en la fabricaci\u00f3n de \u00e1cido sulf\u00farico, disulfuro de carbono, fuegos artificiales, vulcanizadores de caucho y jab\u00f3n S, etc.<\/p>\n<h2><span style=\"font-size: 14pt;\">Embalaje<\/span><\/h2>\n<p>Envasado al vac\u00edo con bolsa de pl\u00e1stico transparente \u2192 envasado al vac\u00edo con bolsa de papel de aluminio, o envasado de botellas de polietileno \u2192 envasado al vac\u00edo con bolsa de papel de aluminio.<\/p>\n","protected":false},"excerpt":{"rendered":"<p>El azufre es un s\u00f3lido de color amarillo claro con una textura suave, f\u00e1cil de triturar y un olor \u00fanico. Es estable a temperatura ambiente, pero se derretir\u00e1 en un l\u00edquido amarillo oscuro cuando se caliente a cierta temperatura. Si contin\u00faa calent\u00e1ndose, hervir\u00e1 y producir\u00e1 una llama azul-p\u00farpura, mientras libera gas de di\u00f3xido de azufre [&hellip;]<\/p>\n","protected":false},"featured_media":999998,"comment_status":"open","ping_status":"closed","template":"","meta":{"_acf_changed":false},"product_brand":[],"product_cat":[193],"product_tag":[],"class_list":{"0":"post-1010381","1":"product","2":"type-product","3":"status-publish","4":"has-post-thumbnail","6":"product_cat-polvo-de-aleaciones-y-metales-puros","8":"first","9":"instock","10":"shipping-taxable","11":"product-type-variable"},"acf":[],"_links":{"self":[{"href":"https:\/\/vimaterial.de\/es\/wp-json\/wp\/v2\/product\/1010381","targetHints":{"allow":["GET"]}}],"collection":[{"href":"https:\/\/vimaterial.de\/es\/wp-json\/wp\/v2\/product"}],"about":[{"href":"https:\/\/vimaterial.de\/es\/wp-json\/wp\/v2\/types\/product"}],"replies":[{"embeddable":true,"href":"https:\/\/vimaterial.de\/es\/wp-json\/wp\/v2\/comments?post=1010381"}],"wp:featuredmedia":[{"embeddable":true,"href":"https:\/\/vimaterial.de\/es\/wp-json\/wp\/v2\/media\/999998"}],"wp:attachment":[{"href":"https:\/\/vimaterial.de\/es\/wp-json\/wp\/v2\/media?parent=1010381"}],"wp:term":[{"taxonomy":"product_brand","embeddable":true,"href":"https:\/\/vimaterial.de\/es\/wp-json\/wp\/v2\/product_brand?post=1010381"},{"taxonomy":"product_cat","embeddable":true,"href":"https:\/\/vimaterial.de\/es\/wp-json\/wp\/v2\/product_cat?post=1010381"},{"taxonomy":"product_tag","embeddable":true,"href":"https:\/\/vimaterial.de\/es\/wp-json\/wp\/v2\/product_tag?post=1010381"}],"curies":[{"name":"wp","href":"https:\/\/api.w.org\/{rel}","templated":true}]}}