{"id":1010361,"date":"2024-06-17T14:15:28","date_gmt":"2024-06-17T06:15:28","guid":{"rendered":"https:\/\/vimaterial.de\/product\/carbonato-potasico\/"},"modified":"2024-12-25T10:33:25","modified_gmt":"2024-12-25T02:33:25","slug":"carbonato-potasico","status":"publish","type":"product","link":"https:\/\/vimaterial.de\/es\/product\/carbonato-potasico\/","title":{"rendered":"Carbonato de potasio"},"content":{"rendered":"<p>El carbonato de potasio, con la f\u00f3rmula qu\u00edmica K2CO3, es un compuesto inorg\u00e1nico perteneciente a la clase de los carbonatos.<\/p>\n<h2><span style=\"font-size: 14pt;\">Propiedades f\u00edsicas<\/span><\/h2>\n<p>Apariencia: El carbonato de potasio se presenta en forma de polvo cristalino blanco y tambi\u00e9n en forma de s\u00f3lido cristalino incoloro.Densidad : Alrededor de 2.428 g\/cm\u00b3. Punto de fusi\u00f3n: 891\u00b0C, se descompone a altas temperaturas.Solubilidad : F\u00e1cilmente soluble en agua, la soluci\u00f3n acuosa es alcalina; Insoluble en etanol, acetona y \u00e9ter.Higroscopicidad : El carbonato de potasio tiene una fuerte higroscopicidad. Cuando se expone al aire, puede absorber di\u00f3xido de carbono y agua y convertirse en bicarbonato de potasio, por lo que debe sellarse y empaquetarse. Baja toxicidad, dosis letal media (rata, oral) 1,87 g\/kg. Irritante.<\/p>\n<h2><span style=\"font-size: 14pt;\">Propiedades qu\u00edmicas<\/span><\/h2>\n<p>El carbonato de potasio puede reaccionar con el \u00e1cido para generar di\u00f3xido de carbono y puede formar precipitaci\u00f3n con iones met\u00e1licos. En soluci\u00f3n acuosa, el carbonato de potasio ionizar\u00e1 completamente los iones de potasio (K\u207a) y los iones de carbonato (CO3\u00b2\u207b), lo que har\u00e1 que la soluci\u00f3n sea alcalina.<\/p>\n<h2><span style=\"font-size: 14pt;\">Aplicaciones<\/span><\/h2>\n<p>1. El carbonato de potasio se puede utilizar para producir vidrio \u00f3ptico, lo que puede mejorar la transparencia, la resistencia y el \u00edndice de refracci\u00f3n del vidrio. 2. Tambi\u00e9n se utiliza para producir varillas de soldadura para evitar la rotura del arco durante la soldadura. 3. Se utiliza para producir tintes de cuba y su impresi\u00f3n y te\u00f1ido y te\u00f1ido con hielo. 4. Se utiliza como adsorbente para eliminar el sulfuro de hidr\u00f3geno y el di\u00f3xido de carbono. 5. El carbonato de potasio se puede mezclar con carbonato de sodio como agente extintor de incendios en polvo seco. 6. Tambi\u00e9n se puede utilizar como materia prima auxiliar para la producci\u00f3n de acetona y alcohol y antioxidante en la producci\u00f3n de caucho. 7. La soluci\u00f3n acuosa de carbonato de potasio se puede utilizar para fregar telas de algod\u00f3n y desengrasar lana. 8. Tambi\u00e9n se utiliza en la producci\u00f3n de tintas, productos qu\u00edmicos fotogr\u00e1ficos, poli\u00e9ster, medicina, galvanoplastia, cuero, cer\u00e1mica, materiales de construcci\u00f3n, cristal, jab\u00f3n de potasio y medicina. 9. El carbonato de potasio pesado se utiliza principalmente como materia prima para la carcasa de vidrio de los tubos de rayos cat\u00f3dicos, ampliamente utilizado en vidrio y materias primas especiales de vidrio, y se utiliza para la descarbonizaci\u00f3n de fertilizantes grandes. 10. Se puede utilizar como agente leudante en los alimentos. 11. Como agente alcalino y mejorador de la masa, puede inhibir la acidez de los fideos y se puede usar en alimentos hechos con fideos. Utilizar en cantidades adecuadas seg\u00fan las necesidades de producci\u00f3n. 12. Se utiliza para el procesamiento de materiales fotosensibles expuestos. 13. Se utilizan como reactivos anal\u00edticos, reactivos de referencia y agentes fundentes para silicatos fundidos y sulfatos insolubles.<\/p>\n<h2><span style=\"font-size: 14pt;\">Almacenamiento<\/span><\/h2>\n<p>Mant\u00e9ngalo sellado y seco.<\/p>\n","protected":false},"excerpt":{"rendered":"<p>El carbonato de potasio, con la f\u00f3rmula qu\u00edmica K2CO3, es un compuesto inorg\u00e1nico perteneciente a la clase de los carbonatos. Propiedades f\u00edsicas Apariencia: El carbonato de potasio se presenta en forma de polvo cristalino blanco y tambi\u00e9n en forma de s\u00f3lido cristalino incoloro.Densidad : Alrededor de 2.428 g\/cm\u00b3. Punto de fusi\u00f3n: 891\u00b0C, se descompone a [&hellip;]<\/p>\n","protected":false},"featured_media":1000006,"comment_status":"open","ping_status":"closed","template":"","meta":{"_acf_changed":false},"product_brand":[],"product_cat":[187],"product_tag":[],"class_list":{"0":"post-1010361","1":"product","2":"type-product","3":"status-publish","4":"has-post-thumbnail","6":"product_cat-otros-materiales","8":"first","9":"instock","10":"shipping-taxable","11":"purchasable","12":"product-type-variable"},"acf":[],"_links":{"self":[{"href":"https:\/\/vimaterial.de\/es\/wp-json\/wp\/v2\/product\/1010361","targetHints":{"allow":["GET"]}}],"collection":[{"href":"https:\/\/vimaterial.de\/es\/wp-json\/wp\/v2\/product"}],"about":[{"href":"https:\/\/vimaterial.de\/es\/wp-json\/wp\/v2\/types\/product"}],"replies":[{"embeddable":true,"href":"https:\/\/vimaterial.de\/es\/wp-json\/wp\/v2\/comments?post=1010361"}],"wp:featuredmedia":[{"embeddable":true,"href":"https:\/\/vimaterial.de\/es\/wp-json\/wp\/v2\/media\/1000006"}],"wp:attachment":[{"href":"https:\/\/vimaterial.de\/es\/wp-json\/wp\/v2\/media?parent=1010361"}],"wp:term":[{"taxonomy":"product_brand","embeddable":true,"href":"https:\/\/vimaterial.de\/es\/wp-json\/wp\/v2\/product_brand?post=1010361"},{"taxonomy":"product_cat","embeddable":true,"href":"https:\/\/vimaterial.de\/es\/wp-json\/wp\/v2\/product_cat?post=1010361"},{"taxonomy":"product_tag","embeddable":true,"href":"https:\/\/vimaterial.de\/es\/wp-json\/wp\/v2\/product_tag?post=1010361"}],"curies":[{"name":"wp","href":"https:\/\/api.w.org\/{rel}","templated":true}]}}