{"id":1010347,"date":"2024-06-17T14:15:29","date_gmt":"2024-06-17T06:15:29","guid":{"rendered":"https:\/\/vimaterial.de\/product\/molibdato-potasico\/"},"modified":"2024-12-25T13:17:34","modified_gmt":"2024-12-25T05:17:34","slug":"molibdato-potasico","status":"publish","type":"product","link":"https:\/\/vimaterial.de\/es\/product\/molibdato-potasico\/","title":{"rendered":"Molibdato de potasio"},"content":{"rendered":"<p>El molibdato de potasio (K2MoO4) es un importante compuesto inorg\u00e1nico compuesto por iones de potasio e iones de molibdato. Suele ser un polvo cristalino blanco, soluble en agua y tiene cierto grado de toxicidad. El molibdato de potasio es ampliamente utilizado en la producci\u00f3n industrial en los campos de catalizadores, conservantes, procesos de galvanoplastia y materias primas qu\u00edmicas.  <\/p>\n<h2><span style=\"font-size: 14pt;\">Propiedades f\u00edsicas<\/span><\/h2>\n<p>Aspecto y forma: Polvo cristalino fino de color blanco. Es delicuescente e higrosc\u00f3pico. Densidad: 2,3 g\/mL Punto de fusi\u00f3n: 919\u00b0C Punto de ebullici\u00f3n: 1400\u00b0C Solubilidad: Es f\u00e1cilmente soluble en agua, pero insoluble en etanol y \u00e9ter. Es estable en el aire y se oscurece gradualmente cuando se expone a la luz. <\/p>\n<h2><span style=\"font-size: 14pt;\">Propiedades qu\u00edmicas<\/span><\/h2>\n<p>Acidez y alcalinidad: El molibdato de potasio es d\u00e9bilmente alcalino y puede reaccionar con \u00e1cidos fuertes para formar las sales correspondientes. Propiedad oxidante: El molibdato tiene una fuerte propiedad oxidante y puede ser reducido por algunos agentes reductores como los iones ferrosos. Por ejemplo, en condiciones \u00e1cidas, el molibdato de potasio puede oxidar el yoduro de potasio en yodo elemental (I2) y se reduce a azul de molibdeno (Mo3O2). Complejidad: El molibdato de potasio puede formar complejos con una variedad de iones met\u00e1licos. Por ejemplo, puede reaccionar con iones de plomo para formar un precipitado amarillo. Estabilidad t\u00e9rmica: El molibdato de potasio se descompone a altas temperaturas para producir ox\u00edgeno y tri\u00f3xido de molibdeno.<\/p>\n<h2><span style=\"font-size: 14pt;\">Preparativos<\/span><\/h2>\n<p>El K2MoO4 se puede preparar mediante una variedad de m\u00e9todos, que incluyen neutralizaci\u00f3n, precipitaci\u00f3n y calcinaci\u00f3n. Entre ellos, el m\u00e9todo de neutralizaci\u00f3n es el m\u00e9todo m\u00e1s utilizado, que consiste en neutralizar la soluci\u00f3n de hidr\u00f3xido de potasio con tri\u00f3xido de molibdeno industrial o \u00e1cido molibdico, y luego filtrar, concentrar, enfriar y cristalizar, centrifugar, secar y otros pasos para obtener el producto terminado. <\/p>\n<h2><span style=\"font-size: 14pt;\">Aplicaciones<\/span><\/h2>\n<p>El molibdato de potasio se utiliza en muchos campos, entre ellos: 1. Catalizador: Como materia prima para catalizadores poli\u00e1cidos, se utiliza para catalizar una variedad de reacciones qu\u00edmicas. 2. Reactivo anal\u00edtico: se utiliza para la inspecci\u00f3n de alcaloides y la determinaci\u00f3n del f\u00f3sforo disponible en fertilizantes fosfatados. 3. Otros campos: Tambi\u00e9n se puede utilizar en tintes, pigmentos, inhibidores de \u00f3xido, inhibidores de corrosi\u00f3n e industrias farmac\u00e9uticas.<\/p>\n<h2><span style=\"font-size: 14pt;\">Seguridad y toxicidad<\/span><\/h2>\n<p>Clasificaci\u00f3n de peligro: El molibdato de potasio es un producto peligroso y tiene cierto efecto irritante en los ojos, la piel y las v\u00edas respiratorias. Por lo tanto, se deben tomar las medidas de protecci\u00f3n adecuadas durante el uso y la manipulaci\u00f3n. Medidas de primeros auxilios: Si el molibdato de potasio se toca o inhala accidentalmente, se debe enjuagar inmediatamente con abundante agua y buscar ayuda m\u00e9dica. <\/p>\n<h2><span style=\"font-size: 14pt;\">Condiciones de almacenamiento<\/span><\/h2>\n<p>Almacenamiento: El K2MoO4 debe almacenarse a temperatura ambiente, evitando las altas temperaturas y el ambiente h\u00famedo para evitar la delicuescencia y el deterioro. Embalaje: Las especificaciones de embalaje comunes incluyen 500 gramos, 1 kilogramo y 25 kilogramos, etc. Las diferentes especificaciones son adecuadas para diferentes necesidades de uso.<\/p>\n","protected":false},"excerpt":{"rendered":"<p>El molibdato de potasio (K2MoO4) es un importante compuesto inorg\u00e1nico compuesto por iones de potasio e iones de molibdato. Suele ser un polvo cristalino blanco, soluble en agua y tiene cierto grado de toxicidad. El molibdato de potasio es ampliamente utilizado en la producci\u00f3n industrial en los campos de catalizadores, conservantes, procesos de galvanoplastia y [&hellip;]<\/p>\n","protected":false},"featured_media":1000021,"comment_status":"open","ping_status":"closed","template":"","meta":{"_acf_changed":false},"product_brand":[],"product_cat":[187],"product_tag":[],"class_list":{"0":"post-1010347","1":"product","2":"type-product","3":"status-publish","4":"has-post-thumbnail","6":"product_cat-otros-materiales","8":"first","9":"instock","10":"shipping-taxable","11":"purchasable","12":"product-type-variable"},"acf":[],"_links":{"self":[{"href":"https:\/\/vimaterial.de\/es\/wp-json\/wp\/v2\/product\/1010347","targetHints":{"allow":["GET"]}}],"collection":[{"href":"https:\/\/vimaterial.de\/es\/wp-json\/wp\/v2\/product"}],"about":[{"href":"https:\/\/vimaterial.de\/es\/wp-json\/wp\/v2\/types\/product"}],"replies":[{"embeddable":true,"href":"https:\/\/vimaterial.de\/es\/wp-json\/wp\/v2\/comments?post=1010347"}],"wp:featuredmedia":[{"embeddable":true,"href":"https:\/\/vimaterial.de\/es\/wp-json\/wp\/v2\/media\/1000021"}],"wp:attachment":[{"href":"https:\/\/vimaterial.de\/es\/wp-json\/wp\/v2\/media?parent=1010347"}],"wp:term":[{"taxonomy":"product_brand","embeddable":true,"href":"https:\/\/vimaterial.de\/es\/wp-json\/wp\/v2\/product_brand?post=1010347"},{"taxonomy":"product_cat","embeddable":true,"href":"https:\/\/vimaterial.de\/es\/wp-json\/wp\/v2\/product_cat?post=1010347"},{"taxonomy":"product_tag","embeddable":true,"href":"https:\/\/vimaterial.de\/es\/wp-json\/wp\/v2\/product_tag?post=1010347"}],"curies":[{"name":"wp","href":"https:\/\/api.w.org\/{rel}","templated":true}]}}