{"id":1010335,"date":"2024-06-17T14:15:29","date_gmt":"2024-06-17T06:15:29","guid":{"rendered":"https:\/\/vimaterial.de\/product\/hexabromoplatinatoiv-de-potasio\/"},"modified":"2024-12-25T11:14:03","modified_gmt":"2024-12-25T03:14:03","slug":"hexabromoplatinatoiv-de-potasio","status":"publish","type":"product","link":"https:\/\/vimaterial.de\/es\/product\/hexabromoplatinatoiv-de-potasio\/","title":{"rendered":"Hexabromoplatinato de potasio (IV)"},"content":{"rendered":"<p>El hexabromoplatinato de potasio (IV), con la f\u00f3rmula qu\u00edmica K\u2082[PtBr\u2086], es un compuesto de coordinaci\u00f3n que contiene potasio, platino y bromo. Es una sal en la que el \u00e1tomo de platino se encuentra en el estado de oxidaci\u00f3n +4 rodeado por seis \u00e1tomos de bromo en una geometr\u00eda octa\u00e9drica. <\/p>\n<h2><span style=\"font-size: 14pt;\">Propiedades<\/span><\/h2>\n<p>Aspecto: Suele aparecer como un s\u00f3lido cristalino, normalmente de color naranja a rojo. F\u00f3rmula qu\u00edmica: K\u2082.[PtBr\u2086] Estructura Molecular: Coordinaci\u00f3n octa\u00e9drica de seis ligandos de bromuro alrededor de un centro de platino. Solubilidad: Soluble en agua y algunos disolventes polares. La solubilidad puede variar con la temperatura. Estabilidad: Relativamente estable en condiciones normales, pero se descompone a altas temperaturas o en condiciones fuertemente reductoras. Toxicidad: Como compuesto de platino, el hexabromoplatinato de potasio puede ser t\u00f3xico y debe manipularse con las precauciones adecuadas.<\/p>\n<h2><span style=\"font-size: 14pt;\">Aplicaciones<\/span><\/h2>\n<p>Reactivo qu\u00edmico: el hexabromoplatinato de potasio se utiliza en qu\u00edmica anal\u00edtica para precipitar platino o como reactivo para la detecci\u00f3n de iones de potasio. Precursor de catalizadores: Como material de partida para la s\u00edntesis de catalizadores a base de platino utilizados en diversos procesos industriales y qu\u00edmicos. Deposici\u00f3n electr\u00f3nica y de pel\u00edcula delgada: el hexabromoplatinato de potasio se utiliza ocasionalmente para aplicaciones electr\u00f3nicas especializadas o para depositar pel\u00edculas de platino en la ciencia de los materiales. Investigaci\u00f3n: Estudiar sus propiedades en qu\u00edmica coordinada y ciencia de materiales.<\/p>\n<h2><span style=\"font-size: 14pt;\">Informaci\u00f3n de seguridad<\/span><\/h2>\n<p>Peligros: Puede ser da\u00f1ino si se inhala o se ingiere. Puede irritar la piel, los ojos y las v\u00edas respiratorias. Los compuestos de platino son potencialmente alerg\u00e9nicos.<\/p>\n<h2><span style=\"font-size: 14pt;\">Manipulaci\u00f3n y almacenamiento:<\/span><\/h2>\n<p>Almacene en un lugar fresco, seco y bien ventilado. Use guantes protectores, gafas protectoras y ropa de laboratorio adecuada cuando manipule.<\/p>\n","protected":false},"excerpt":{"rendered":"<p>El hexabromoplatinato de potasio (IV), con la f\u00f3rmula qu\u00edmica K\u2082[PtBr\u2086], es un compuesto de coordinaci\u00f3n que contiene potasio, platino y bromo. Es una sal en la que el \u00e1tomo de platino se encuentra en el estado de oxidaci\u00f3n +4 rodeado por seis \u00e1tomos de bromo en una geometr\u00eda octa\u00e9drica. Propiedades Aspecto: Suele aparecer como un [&hellip;]<\/p>\n","protected":false},"featured_media":1000035,"comment_status":"open","ping_status":"closed","template":"","meta":{"_acf_changed":false},"product_brand":[],"product_cat":[182],"product_tag":[],"class_list":{"0":"post-1010335","1":"product","2":"type-product","3":"status-publish","4":"has-post-thumbnail","6":"product_cat-materiales-halogenados","8":"first","9":"instock","10":"shipping-taxable","11":"purchasable","12":"product-type-variable"},"acf":[],"_links":{"self":[{"href":"https:\/\/vimaterial.de\/es\/wp-json\/wp\/v2\/product\/1010335","targetHints":{"allow":["GET"]}}],"collection":[{"href":"https:\/\/vimaterial.de\/es\/wp-json\/wp\/v2\/product"}],"about":[{"href":"https:\/\/vimaterial.de\/es\/wp-json\/wp\/v2\/types\/product"}],"replies":[{"embeddable":true,"href":"https:\/\/vimaterial.de\/es\/wp-json\/wp\/v2\/comments?post=1010335"}],"wp:featuredmedia":[{"embeddable":true,"href":"https:\/\/vimaterial.de\/es\/wp-json\/wp\/v2\/media\/1000035"}],"wp:attachment":[{"href":"https:\/\/vimaterial.de\/es\/wp-json\/wp\/v2\/media?parent=1010335"}],"wp:term":[{"taxonomy":"product_brand","embeddable":true,"href":"https:\/\/vimaterial.de\/es\/wp-json\/wp\/v2\/product_brand?post=1010335"},{"taxonomy":"product_cat","embeddable":true,"href":"https:\/\/vimaterial.de\/es\/wp-json\/wp\/v2\/product_cat?post=1010335"},{"taxonomy":"product_tag","embeddable":true,"href":"https:\/\/vimaterial.de\/es\/wp-json\/wp\/v2\/product_tag?post=1010335"}],"curies":[{"name":"wp","href":"https:\/\/api.w.org\/{rel}","templated":true}]}}