{"id":1010320,"date":"2024-06-17T14:15:33","date_gmt":"2024-06-17T06:15:33","guid":{"rendered":"https:\/\/vimaterial.de\/product\/hexafluorosilicato-de-potasio\/"},"modified":"2024-12-25T14:43:22","modified_gmt":"2024-12-25T06:43:22","slug":"hexafluorosilicato-de-potasio","status":"publish","type":"product","link":"https:\/\/vimaterial.de\/es\/product\/hexafluorosilicato-de-potasio\/","title":{"rendered":"Hexafluorosilicato de potasio"},"content":{"rendered":"<p>El hexafluorosilicato de potasio, f\u00f3rmula qu\u00edmica K2SiF6, es un polvo cristalino blanco con una amplia gama de usos, especialmente en las industrias de la construcci\u00f3n, el vidrio y la cer\u00e1mica. Debido a sus propiedades qu\u00edmicas \u00fanicas, el fluorosilicato de potasio se ha convertido en una sustancia indispensable en muchos flujos de proceso. <\/p>\n<h2><span style=\"font-size: 14pt;\">Propiedades del hexafluorosilicato de potasio<\/span><\/h2>\n<p>F\u00f3rmula qu\u00edmica: K2SiF6 Peso molecular: 220.26 Aspecto: Polvo fino blanco o cristal, inodoro e ins\u00edpido Solubilidad en agua: ligeramente soluble en agua, insoluble en alcohol, soluble en \u00e1cido clorh\u00eddrico Densidad: 2.665 g\/mL a 25 \u00b0C (encendido) Punto de fusi\u00f3n: 993 \u00b0C Punto de ebullici\u00f3n: 1704 \u00b0C<\/p>\n<h2><span style=\"font-size: 14pt;\">Aplicaci\u00f3n de hexafluorosilicato de potasio<\/span><\/h2>\n<p>1. Utilizado en la fabricaci\u00f3n de vidrio opalescente, esmalte de porcelana, pesticidas, conservantes de madera y fundici\u00f3n de plomo. 2. Utilizado en la conservaci\u00f3n de la madera, la fabricaci\u00f3n de cer\u00e1mica, la fundici\u00f3n de aluminio y magnesio, los pesticidas agr\u00edcolas. 3. Tambi\u00e9n se utiliza en la fabricaci\u00f3n de vidrio \u00f3ptico, mica sint\u00e9tica y fabricaci\u00f3n de esmalte, etc.<\/p>\n<h2><span style=\"font-size: 14pt;\">Informaci\u00f3n de seguridad del hexafluorosilicato de potasio<\/span><\/h2>\n<p>Toxicidad: El fluorosilicato de potasio es moderadamente t\u00f3xico, con una dosis letal media oral (DL50) de 70 mg\/kg y 156 mg\/kg para ratones y ratas, respectivamente. T\u00f3xico por inhalaci\u00f3n, contacto con la piel e ingesti\u00f3n. Almacenamiento y transporte: Almacene en un almac\u00e9n fresco y ventilado, lejos de fuentes de fuego y calor. Durante el transporte, preste atenci\u00f3n a la protecci\u00f3n contra la lluvia y la humedad, evite colisiones y extrusi\u00f3n. Tratamiento de emergencia: Si accidentalmente entra en contacto con la piel y los ojos, enjuague inmediatamente con abundante agua y busque tratamiento m\u00e9dico. En caso de incendio, utilice di\u00f3xido de carbono, arena o polvo extintor de incendios para extinguir el fuego. <\/p>\n","protected":false},"excerpt":{"rendered":"<p>El hexafluorosilicato de potasio, f\u00f3rmula qu\u00edmica K2SiF6, es un polvo cristalino blanco con una amplia gama de usos, especialmente en las industrias de la construcci\u00f3n, el vidrio y la cer\u00e1mica. Debido a sus propiedades qu\u00edmicas \u00fanicas, el fluorosilicato de potasio se ha convertido en una sustancia indispensable en muchos flujos de proceso. Propiedades del hexafluorosilicato [&hellip;]<\/p>\n","protected":false},"featured_media":1000042,"comment_status":"open","ping_status":"closed","template":"","meta":{"_acf_changed":false},"product_brand":[],"product_cat":[182],"product_tag":[],"class_list":{"0":"post-1010320","1":"product","2":"type-product","3":"status-publish","4":"has-post-thumbnail","6":"product_cat-materiales-halogenados","8":"first","9":"instock","10":"shipping-taxable","11":"purchasable","12":"product-type-variable"},"acf":[],"_links":{"self":[{"href":"https:\/\/vimaterial.de\/es\/wp-json\/wp\/v2\/product\/1010320","targetHints":{"allow":["GET"]}}],"collection":[{"href":"https:\/\/vimaterial.de\/es\/wp-json\/wp\/v2\/product"}],"about":[{"href":"https:\/\/vimaterial.de\/es\/wp-json\/wp\/v2\/types\/product"}],"replies":[{"embeddable":true,"href":"https:\/\/vimaterial.de\/es\/wp-json\/wp\/v2\/comments?post=1010320"}],"wp:featuredmedia":[{"embeddable":true,"href":"https:\/\/vimaterial.de\/es\/wp-json\/wp\/v2\/media\/1000042"}],"wp:attachment":[{"href":"https:\/\/vimaterial.de\/es\/wp-json\/wp\/v2\/media?parent=1010320"}],"wp:term":[{"taxonomy":"product_brand","embeddable":true,"href":"https:\/\/vimaterial.de\/es\/wp-json\/wp\/v2\/product_brand?post=1010320"},{"taxonomy":"product_cat","embeddable":true,"href":"https:\/\/vimaterial.de\/es\/wp-json\/wp\/v2\/product_cat?post=1010320"},{"taxonomy":"product_tag","embeddable":true,"href":"https:\/\/vimaterial.de\/es\/wp-json\/wp\/v2\/product_tag?post=1010320"}],"curies":[{"name":"wp","href":"https:\/\/api.w.org\/{rel}","templated":true}]}}