{"id":1010312,"date":"2024-06-17T14:16:18","date_gmt":"2024-06-17T06:16:18","guid":{"rendered":"https:\/\/vimaterial.de\/product\/tetrafluoroborato-de-potasio\/"},"modified":"2024-12-25T17:12:54","modified_gmt":"2024-12-25T09:12:54","slug":"tetrafluoroborato-de-potasio","status":"publish","type":"product","link":"https:\/\/vimaterial.de\/es\/product\/tetrafluoroborato-de-potasio\/","title":{"rendered":"Tetrafluoroborato de potasio"},"content":{"rendered":"<p>El tetrafluoroborato de potasio es un polvo blanco o un cristal gelatinoso, ligeramente soluble en agua y etanol caliente, que se utiliza como reactivo de s\u00edntesis org\u00e1nica y aditivo electrol\u00edtico de alta eficiencia. Se utiliza en el campo de la galvanoplastia. <\/p>\n<h2><span style=\"font-size: 14pt;\">Propiedades f\u00edsicas y qu\u00edmicas<\/span><\/h2>\n<p>F\u00f3rmula molecular: KBF<sub>4<\/sub><\/p>\n<p>Peso molecular: 125.9 Aspecto: polvo blanco o cristal gelatinoso. Densidad: 2,5g\/mL Punto de fusi\u00f3n: 530\u00baC No higrosc\u00f3pico, sabor amargo. Ligeramente soluble en agua y etanol caliente, insoluble en etanol fr\u00edo, insoluble en soluci\u00f3n alcalina. Se puede descomponer en trifluoruro de boro por un \u00e1cido fuerte. T\u00f3xico, dosis letal media (rata, intraperitoneal) 240 mg\/kg. Irritante.<\/p>\n<h2><span style=\"font-size: 14pt;\">Aplicaci\u00f3n<\/span><\/h2>\n<p>El tetrafluoroborato de potasio se utiliza como aditivo para la soluci\u00f3n precursora de perovskita para preparar una pel\u00edcula de perovskita de banda prohibida ancha para c\u00e9lulas solares. KBF<sub>4<\/sub> se utiliza como aditivo electrol\u00edtico para bater\u00edas de iones de potasio y iones de litio para mejorar la estabilidad y el rendimiento. KBF<sub>4<\/sub> se utiliza como precursor para la s\u00edntesis del complejo de rutenio carbeno heteroc\u00edclico (NHC) de dinitr\u00f3geno. El tetrafluoroborato de potasio se utiliza como soluci\u00f3n de galvanoplastia para preparar recubrimientos y aleaciones met\u00e1licas.<\/p>\n","protected":false},"excerpt":{"rendered":"<p>El tetrafluoroborato de potasio es un polvo blanco o un cristal gelatinoso, ligeramente soluble en agua y etanol caliente, que se utiliza como reactivo de s\u00edntesis org\u00e1nica y aditivo electrol\u00edtico de alta eficiencia. Se utiliza en el campo de la galvanoplastia. Propiedades f\u00edsicas y qu\u00edmicas F\u00f3rmula molecular: KBF4 Peso molecular: 125.9 Aspecto: polvo blanco o [&hellip;]<\/p>\n","protected":false},"featured_media":1000063,"comment_status":"open","ping_status":"closed","template":"","meta":{"_acf_changed":false},"product_brand":[],"product_cat":[182],"product_tag":[],"class_list":{"0":"post-1010312","1":"product","2":"type-product","3":"status-publish","4":"has-post-thumbnail","6":"product_cat-materiales-halogenados","8":"first","9":"instock","10":"shipping-taxable","11":"purchasable","12":"product-type-variable"},"acf":[],"_links":{"self":[{"href":"https:\/\/vimaterial.de\/es\/wp-json\/wp\/v2\/product\/1010312","targetHints":{"allow":["GET"]}}],"collection":[{"href":"https:\/\/vimaterial.de\/es\/wp-json\/wp\/v2\/product"}],"about":[{"href":"https:\/\/vimaterial.de\/es\/wp-json\/wp\/v2\/types\/product"}],"replies":[{"embeddable":true,"href":"https:\/\/vimaterial.de\/es\/wp-json\/wp\/v2\/comments?post=1010312"}],"wp:featuredmedia":[{"embeddable":true,"href":"https:\/\/vimaterial.de\/es\/wp-json\/wp\/v2\/media\/1000063"}],"wp:attachment":[{"href":"https:\/\/vimaterial.de\/es\/wp-json\/wp\/v2\/media?parent=1010312"}],"wp:term":[{"taxonomy":"product_brand","embeddable":true,"href":"https:\/\/vimaterial.de\/es\/wp-json\/wp\/v2\/product_brand?post=1010312"},{"taxonomy":"product_cat","embeddable":true,"href":"https:\/\/vimaterial.de\/es\/wp-json\/wp\/v2\/product_cat?post=1010312"},{"taxonomy":"product_tag","embeddable":true,"href":"https:\/\/vimaterial.de\/es\/wp-json\/wp\/v2\/product_tag?post=1010312"}],"curies":[{"name":"wp","href":"https:\/\/api.w.org\/{rel}","templated":true}]}}