{"id":1010274,"date":"2024-06-17T14:16:23","date_gmt":"2024-06-17T06:16:23","guid":{"rendered":"https:\/\/vimaterial.de\/product\/cloruro-potasico\/"},"modified":"2024-12-26T11:10:51","modified_gmt":"2024-12-26T03:10:51","slug":"cloruro-potasico","status":"publish","type":"product","link":"https:\/\/vimaterial.de\/es\/product\/cloruro-potasico\/","title":{"rendered":"Cloruro de potasio"},"content":{"rendered":"<p>El cloruro de potasio es un compuesto inorg\u00e1nico con la f\u00f3rmula qu\u00edmica KCl. Parece sal de mesa, inodoro y salado. El cloruro de potasio tiene una forma de cristal incoloro y transparente, lo que le confiere excelentes propiedades \u00f3pticas. <span style=\"color: #0000ff;\"><a style=\"color: #0000ff;\" href=\"https:\/\/vimaterial.de\/\">VIMATERIAL<\/a><\/span> proporciona cloruro de potasio en polvo de alta pureza con una pureza de m\u00e1s del 99,99%. Nuestro cloruro de potasio tiene bajas impurezas y un buen control de calidad. Al mismo tiempo, el contenido de iones cloruro es inferior al 0,1%, lo que evita eficazmente la contaminaci\u00f3n del medio ambiente. Tambi\u00e9n proporcionamos otros cloruros como el cloruro de cobalto y el cloruro de n\u00edquel. Si tiene alguna necesidad, p\u00f3ngase en contacto con nosotros.  <\/p>\n<h2><span style=\"font-size: 14pt;\">Propiedades<\/span><\/h2>\n<p>F\u00f3rmula qu\u00edmica: KCl Peso molecular: 74.551 Aspecto: polvo de part\u00edculas peque\u00f1as cristalinas blancas Punto de fusi\u00f3n: 770 \u00b0C Punto de ebullici\u00f3n: 1420 \u00b0C Densidad: 1,98 g\/cm\u00b3<\/p>\n<h2><span style=\"font-size: 14pt;\">Aplicaciones<\/span><\/h2>\n<h3><span style=\"font-size: 12pt;\">I. Aplicaci\u00f3n en el campo de la medicina<\/span><\/h3>\n<p>En el campo de la medicina, el cloruro de potasio se utiliza como una materia prima importante para la preparaci\u00f3n de medicamentos. Su alta pureza garantiza la calidad y seguridad de los medicamentos. Al mismo tiempo, el cloruro de potasio tambi\u00e9n es uno de los electrolitos necesarios para mantener la funci\u00f3n fisiol\u00f3gica normal del cuerpo humano. Desempe\u00f1a un papel clave en la regulaci\u00f3n de la presi\u00f3n osm\u00f3tica y el equilibrio \u00e1cido-base dentro y fuera de las c\u00e9lulas.   <\/p>\n<h3><span style=\"font-size: 12pt;\">II. Aplicaci\u00f3n en el \u00e1mbito industrial<\/span><\/h3>\n<p>En el campo industrial, el cloruro de potasio tambi\u00e9n tiene una amplia gama de aplicaciones. Se puede utilizar como agente de tratamiento de superficies met\u00e1licas para mejorar la resistencia a la corrosi\u00f3n de los metales. Adem\u00e1s, en la perforaci\u00f3n petrolera, el cloruro de potasio tambi\u00e9n se utiliza como componente del fluido de perforaci\u00f3n para mejorar la eficiencia y la seguridad de la perforaci\u00f3n.  <\/p>\n<h3><span style=\"font-size: 12pt;\">III. Aplicaci\u00f3n en el \u00e1mbito agropecuario <\/span><\/h3>\n<p>En la agricultura, el KCl tambi\u00e9n es un importante fertilizante de potasio. El fertilizante de potasio es uno de los nutrientes indispensables para el crecimiento de las plantas, que puede mejorar la resistencia al estr\u00e9s y el rendimiento de los cultivos. Cuando se utiliza cloruro de potasio de alta pureza como fertilizante de potasio, las plantas pueden absorberlo y utilizarlo r\u00e1pidamente para mejorar la calidad y el rendimiento de los cultivos.  <\/p>\n<h3><span style=\"font-size: 12pt;\">IV. Aplicaci\u00f3n en otros \u00e1mbitos <\/span><\/h3>\n<p>Adem\u00e1s de los campos anteriores, el cloruro de potasio tambi\u00e9n se puede ver en industrias como la electr\u00f3nica, el vidrio y la cer\u00e1mica, lo que demuestra su aplicabilidad en m\u00faltiples campos.<\/p>\n<h2><span style=\"font-size: 14pt;\">Control de calidad<\/span><\/h2>\n<p>Nuestros productos implementan el sistema de gesti\u00f3n de calidad m\u00e1s estricto y existen estrictos est\u00e1ndares de inspecci\u00f3n para los materiales entrantes, procesos, inspecciones finales e inspecciones de f\u00e1brica. Se adoptar\u00e1n estrictas medidas de aislamiento para el procesamiento no calificado para evitar que los productos no calificados fluyan hacia el siguiente proceso. Las muestras se proporcionar\u00e1n a los clientes de acuerdo con los requisitos del cliente para su reinspecci\u00f3n por parte de los clientes.  <\/p>\n<h2><span style=\"font-size: 14pt;\">Embalaje y almacenamiento<\/span><\/h2>\n<p>Bolsa de pl\u00e1stico de polietileno forrada con bolsa tejida de pl\u00e1stico compuesto como cubierta exterior, el peso neto de cada bolsa es de 25 kg. El KCl debe almacenarse en un almac\u00e9n seco, ventilado y limpio. Debe cargarse y transportarse con cuidado para evitar que el embalaje se da\u00f1e, se humedezca y se caliente. Se debe evitar que se exponga a la lluvia y la humedad durante el transporte, y debe estar aislado de sustancias t\u00f3xicas.<\/p>\n","protected":false},"excerpt":{"rendered":"<p>El cloruro de potasio es un compuesto inorg\u00e1nico con la f\u00f3rmula qu\u00edmica KCl. Parece sal de mesa, inodoro y salado. El cloruro de potasio tiene una forma de cristal incoloro y transparente, lo que le confiere excelentes propiedades \u00f3pticas. VIMATERIAL proporciona cloruro de potasio en polvo de alta pureza con una pureza de m\u00e1s del [&hellip;]<\/p>\n","protected":false},"featured_media":1000078,"comment_status":"open","ping_status":"closed","template":"","meta":{"_acf_changed":false},"product_brand":[],"product_cat":[182],"product_tag":[],"class_list":{"0":"post-1010274","1":"product","2":"type-product","3":"status-publish","4":"has-post-thumbnail","6":"product_cat-materiales-halogenados","8":"first","9":"instock","10":"shipping-taxable","11":"purchasable","12":"product-type-variable"},"acf":[],"_links":{"self":[{"href":"https:\/\/vimaterial.de\/es\/wp-json\/wp\/v2\/product\/1010274","targetHints":{"allow":["GET"]}}],"collection":[{"href":"https:\/\/vimaterial.de\/es\/wp-json\/wp\/v2\/product"}],"about":[{"href":"https:\/\/vimaterial.de\/es\/wp-json\/wp\/v2\/types\/product"}],"replies":[{"embeddable":true,"href":"https:\/\/vimaterial.de\/es\/wp-json\/wp\/v2\/comments?post=1010274"}],"wp:featuredmedia":[{"embeddable":true,"href":"https:\/\/vimaterial.de\/es\/wp-json\/wp\/v2\/media\/1000078"}],"wp:attachment":[{"href":"https:\/\/vimaterial.de\/es\/wp-json\/wp\/v2\/media?parent=1010274"}],"wp:term":[{"taxonomy":"product_brand","embeddable":true,"href":"https:\/\/vimaterial.de\/es\/wp-json\/wp\/v2\/product_brand?post=1010274"},{"taxonomy":"product_cat","embeddable":true,"href":"https:\/\/vimaterial.de\/es\/wp-json\/wp\/v2\/product_cat?post=1010274"},{"taxonomy":"product_tag","embeddable":true,"href":"https:\/\/vimaterial.de\/es\/wp-json\/wp\/v2\/product_tag?post=1010274"}],"curies":[{"name":"wp","href":"https:\/\/api.w.org\/{rel}","templated":true}]}}