{"id":1010258,"date":"2024-06-17T14:16:24","date_gmt":"2024-06-17T06:16:24","guid":{"rendered":"https:\/\/vimaterial.de\/product\/yoduro-potasico\/"},"modified":"2024-12-26T11:36:27","modified_gmt":"2024-12-26T03:36:27","slug":"yoduro-potasico","status":"publish","type":"product","link":"https:\/\/vimaterial.de\/es\/product\/yoduro-potasico\/","title":{"rendered":"Yoduro de potasio"},"content":{"rendered":"<p>El yoduro de potasio, con la f\u00f3rmula qu\u00edmica KI, est\u00e1 compuesto por cationes de potasio (K\u207a) y aniones yoduro (I\u207b) unidos entre s\u00ed por enlaces i\u00f3nicos. Suele aparecer en forma de cristales incoloros o blancos, inodoros, pero con un fuerte sabor amargo y salado. VIMATERIAL se especializa en la producci\u00f3n de yoduro de potasio de alta pureza con una pureza de m\u00e1s del 99,9%. Nuestro KI tiene un bajo contenido de impurezas y un rendimiento estable, lo que lo convierte en su mejor opci\u00f3n. <\/p>\n<h2><span style=\"font-size: 14pt;\">Propiedades f\u00edsicas y qu\u00edmicas<\/span><\/h2>\n<p>Punto de fusi\u00f3n: 681 \u00b0C Punto de ebullici\u00f3n: 1345 \u00b0C Densidad: 3,13 g\/cm\u00b3 Aspecto: polvo cristalino de color blanco a blanquecino Solubilidad: Muy soluble en agua y etanol. La soluci\u00f3n acuosa de yoduro de potasio se oscurece gradualmente bajo la luz y libera yodo, lo que lo hace excepcionalmente activo en ciertas reacciones qu\u00edmicas.<\/p>\n<h2><span style=\"font-size: 14pt;\">Preparaci\u00f3n<\/span><\/h2>\n<p>La preparaci\u00f3n del KI es relativamente sencilla, se consigue principalmente mediante la reacci\u00f3n del yodo y el hidr\u00f3xido de potasio. Durante el proceso de preparaci\u00f3n, el yodo se disuelve en una soluci\u00f3n de hidr\u00f3xido de potasio para formar una mezcla de yoduro de potasio y yodato de potasio. Posteriormente, el yodato de potasio se reduce a yoduro de potasio a trav\u00e9s de la evaporaci\u00f3n, el secado y la mezcla con polvo de carb\u00f3n para calentar, obteniendo as\u00ed un producto puro. Este m\u00e9todo de preparaci\u00f3n no solo es de bajo costo, sino que tambi\u00e9n est\u00e1 maduro en proceso y es adecuado para la producci\u00f3n a gran escala.   <\/p>\n<h2><span style=\"font-size: 14pt;\">Campos de aplicaci\u00f3n<\/span><\/h2>\n<p>Campo m\u00e9dico: El yoduro de potasio es el m\u00e1s utilizado en el campo de la medicina. Como suplemento de yodo, el KI se utiliza principalmente para prevenir y tratar enfermedades tiroideas causadas por la deficiencia de yodo, como el bocio end\u00e9mico (com\u00fanmente conocido como &#8220;enfermedad del cuello grande&#8221;) y el hipertiroidismo. Adem\u00e1s, el yoduro de potasio tambi\u00e9n se puede usar como medicamento preparatorio antes de la cirug\u00eda para ayudar a reducir el tejido tiroideo y reducir los riesgos quir\u00fargicos. Campo alimentario: El KI es tambi\u00e9n uno de los aditivos m\u00e1s utilizados en la industria alimentaria. Esta sal yodada no solo es f\u00e1cil de almacenar y transportar, sino tambi\u00e9n f\u00e1cil de usar, convirti\u00e9ndose en un medio eficaz para prevenir la deficiencia de yodo. Adem\u00e1s, el yoduro de potasio tambi\u00e9n se puede utilizar como potenciador nutricional de ciertos alimentos para mejorar el valor nutricional de los alimentos. Campo qu\u00edmico: En el campo qu\u00edmico, el yoduro de potasio, como materia prima importante e intermedio, se usa ampliamente en s\u00edntesis org\u00e1nica, fotocomposici\u00f3n y otros aspectos. Al mismo tiempo, el yoduro de potasio tambi\u00e9n se puede utilizar para preparar otros compuestos que contienen yodo, como el yoduro de plata, que tienen importantes aplicaciones en fotograf\u00eda, qu\u00edmica anal\u00edtica y otros campos.  <\/p>\n<h2><span style=\"font-size: 14pt;\">Control de calidad<\/span><\/h2>\n<p>Nuestros productos implementan el sistema de gesti\u00f3n de calidad m\u00e1s estricto y existen estrictos est\u00e1ndares de inspecci\u00f3n para los materiales entrantes, procesos, inspecciones finales e inspecciones de f\u00e1brica. Se adoptar\u00e1n estrictas medidas de aislamiento para el procesamiento no calificado para evitar que los productos no calificados fluyan hacia el siguiente proceso. Las muestras se proporcionar\u00e1n a los clientes de acuerdo con los requisitos del cliente para la reinspecci\u00f3n.  <\/p>\n<h2><span style=\"font-size: 14pt;\">Embalaje y almacenamiento<\/span><\/h2>\n<p>Envasado al vac\u00edo. 1. Debe almacenarse en un almac\u00e9n fresco, ventilado y a prueba de luz. Prot\u00e9jase de la lluvia y el sol durante el transporte. 2. Man\u00e9jelo con cuidado durante la carga y descarga, y la vibraci\u00f3n y el impacto est\u00e1n estrictamente prohibidos. En caso de incendio, se pueden utilizar extintores de arena y di\u00f3xido de carbono para apagar el fuego.<\/p>\n","protected":false},"excerpt":{"rendered":"<p>El yoduro de potasio, con la f\u00f3rmula qu\u00edmica KI, est\u00e1 compuesto por cationes de potasio (K\u207a) y aniones yoduro (I\u207b) unidos entre s\u00ed por enlaces i\u00f3nicos. Suele aparecer en forma de cristales incoloros o blancos, inodoros, pero con un fuerte sabor amargo y salado. VIMATERIAL se especializa en la producci\u00f3n de yoduro de potasio de [&hellip;]<\/p>\n","protected":false},"featured_media":1040733,"comment_status":"open","ping_status":"closed","template":"","meta":{"_acf_changed":false},"product_brand":[],"product_cat":[182],"product_tag":[],"class_list":{"0":"post-1010258","1":"product","2":"type-product","3":"status-publish","4":"has-post-thumbnail","6":"product_cat-materiales-halogenados","8":"first","9":"instock","10":"shipping-taxable","11":"purchasable","12":"product-type-variable"},"acf":[],"_links":{"self":[{"href":"https:\/\/vimaterial.de\/es\/wp-json\/wp\/v2\/product\/1010258","targetHints":{"allow":["GET"]}}],"collection":[{"href":"https:\/\/vimaterial.de\/es\/wp-json\/wp\/v2\/product"}],"about":[{"href":"https:\/\/vimaterial.de\/es\/wp-json\/wp\/v2\/types\/product"}],"replies":[{"embeddable":true,"href":"https:\/\/vimaterial.de\/es\/wp-json\/wp\/v2\/comments?post=1010258"}],"wp:featuredmedia":[{"embeddable":true,"href":"https:\/\/vimaterial.de\/es\/wp-json\/wp\/v2\/media\/1040733"}],"wp:attachment":[{"href":"https:\/\/vimaterial.de\/es\/wp-json\/wp\/v2\/media?parent=1010258"}],"wp:term":[{"taxonomy":"product_brand","embeddable":true,"href":"https:\/\/vimaterial.de\/es\/wp-json\/wp\/v2\/product_brand?post=1010258"},{"taxonomy":"product_cat","embeddable":true,"href":"https:\/\/vimaterial.de\/es\/wp-json\/wp\/v2\/product_cat?post=1010258"},{"taxonomy":"product_tag","embeddable":true,"href":"https:\/\/vimaterial.de\/es\/wp-json\/wp\/v2\/product_tag?post=1010258"}],"curies":[{"name":"wp","href":"https:\/\/api.w.org\/{rel}","templated":true}]}}