{"id":1010232,"date":"2024-06-17T14:17:03","date_gmt":"2024-06-17T06:17:03","guid":{"rendered":"https:\/\/vimaterial.de\/product\/acetato-de-potasio\/"},"modified":"2024-12-26T14:41:39","modified_gmt":"2024-12-26T06:41:39","slug":"acetato-de-potasio","status":"publish","type":"product","link":"https:\/\/vimaterial.de\/es\/product\/acetato-de-potasio\/","title":{"rendered":"Acetato de potasio"},"content":{"rendered":"<p>El acetato de potasio, tambi\u00e9n conocido como acetato de potasio, tiene una f\u00f3rmula qu\u00edmica de C2H3O2K. Es una sal obtenida por la reacci\u00f3n del acetato de sodio y el cloruro de potasio. Es un polvo blanco cristalino, inodoro, ligeramente salado y f\u00e1cilmente soluble en agua y etanol.  <\/p>\n<h2><span style=\"font-size: 14pt;\">Propiedades<\/span><\/h2>\n<p>F\u00f3rmula qu\u00edmica: CH3COOK Peso molecular: 98,14 Punto de fusi\u00f3n: 292 \u00b0C Densidad: 1,57 g\/cm\u00b3<\/p>\n<p>Aspecto: polvo blanco<\/p>\n<p>Solubilidad: f\u00e1cilmente soluble en agua, soluble en etanol y amon\u00edaco l\u00edquido, insoluble en \u00e9ter y acetona. El acetato de potasio es una sustancia d\u00e9bilmente \u00e1cida que exhibe una acidez d\u00e9bil en el agua. Su efecto de ionizaci\u00f3n \u00e1cida es peque\u00f1o y no es f\u00e1cil descomponer el \u00e1cido libre. Al mismo tiempo, descompone el \u00e1cido ac\u00e9tico y el \u00f3xido de potasio cuando se calienta.<\/p>\n<h2><span style=\"font-size: 14pt;\">Producci\u00f3n<\/span><\/h2>\n<p>Hay dos procesos principales de producci\u00f3n de acetato de potasio. Una es hacer reaccionar el cloruro de potasio y el acetato de sodio para obtener acetato de potasio y cloruro de sodio, y luego separar el acetato de potasio a trav\u00e9s de procesos como la cristalizaci\u00f3n y la evaporaci\u00f3n. La otra es fermentar acetato de potasio utilizando productos naturales como la c\u00e1scara de madera (c\u00e1scara de fruta, corteza, etc.) como materia prima.  <\/p>\n<h2><span style=\"font-size: 14pt;\">Aplicaciones<\/span><\/h2>\n<p>Campo m\u00e9dico: El acetato de potasio es un suplemento electrol\u00edtico eficaz que puede ayudar a regular el equilibrio \u00e1cido-base en el cuerpo, especialmente en el tratamiento de la acidosis metab\u00f3lica. Adem\u00e1s, tambi\u00e9n se puede utilizar como agente de liberaci\u00f3n sostenida de medicamentos para prolongar la duraci\u00f3n de la acci\u00f3n del medicamento. Campo de alimentos: A menudo se usa como conservante y agente antibacteriano para ayudar a prolongar la vida \u00fatil de los alimentos. Al mismo tiempo, tambi\u00e9n es un agente aromatizante que puede mejorar el sabor de los alimentos. Campo industrial: Se puede utilizar como tamp\u00f3n en la industria de la galvanoplastia para evitar que la acidez del electrolito sea demasiado alta. En la producci\u00f3n de poliuretano, tambi\u00e9n se puede utilizar como catalizador. Adem\u00e1s, tambi\u00e9n se puede utilizar para fabricar vidrio transparente, materiales aislantes, fibra de vidrio, tintes y pigmentos, etc. En estos procesos de fabricaci\u00f3n, se puede utilizar como catalizador industrial, agente auxiliar o aditivo para mejorar la estabilidad y durabilidad del producto. <\/p>\n<h2><span style=\"font-size: 14pt;\">Control de calidad<\/span><\/h2>\n<p>Nuestros productos implementan el sistema de gesti\u00f3n de calidad m\u00e1s estricto. Existen estrictos est\u00e1ndares de inspecci\u00f3n para los materiales entrantes, los procesos, las inspecciones finales y las inspecciones de f\u00e1brica. Se adoptar\u00e1n estrictas medidas de aislamiento para el procesamiento no calificado para evitar que los productos no calificados fluyan hacia el siguiente proceso. Las muestras se proporcionar\u00e1n a los clientes de acuerdo con los requisitos del cliente para la reinspecci\u00f3n.   <\/p>\n<h2><span style=\"font-size: 14pt;\">Embalaje y almacenamiento<\/span><\/h2>\n<p>Las bolsas de vac\u00edo y los cartones se utilizan para el embalaje. El acetato de potasio debe almacenarse en un ambiente fresco y seco, y la temperatura de almacenamiento debe ser inferior a 30 \u00b0C.  La sala de almacenamiento o el almac\u00e9n deben estar bien ventilados y la humedad relativa debe mantenerse por debajo del 75% para reducir la absorci\u00f3n de humedad del acetato de potasio y evitar la aglomeraci\u00f3n.<\/p>\n","protected":false},"excerpt":{"rendered":"<p>El acetato de potasio, tambi\u00e9n conocido como acetato de potasio, tiene una f\u00f3rmula qu\u00edmica de C2H3O2K. Es una sal obtenida por la reacci\u00f3n del acetato de sodio y el cloruro de potasio. Es un polvo blanco cristalino, inodoro, ligeramente salado y f\u00e1cilmente soluble en agua y etanol. Propiedades F\u00f3rmula qu\u00edmica: CH3COOK Peso molecular: 98,14 Punto [&hellip;]<\/p>\n","protected":false},"featured_media":1000112,"comment_status":"open","ping_status":"closed","template":"","meta":{"_acf_changed":false},"product_brand":[],"product_cat":[187],"product_tag":[],"class_list":{"0":"post-1010232","1":"product","2":"type-product","3":"status-publish","4":"has-post-thumbnail","6":"product_cat-otros-materiales","8":"first","9":"instock","10":"shipping-taxable","11":"purchasable","12":"product-type-variable"},"acf":[],"_links":{"self":[{"href":"https:\/\/vimaterial.de\/es\/wp-json\/wp\/v2\/product\/1010232","targetHints":{"allow":["GET"]}}],"collection":[{"href":"https:\/\/vimaterial.de\/es\/wp-json\/wp\/v2\/product"}],"about":[{"href":"https:\/\/vimaterial.de\/es\/wp-json\/wp\/v2\/types\/product"}],"replies":[{"embeddable":true,"href":"https:\/\/vimaterial.de\/es\/wp-json\/wp\/v2\/comments?post=1010232"}],"wp:featuredmedia":[{"embeddable":true,"href":"https:\/\/vimaterial.de\/es\/wp-json\/wp\/v2\/media\/1000112"}],"wp:attachment":[{"href":"https:\/\/vimaterial.de\/es\/wp-json\/wp\/v2\/media?parent=1010232"}],"wp:term":[{"taxonomy":"product_brand","embeddable":true,"href":"https:\/\/vimaterial.de\/es\/wp-json\/wp\/v2\/product_brand?post=1010232"},{"taxonomy":"product_cat","embeddable":true,"href":"https:\/\/vimaterial.de\/es\/wp-json\/wp\/v2\/product_cat?post=1010232"},{"taxonomy":"product_tag","embeddable":true,"href":"https:\/\/vimaterial.de\/es\/wp-json\/wp\/v2\/product_tag?post=1010232"}],"curies":[{"name":"wp","href":"https:\/\/api.w.org\/{rel}","templated":true}]}}