{"id":1010227,"date":"2024-06-17T14:17:03","date_gmt":"2024-06-17T06:17:03","guid":{"rendered":"https:\/\/vimaterial.de\/product\/niobato-potasico\/"},"modified":"2024-12-26T14:24:05","modified_gmt":"2024-12-26T06:24:05","slug":"niobato-potasico","status":"publish","type":"product","link":"https:\/\/vimaterial.de\/es\/product\/niobato-potasico\/","title":{"rendered":"Niobato de potasio"},"content":{"rendered":"<p>El objetivo de pulverizaci\u00f3n cat\u00f3dica de niobato de potasio (KNbO\u2083) es un material ferroel\u00e9ctrico de perovskita com\u00fan. Es ampliamente utilizado en optoelectr\u00f3nica y materiales funcionales debido a sus excelentes propiedades piezoel\u00e9ctricas, \u00f3pticas y diel\u00e9ctricas. La pureza de los objetivos de pulverizaci\u00f3n cat\u00f3dica de niobato de potasio proporcionados por VIMATERIAL puede alcanzar el 99,999%, con una excelente uniformidad de composici\u00f3n, una pureza ultra alta y una excelente estabilidad de pulverizaci\u00f3n cat\u00f3dica. Tambi\u00e9n podemos proporcionar servicios de vinculaci\u00f3n espec\u00edfica. Tenemos un equipo profesional del R&amp;D y podemos aceptar la personalizaci\u00f3n y los experimentos, por favor cont\u00e1ctenos. <\/p>\n<h2><span style=\"font-size: 14pt;\">Propiedades<\/span><\/h2>\n<p>F\u00f3rmula molecular: KNbO3 Peso molecular: 180.0029 Apariencia: s\u00f3lido incoloro Densidad: 4,62 g \/ cm3 Punto de fusi\u00f3n: 1045 \u00b0C Dureza: 4.5HM<\/p>\n<h2><span style=\"font-size: 14pt;\">Preparaci\u00f3n<\/span><\/h2>\n<p>Seleccione las materias primas (pesar con precisi\u00f3n el \u00f3xido de potasio (K\u2082O) o carbonato de potasio (K\u2082CO\u2083) y el \u00f3xido de niobio (Nb\u2082O\u2085) en una proporci\u00f3n molar de 1:1) \u2192 Mezcla y molienda de bolas \u2192 Sinterizaci\u00f3n a alta temperatura \u2192 Moldeo \u2192 Prensado en caliente \u2192 Mecanizado y pulido<\/p>\n<h2><span style=\"font-size: 14pt;\">Aplicaciones<\/span><\/h2>\n<p>El niobato de potasio tiene buenas propiedades el\u00e9ctricas, por lo que es ampliamente utilizado en dispositivos electr\u00f3nicos, dispositivos optoelectr\u00f3nicos, dispositivos de ondas ac\u00fasticas y otros campos. El niobato de potasio se puede utilizar para preparar condensadores, cer\u00e1micas piezoel\u00e9ctricas, dispositivos de ondas ac\u00fasticas de superficie, etc. Adem\u00e1s, el niobato de potasio tambi\u00e9n se puede utilizar para preparar materiales \u00f3pticos, catalizadores, etc.  <\/p>\n<h2><span style=\"font-size: 14pt;\">Control de calidad<\/span><\/h2>\n<p>Nuestros productos est\u00e1n sujetos al m\u00e1s estricto sistema de gesti\u00f3n de calidad. Existen estrictos est\u00e1ndares de inspecci\u00f3n para los materiales entrantes, el proceso, la inspecci\u00f3n final y la inspecci\u00f3n de f\u00e1brica. Se adoptar\u00e1n estrictas medidas de aislamiento para el procesamiento no calificado para evitar que los productos no calificados fluyan hacia el siguiente proceso. Las muestras se proporcionar\u00e1n a los clientes de acuerdo con los requisitos del cliente para la reinspecci\u00f3n.   <\/p>\n<h2><span style=\"font-size: 14pt;\">Embalaje y almacenamiento<\/span><\/h2>\n<p>Los objetivos de pulverizaci\u00f3n cat\u00f3dica de niobato de potasio se empaquetan en bolsas de vac\u00edo dobles y cartones. Los objetivos de pulverizaci\u00f3n cat\u00f3dica de niobato de potasio deben almacenarse en un ambiente seco y sellarse con empaque al vac\u00edo o desecante. Evite el contacto prolongado con el agua o el aire h\u00famedo durante el almacenamiento para evitar la descomposici\u00f3n del material o la degradaci\u00f3n del rendimiento. La temperatura del entorno de almacenamiento debe mantenerse a 15 ~ 30 \u00b0C para evitar el cambio de fase o la degradaci\u00f3n del rendimiento del cristal causada por la alta temperatura. Evite el contacto con otros productos qu\u00edmicos, especialmente gases \u00e1cidos o alcalinos. Se recomienda utilizar un entorno de gas inerte (como el arg\u00f3n) durante el almacenamiento para evitar reacciones qu\u00edmicas. Compruebe regularmente si hay grietas, manchas de oxidaci\u00f3n o contaminaci\u00f3n en la superficie del objetivo, y vuelva a pulir si es necesario.<\/p>\n","protected":false},"excerpt":{"rendered":"<p>El objetivo de pulverizaci\u00f3n cat\u00f3dica de niobato de potasio (KNbO\u2083) es un material ferroel\u00e9ctrico de perovskita com\u00fan. Es ampliamente utilizado en optoelectr\u00f3nica y materiales funcionales debido a sus excelentes propiedades piezoel\u00e9ctricas, \u00f3pticas y diel\u00e9ctricas. La pureza de los objetivos de pulverizaci\u00f3n cat\u00f3dica de niobato de potasio proporcionados por VIMATERIAL puede alcanzar el 99,999%, con una [&hellip;]<\/p>\n","protected":false},"featured_media":1000102,"comment_status":"open","ping_status":"closed","template":"","meta":{"_acf_changed":false},"product_brand":[],"product_cat":[178],"product_tag":[],"class_list":{"0":"post-1010227","1":"product","2":"type-product","3":"status-publish","4":"has-post-thumbnail","6":"product_cat-catodos-para-sputtering-planar","8":"first","9":"instock","10":"shipping-taxable","11":"product-type-variable"},"acf":[],"_links":{"self":[{"href":"https:\/\/vimaterial.de\/es\/wp-json\/wp\/v2\/product\/1010227","targetHints":{"allow":["GET"]}}],"collection":[{"href":"https:\/\/vimaterial.de\/es\/wp-json\/wp\/v2\/product"}],"about":[{"href":"https:\/\/vimaterial.de\/es\/wp-json\/wp\/v2\/types\/product"}],"replies":[{"embeddable":true,"href":"https:\/\/vimaterial.de\/es\/wp-json\/wp\/v2\/comments?post=1010227"}],"wp:featuredmedia":[{"embeddable":true,"href":"https:\/\/vimaterial.de\/es\/wp-json\/wp\/v2\/media\/1000102"}],"wp:attachment":[{"href":"https:\/\/vimaterial.de\/es\/wp-json\/wp\/v2\/media?parent=1010227"}],"wp:term":[{"taxonomy":"product_brand","embeddable":true,"href":"https:\/\/vimaterial.de\/es\/wp-json\/wp\/v2\/product_brand?post=1010227"},{"taxonomy":"product_cat","embeddable":true,"href":"https:\/\/vimaterial.de\/es\/wp-json\/wp\/v2\/product_cat?post=1010227"},{"taxonomy":"product_tag","embeddable":true,"href":"https:\/\/vimaterial.de\/es\/wp-json\/wp\/v2\/product_tag?post=1010227"}],"curies":[{"name":"wp","href":"https:\/\/api.w.org\/{rel}","templated":true}]}}