{"id":1010215,"date":"2024-06-17T14:17:04","date_gmt":"2024-06-17T06:17:04","guid":{"rendered":"https:\/\/vimaterial.de\/product\/hexafluorofosfatov-de-potasio\/"},"modified":"2024-12-26T15:27:06","modified_gmt":"2024-12-26T07:27:06","slug":"hexafluorofosfatov-de-potasio","status":"publish","type":"product","link":"https:\/\/vimaterial.de\/es\/product\/hexafluorofosfatov-de-potasio\/","title":{"rendered":"Hexafluorofosfato de potasio (V)"},"content":{"rendered":"<p>El hexafluorofosfato de potasio, con la f\u00f3rmula qu\u00edmica KPF6, es un compuesto inorg\u00e1nico. VIMATERIAL proporciona hexafluorofosfato de potasio de alta pureza, cuenta con un equipo profesional de investigaci\u00f3n y desarrollo y puede aceptar personalizaci\u00f3n y experimentos. P\u00f3ngase en contacto con nosotros.<\/p>\n<h2><span style=\"font-size: 14pt;\">Propiedades f\u00edsicas<\/span><\/h2>\n<p>Apariencia: El hexafluorofosfato de potasio es un polvo cristalino blanco, a veces tambi\u00e9n se presenta como un cristal cuadrado o rectangular grueso en forma de placa con una estructura de celos\u00eda c\u00fabica centrada en la cara. Punto de fusi\u00f3n: 575 \u00b0C Densidad: 2,75 g\/cm\u00b3 \u00cdndice de refracci\u00f3n: 1,366 Presi\u00f3n de vapor: 41,5 mmHg Solubilidad: Soluble en agua, con una solubilidad de aproximadamente 93 g\/L (25 en punto), y ligeramente soluble en metanol, pero insoluble en otros solventes org\u00e1nicos como el \u00e9ter.<\/p>\n<h2><span style=\"font-size: 14pt;\">Propiedades qu\u00edmicas<\/span><\/h2>\n<p>Estabilidad t\u00e9rmica: El hexafluorofosfato de potasio se descompone a altas temperaturas para producir fluoruro de potasio, trifluoruro de f\u00f3sforo y fl\u00faor elemental, y la ecuaci\u00f3n de reacci\u00f3n es KPF6 \u2192 KF + PF3\u2191 + F2\u2191. Reacci\u00f3n con \u00e1cido: KPF6 puede reaccionar con \u00e1cido inorg\u00e1nico concentrado para preparar \u00e1cido hexafluorofosf\u00f3rico, pero la ecuaci\u00f3n espec\u00edfica de la reacci\u00f3n puede variar seg\u00fan el tipo de \u00e1cido y las condiciones de reacci\u00f3n. Sensibilidad: KPF6 es higrosc\u00f3pico y sensible a la humedad, por lo que debe mantenerse seco durante el almacenamiento y el uso. Otras reacciones: Cuando se calienta con NaOH s\u00f3lido, el hexafluorofosfato de potasio reaccionar\u00e1 violentamente a m\u00e1s de 400 para producir fluoruro y fosfato.<\/p>\n<h2><span style=\"font-size: 14pt;\">Aplicaci\u00f3n<\/span><\/h2>\n<p>Sustituto de fl\u00faor org\u00e1nico: El hexafluorofosfato de potasio se utiliza principalmente como sustituto de fl\u00faor org\u00e1nico y tiene una amplia gama de aplicaciones en la s\u00edntesis org\u00e1nica. Preparaci\u00f3n de otros hexafluorofosfatos: El hexafluorofosfato de potasio tambi\u00e9n se puede utilizar para preparar otros compuestos de hexafluorofosfato.<\/p>\n<h2><span style=\"font-size: 14pt;\">Control de calidad<\/span><\/h2>\n<p>Nuestros productos implementan el sistema de gesti\u00f3n de calidad m\u00e1s estricto. Existen estrictos est\u00e1ndares de inspecci\u00f3n para los materiales entrantes, el proceso, la inspecci\u00f3n final y la inspecci\u00f3n de f\u00e1brica. Se adoptar\u00e1n estrictas medidas de aislamiento para el procesamiento no calificado para evitar que los productos no calificados fluyan hacia el siguiente proceso. Las muestras se proporcionar\u00e1n a los clientes de acuerdo con los requisitos del cliente para la reinspecci\u00f3n.   <\/p>\n<h2><span style=\"font-size: 14pt;\">Embalaje y almacenamiento<\/span><\/h2>\n<p>Envasado interior al vac\u00edo y embalaje exterior de cart\u00f3n. Debe almacenarse en un lugar seco y fresco, lejos del fuego y de materiales inflamables. Durante el almacenamiento y el transporte, se debe tener cuidado de evitar el contacto con materia org\u00e1nica, \u00e1cido, agente reductor y otras sustancias para evitar reacciones inesperadas y accidentes.<\/p>\n","protected":false},"excerpt":{"rendered":"<p>El hexafluorofosfato de potasio, con la f\u00f3rmula qu\u00edmica KPF6, es un compuesto inorg\u00e1nico. VIMATERIAL proporciona hexafluorofosfato de potasio de alta pureza, cuenta con un equipo profesional de investigaci\u00f3n y desarrollo y puede aceptar personalizaci\u00f3n y experimentos. P\u00f3ngase en contacto con nosotros. Propiedades f\u00edsicas Apariencia: El hexafluorofosfato de potasio es un polvo cristalino blanco, a veces [&hellip;]<\/p>\n","protected":false},"featured_media":1040752,"comment_status":"open","ping_status":"closed","template":"","meta":{"_acf_changed":false},"product_brand":[],"product_cat":[182],"product_tag":[],"class_list":{"0":"post-1010215","1":"product","2":"type-product","3":"status-publish","4":"has-post-thumbnail","6":"product_cat-materiales-halogenados","8":"first","9":"instock","10":"shipping-taxable","11":"purchasable","12":"product-type-variable"},"acf":[],"_links":{"self":[{"href":"https:\/\/vimaterial.de\/es\/wp-json\/wp\/v2\/product\/1010215","targetHints":{"allow":["GET"]}}],"collection":[{"href":"https:\/\/vimaterial.de\/es\/wp-json\/wp\/v2\/product"}],"about":[{"href":"https:\/\/vimaterial.de\/es\/wp-json\/wp\/v2\/types\/product"}],"replies":[{"embeddable":true,"href":"https:\/\/vimaterial.de\/es\/wp-json\/wp\/v2\/comments?post=1010215"}],"wp:featuredmedia":[{"embeddable":true,"href":"https:\/\/vimaterial.de\/es\/wp-json\/wp\/v2\/media\/1040752"}],"wp:attachment":[{"href":"https:\/\/vimaterial.de\/es\/wp-json\/wp\/v2\/media?parent=1010215"}],"wp:term":[{"taxonomy":"product_brand","embeddable":true,"href":"https:\/\/vimaterial.de\/es\/wp-json\/wp\/v2\/product_brand?post=1010215"},{"taxonomy":"product_cat","embeddable":true,"href":"https:\/\/vimaterial.de\/es\/wp-json\/wp\/v2\/product_cat?post=1010215"},{"taxonomy":"product_tag","embeddable":true,"href":"https:\/\/vimaterial.de\/es\/wp-json\/wp\/v2\/product_tag?post=1010215"}],"curies":[{"name":"wp","href":"https:\/\/api.w.org\/{rel}","templated":true}]}}