{"id":1010180,"date":"2024-06-17T14:17:10","date_gmt":"2024-06-17T06:17:10","guid":{"rendered":"https:\/\/vimaterial.de\/product\/tantalato-de-potasio\/"},"modified":"2024-12-26T15:56:37","modified_gmt":"2024-12-26T07:56:37","slug":"tantalato-de-potasio","status":"publish","type":"product","link":"https:\/\/vimaterial.de\/es\/product\/tantalato-de-potasio\/","title":{"rendered":"Tantalato de potasio"},"content":{"rendered":"<p>El tantalato de potasio (KTaO3) es un compuesto inorg\u00e1nico compuesto por iones de potasio (K+) e iones tantalato (TaO3-). Es un material funcional con importantes propiedades f\u00edsicas y qu\u00edmicas. El tantalato de potasio es un material cristalino con una estructura cristalina similar a la de la perovskita. VIMATREIAL tambi\u00e9n proporciona una serie de otros materiales estructurados con perovskita, como titanato de bario (BaTiO3), titanato de estroncio (SrTiO3), cromato de estroncio (SrCrO3), etc. Si lo necesitas, ponte en contacto con nosotros. <\/p>\n<h2><span style=\"font-size: 14pt;\">Propiedades<\/span><\/h2>\n<p>F\u00f3rmula molecular: KTaO3 Peso molecular: 268.0444 Color: incoloro Punto de fusi\u00f3n: 1370 \u00b0C \u00cdndice de refracci\u00f3n 2.4 (\u03bb = 0.633nm) Constante diel\u00e9ctrica: 4400 Temperatura de Curie: -269 \u00b0 C (4K) Rango de transmitancia: 0.4 ~ 6\u03bcm. Solubilidad: Insoluble en agua<\/p>\n<h2><span style=\"font-size: 14pt;\">Preparaci\u00f3n<\/span><\/h2>\n<p>Generado por la reacci\u00f3n de hidr\u00f3xido de tantalio y soluci\u00f3n alcalina o por la reacci\u00f3n de pent\u00f3xido de tantalio y carbonato de potasio. Los monocristales se preparan mediante el m\u00e9todo Czochralski o el m\u00e9todo kilosint\u00e9tico.<\/p>\n<h2><span style=\"font-size: 14pt;\">Aplicaci\u00f3n<\/span><\/h2>\n<p>1. Material diel\u00e9ctrico: Debido a sus caracter\u00edsticas de alta constante diel\u00e9ctrica y baja p\u00e9rdida, el tantalato de potasio (KTaO3) se utiliza como material diel\u00e9ctrico en condensadores, cer\u00e1micas piezoel\u00e9ctricas, supercondensadores y otros campos. 2. Materiales piezoel\u00e9ctricos: El tantalato de potasio (KTaO3) tiene un efecto piezoel\u00e9ctrico, por lo que se puede utilizar en sensores piezoel\u00e9ctricos, sensores de presi\u00f3n y generadores de ondas ac\u00fasticas. 3. Materiales \u00f3pticos: Debido a sus propiedades \u00f3pticas y propiedades el\u00e9ctricas controladas por la luz, el tantalato de potasio (KTaO3) se puede utilizar en dispositivos \u00f3pticos, dispositivos de gu\u00eda de ondas \u00f3pticas y sensores fotoel\u00e9ctricos. 4. Dispositivos electr\u00f3nicos: El tantalato de potasio (KTaO3) tambi\u00e9n se puede utilizar en dispositivos electr\u00f3nicos como transistores de efecto de campo (FET) y fototransistores.<\/p>\n<h2><span style=\"font-size: 14pt;\">Control de calidad<\/span><\/h2>\n<p>Nuestros productos implementan el sistema de gesti\u00f3n de calidad m\u00e1s estricto. Existen estrictos est\u00e1ndares de inspecci\u00f3n para los materiales entrantes, los procesos, las inspecciones finales y las inspecciones de f\u00e1brica. Se adoptar\u00e1n estrictas medidas de aislamiento para el procesamiento no calificado para evitar que los productos no calificados fluyan hacia el siguiente proceso. Las muestras se proporcionar\u00e1n a los clientes de acuerdo con los requisitos del cliente para la reinspecci\u00f3n.   <\/p>\n<h2><span style=\"font-size: 14pt;\">Embalaje y almacenamiento<\/span><\/h2>\n<p>Embalaje interior al vac\u00edo, embalaje exterior de cart\u00f3n\/caja de madera. El tantalato de potasio debe almacenarse en un ambiente seco y mantenerse alejado de la luz.<\/p>\n<p>&nbsp;<\/p>\n","protected":false},"excerpt":{"rendered":"<p>El tantalato de potasio (KTaO3) es un compuesto inorg\u00e1nico compuesto por iones de potasio (K+) e iones tantalato (TaO3-). Es un material funcional con importantes propiedades f\u00edsicas y qu\u00edmicas. El tantalato de potasio es un material cristalino con una estructura cristalina similar a la de la perovskita. VIMATREIAL tambi\u00e9n proporciona una serie de otros materiales [&hellip;]<\/p>\n","protected":false},"featured_media":1031195,"comment_status":"open","ping_status":"closed","template":"","meta":{"_acf_changed":false},"product_brand":[],"product_cat":[179],"product_tag":[],"class_list":{"0":"post-1010180","1":"product","2":"type-product","3":"status-publish","4":"has-post-thumbnail","6":"product_cat-materiales-de-evaporacion","8":"first","9":"instock","10":"shipping-taxable","11":"product-type-variable"},"acf":[],"_links":{"self":[{"href":"https:\/\/vimaterial.de\/es\/wp-json\/wp\/v2\/product\/1010180","targetHints":{"allow":["GET"]}}],"collection":[{"href":"https:\/\/vimaterial.de\/es\/wp-json\/wp\/v2\/product"}],"about":[{"href":"https:\/\/vimaterial.de\/es\/wp-json\/wp\/v2\/types\/product"}],"replies":[{"embeddable":true,"href":"https:\/\/vimaterial.de\/es\/wp-json\/wp\/v2\/comments?post=1010180"}],"wp:featuredmedia":[{"embeddable":true,"href":"https:\/\/vimaterial.de\/es\/wp-json\/wp\/v2\/media\/1031195"}],"wp:attachment":[{"href":"https:\/\/vimaterial.de\/es\/wp-json\/wp\/v2\/media?parent=1010180"}],"wp:term":[{"taxonomy":"product_brand","embeddable":true,"href":"https:\/\/vimaterial.de\/es\/wp-json\/wp\/v2\/product_brand?post=1010180"},{"taxonomy":"product_cat","embeddable":true,"href":"https:\/\/vimaterial.de\/es\/wp-json\/wp\/v2\/product_cat?post=1010180"},{"taxonomy":"product_tag","embeddable":true,"href":"https:\/\/vimaterial.de\/es\/wp-json\/wp\/v2\/product_tag?post=1010180"}],"curies":[{"name":"wp","href":"https:\/\/api.w.org\/{rel}","templated":true}]}}