{"id":1010171,"date":"2024-06-17T14:17:11","date_gmt":"2024-06-17T06:17:11","guid":{"rendered":"https:\/\/vimaterial.de\/product\/fosfato-calcico-2\/"},"modified":"2024-12-26T16:45:15","modified_gmt":"2024-12-26T08:45:15","slug":"fosfato-calcico-2","status":"publish","type":"product","link":"https:\/\/vimaterial.de\/es\/product\/fosfato-calcico-2\/","title":{"rendered":"Fosfato de calcio"},"content":{"rendered":"<p>El fosfato de calcio es un compuesto inorg\u00e1nico con la f\u00f3rmula qu\u00edmica de Ca3(PO4)2. Es un cristal blanco o polvo amorfo y es ligeramente soluble en agua. VIMATERIAL puede proporcionar polvo de fosfato de calcio y objetivo de fosfato de calcio. <\/p>\n<h2><span style=\"font-size: 14pt;\">Propiedades<\/span><\/h2>\n<p>F\u00f3rmula qu\u00edmica: Ca3(PO4)2 Peso molecular: 310.177 Aspecto: cristal blanco o polvo amorfo Punto de fusi\u00f3n: 1670 \u00b0C Solubilidad en agua: ligeramente soluble Densidad: 3,14 g\/cm\u00b3<\/p>\n<h2><span style=\"font-size: 14pt;\">Aplicaci\u00f3n<\/span><\/h2>\n<p>1. Aditivos alimentarios: El Ca3(PO4)2 es ampliamente utilizado como aditivo alimentario. Por ejemplo, el fosfato de hidr\u00f3geno de calcio se puede utilizar como agente antiaglomerante, agente leudante, acidificante, etc.; el hidrogenofosfato de calcio dihidratado puede aumentar el valor nutricional de los alimentos; El hidrogenofosfato de calcio se puede utilizar como espesante y estabilizador; y el fosfato tric\u00e1lcico se utiliza para aumentar el contenido de calcio de los alimentos. 2. Industria farmac\u00e9utica: Ca3 (PO4) 2 tambi\u00e9n se usa ampliamente en la industria farmac\u00e9utica. Por ejemplo, el hidrogenofosfato de calcio dihidratado se utiliza a menudo en el tratamiento dental y puede utilizarse como objetivo cer\u00e1mico, lubricante s\u00f3lido a alta temperatura, etc. 3. Aditivos para piensos: El Ca3(PO4)2 tambi\u00e9n se utiliza en los piensos para complementar las necesidades minerales de los animales. Los aditivos comunes para piensos incluyen hidrogenofosfato de calcio y fosfato de hidr\u00f3geno dic\u00e1lcico. 4. Materiales dentales: Ca3 (PO4) 2 se puede usar en materiales dentales, por ejemplo, se puede usar como agente de liberaci\u00f3n sostenida, para aumentar la dureza de la goma de mascar, etc.<\/p>\n<h2><span style=\"font-size: 14pt;\">Control de calidad<\/span><\/h2>\n<p>Nuestros productos implementan el sistema de gesti\u00f3n de calidad m\u00e1s estricto y existen estrictos est\u00e1ndares de inspecci\u00f3n para los materiales entrantes, procesos, inspecciones finales e inspecciones de f\u00e1brica. Se adoptar\u00e1n estrictas medidas de aislamiento para el procesamiento no calificado para evitar que los productos no calificados fluyan hacia el siguiente proceso. Las muestras se proporcionar\u00e1n a los clientes de acuerdo con los requisitos del cliente para la reinspecci\u00f3n.  <\/p>\n<h2><span style=\"font-size: 14pt;\">Embalaje y almacenamiento<\/span><\/h2>\n<p>Envasado interior al vac\u00edo, embalaje exterior de cart\u00f3n. El fosfato de calcio debe almacenarse en un almac\u00e9n fresco y ventilado. Mantener alejado del fuego y de fuentes de calor. Debe almacenarse por separado de los \u00e1cidos y no debe mezclarse. El \u00e1rea de almacenamiento debe estar equipada con materiales adecuados para contener las fugas.<\/p>\n","protected":false},"excerpt":{"rendered":"<p>El fosfato de calcio es un compuesto inorg\u00e1nico con la f\u00f3rmula qu\u00edmica de Ca3(PO4)2. Es un cristal blanco o polvo amorfo y es ligeramente soluble en agua. VIMATERIAL puede proporcionar polvo de fosfato de calcio y objetivo de fosfato de calcio. Propiedades F\u00f3rmula qu\u00edmica: Ca3(PO4)2 Peso molecular: 310.177 Aspecto: cristal blanco o polvo amorfo Punto [&hellip;]<\/p>\n","protected":false},"featured_media":1029930,"comment_status":"open","ping_status":"closed","template":"","meta":{"_acf_changed":false},"product_brand":[],"product_cat":[187],"product_tag":[],"class_list":{"0":"post-1010171","1":"product","2":"type-product","3":"status-publish","4":"has-post-thumbnail","6":"product_cat-otros-materiales","8":"first","9":"instock","10":"shipping-taxable","11":"purchasable","12":"product-type-variable"},"acf":[],"_links":{"self":[{"href":"https:\/\/vimaterial.de\/es\/wp-json\/wp\/v2\/product\/1010171","targetHints":{"allow":["GET"]}}],"collection":[{"href":"https:\/\/vimaterial.de\/es\/wp-json\/wp\/v2\/product"}],"about":[{"href":"https:\/\/vimaterial.de\/es\/wp-json\/wp\/v2\/types\/product"}],"replies":[{"embeddable":true,"href":"https:\/\/vimaterial.de\/es\/wp-json\/wp\/v2\/comments?post=1010171"}],"wp:featuredmedia":[{"embeddable":true,"href":"https:\/\/vimaterial.de\/es\/wp-json\/wp\/v2\/media\/1029930"}],"wp:attachment":[{"href":"https:\/\/vimaterial.de\/es\/wp-json\/wp\/v2\/media?parent=1010171"}],"wp:term":[{"taxonomy":"product_brand","embeddable":true,"href":"https:\/\/vimaterial.de\/es\/wp-json\/wp\/v2\/product_brand?post=1010171"},{"taxonomy":"product_cat","embeddable":true,"href":"https:\/\/vimaterial.de\/es\/wp-json\/wp\/v2\/product_cat?post=1010171"},{"taxonomy":"product_tag","embeddable":true,"href":"https:\/\/vimaterial.de\/es\/wp-json\/wp\/v2\/product_tag?post=1010171"}],"curies":[{"name":"wp","href":"https:\/\/api.w.org\/{rel}","templated":true}]}}