{"id":1010155,"date":"2024-06-17T14:17:11","date_gmt":"2024-06-17T06:17:11","guid":{"rendered":"https:\/\/vimaterial.de\/product\/fosfato-calcico\/"},"modified":"2024-12-26T16:54:57","modified_gmt":"2024-12-26T08:54:57","slug":"fosfato-calcico","status":"publish","type":"product","link":"https:\/\/vimaterial.de\/es\/product\/fosfato-calcico\/","title":{"rendered":"Fosfato de calcio"},"content":{"rendered":"<p>El objetivo de pulverizaci\u00f3n cat\u00f3dica de fosfato de calcio es un material cer\u00e1mico funcional, utilizado principalmente para el recubrimiento de pel\u00edcula delgada, ampliamente utilizado en dispositivos biom\u00e9dicos y electr\u00f3nicos. Los objetivos de pulverizaci\u00f3n cat\u00f3dica de fosfato de calcio de VIMATERIAL tienen una excelente uniformidad de composici\u00f3n, una pureza ultra alta y una excelente estabilidad a la pulverizaci\u00f3n cat\u00f3dica. Tambi\u00e9n podemos proporcionar servicios de vinculaci\u00f3n espec\u00edfica. Tenemos un equipo profesional del R&amp;D y podemos aceptar la personalizaci\u00f3n y los experimentos, por favor cont\u00e1ctenos.<\/p>\n<h2><span style=\"font-size: 14pt;\">Propiedades<\/span><\/h2>\n<p>F\u00f3rmula qu\u00edmica: Ca3(PO4)2 Peso molecular: 310.177 Aspecto: cristal blanco o polvo amorfo Punto de fusi\u00f3n: 1670 \u00b0C Solubilidad en agua: ligeramente soluble Densidad: 3,14 g\/cm\u00b3<\/p>\n<h2><span style=\"font-size: 14pt;\">Aplicaci\u00f3n de diente de pulverizaci\u00f3n cat\u00f3dica de fosfato c\u00e1lcico<\/span><\/h2>\n<h3><span style=\"font-size: 12pt;\">1. Campo biom\u00e9dico:  <\/span><\/h3>\n<p>Se utiliza para hacer recubrimientos de pel\u00edcula delgada en la superficie de huesos artificiales, implantes dentales y otros biomateriales. Se utiliza para la modificaci\u00f3n de la superficie de los implantes ortop\u00e9dicos para mejorar la capacidad de uni\u00f3n con el tejido \u00f3seo.<\/p>\n<h3><span style=\"font-size: 12pt;\">2. Dispositivos \u00f3pticos y electr\u00f3nicos:  <\/span><\/h3>\n<p>Se utiliza como material de alta constante diel\u00e9ctrica en dispositivos electr\u00f3nicos, como condensadores y sensores de pel\u00edcula delgada. Depositar pel\u00edculas delgadas en la superficie de dispositivos \u00f3pticos especiales para mejorar el rendimiento \u00f3ptico o ajustar la transmitancia.<\/p>\n<h3><span style=\"font-size: 12pt;\">3. Campo de investigaci\u00f3n cient\u00edfica:  <\/span><\/h3>\n<p>Se utiliza para estudiar la estructura cristalina, la estabilidad qu\u00edmica y las caracter\u00edsticas del fosfato de calcio en aplicaciones biol\u00f3gicas y electr\u00f3nicas. Estudie el comportamiento de deposici\u00f3n de pel\u00edcula delgada de materiales objetivo en procesos PVD o PLD.<\/p>\n<h2><span style=\"font-size: 14pt;\">Control de calidad<\/span><\/h2>\n<p>Nuestros productos implementan el sistema de gesti\u00f3n de calidad m\u00e1s estricto y existen estrictos est\u00e1ndares de inspecci\u00f3n para los materiales entrantes, procesos, inspecciones finales e inspecciones de f\u00e1brica. Se adoptar\u00e1n estrictas medidas de aislamiento para el procesamiento no calificado para evitar que los productos no calificados fluyan hacia el siguiente proceso. Las muestras se proporcionar\u00e1n a los clientes de acuerdo con los requisitos del cliente para la reinspecci\u00f3n.  <\/p>\n<h2><span style=\"font-size: 14pt;\">Embalaje y almacenamiento<\/span><\/h2>\n<p>Envasado interior al vac\u00edo, embalaje exterior de cart\u00f3n. El objetivo de pulverizaci\u00f3n cat\u00f3dica de fosfato de calcio debe almacenarse en un almac\u00e9n fresco y ventilado. Mantener alejado del fuego y de fuentes de calor. Debe almacenarse por separado de los \u00e1cidos y no debe mezclarse. El \u00e1rea de almacenamiento debe estar equipada con materiales adecuados para contener las fugas.<\/p>\n","protected":false},"excerpt":{"rendered":"<p>El objetivo de pulverizaci\u00f3n cat\u00f3dica de fosfato de calcio es un material cer\u00e1mico funcional, utilizado principalmente para el recubrimiento de pel\u00edcula delgada, ampliamente utilizado en dispositivos biom\u00e9dicos y electr\u00f3nicos. Los objetivos de pulverizaci\u00f3n cat\u00f3dica de fosfato de calcio de VIMATERIAL tienen una excelente uniformidad de composici\u00f3n, una pureza ultra alta y una excelente estabilidad a [&hellip;]<\/p>\n","protected":false},"featured_media":1029935,"comment_status":"open","ping_status":"closed","template":"","meta":{"_acf_changed":false},"product_brand":[],"product_cat":[178],"product_tag":[],"class_list":{"0":"post-1010155","1":"product","2":"type-product","3":"status-publish","4":"has-post-thumbnail","6":"product_cat-catodos-para-sputtering-planar","8":"first","9":"instock","10":"shipping-taxable","11":"product-type-variable"},"acf":[],"_links":{"self":[{"href":"https:\/\/vimaterial.de\/es\/wp-json\/wp\/v2\/product\/1010155","targetHints":{"allow":["GET"]}}],"collection":[{"href":"https:\/\/vimaterial.de\/es\/wp-json\/wp\/v2\/product"}],"about":[{"href":"https:\/\/vimaterial.de\/es\/wp-json\/wp\/v2\/types\/product"}],"replies":[{"embeddable":true,"href":"https:\/\/vimaterial.de\/es\/wp-json\/wp\/v2\/comments?post=1010155"}],"wp:featuredmedia":[{"embeddable":true,"href":"https:\/\/vimaterial.de\/es\/wp-json\/wp\/v2\/media\/1029935"}],"wp:attachment":[{"href":"https:\/\/vimaterial.de\/es\/wp-json\/wp\/v2\/media?parent=1010155"}],"wp:term":[{"taxonomy":"product_brand","embeddable":true,"href":"https:\/\/vimaterial.de\/es\/wp-json\/wp\/v2\/product_brand?post=1010155"},{"taxonomy":"product_cat","embeddable":true,"href":"https:\/\/vimaterial.de\/es\/wp-json\/wp\/v2\/product_cat?post=1010155"},{"taxonomy":"product_tag","embeddable":true,"href":"https:\/\/vimaterial.de\/es\/wp-json\/wp\/v2\/product_tag?post=1010155"}],"curies":[{"name":"wp","href":"https:\/\/api.w.org\/{rel}","templated":true}]}}