{"id":1010139,"date":"2024-06-17T14:17:12","date_gmt":"2024-06-17T06:17:12","guid":{"rendered":"https:\/\/vimaterial.de\/product\/nitruro-de-calcio\/"},"modified":"2024-12-27T11:03:49","modified_gmt":"2024-12-27T03:03:49","slug":"nitruro-de-calcio","status":"publish","type":"product","link":"https:\/\/vimaterial.de\/es\/product\/nitruro-de-calcio\/","title":{"rendered":"Nitruro de calcio"},"content":{"rendered":"<p>El nitruro de calcio es el compuesto inorg\u00e1nico con la f\u00f3rmula qu\u00edmica Ca3N2. Existe en varias formas (isomorfos), siendo \u03b1 nitruro de calcio el m\u00e1s com\u00fan. VIMATERIAL proporciona una variedad de nitruros, como nitruro de silicio (Si3N4), nitruro de titanio (TiN), nitruro de aluminio (AlN)&#8230;. Si tiene alguna necesidad, p\u00f3ngase en contacto con nosotros. <\/p>\n<h2><span style=\"font-size: 14pt;\">Propiedades<\/span><\/h2>\n<p>F\u00f3rmula qu\u00edmica:Ca3N2 Masa molar:148.248 g\u00b7<sup>mol-1<\/sup> Aspecto:s\u00f3lido cristalino de color marr\u00f3n rojizo Densidad:2.670 g\/cm3,2.63 g\/cm3(17 \u00b0C) Punto de fusi\u00f3n:1.195 \u00b0C (2.183 \u00b0F; 1.468 K) Solubilidad en agua:se descompone Estructura cristalina:C\u00fabico, cI80<\/p>\n<h2><span style=\"font-size: 14pt;\">Producci\u00f3n<\/span><\/h2>\n<p>El nitruro de calcio es una sustancia inorg\u00e1nica. Dado que es relativamente inestable en el aire, debe prepararse en un gas inerte. El siguiente es el m\u00e9todo de preparaci\u00f3n del nitruro de calcio: 1. Coloque el metal de calcio puro en un recipiente sellado de gas inerte; 2. Agregue nitr\u00f3geno para que la presi\u00f3n alcance un cierto valor, generalmente entre 1.5-2.5Mpa; 3. Use un horno de alta temperatura para calentar el recipiente a 1100-1200 grados Celsius y reaccionar durante 10-24 horas; 4. Despu\u00e9s de enfriar, enfr\u00ede el recipiente a temperatura ambiente con agua de enfriamiento y saque el polvo de nitruro de calcio.  <\/p>\n<h2><span style=\"font-size: 14pt;\">Aplicaci\u00f3n<\/span><\/h2>\n<p>El nitruro de calcio puede reducir los \u00f3xidos met\u00e1licos a metales en condiciones de alta temperatura y alta presi\u00f3n, y es adecuado para el proceso de extracci\u00f3n y purificaci\u00f3n de metales duros. Es ampliamente utilizado en metalurgia, industria qu\u00edmica, electr\u00f3nica, tecnolog\u00eda nuclear y otros campos. Sus principales aplicaciones son las siguientes: 1. Reducci\u00f3n de catalizadores: el Ca3N2 se puede utilizar para producir catalizadores de hidr\u00f3geno para agentes reductores fuertes. 2. Campo metal\u00fargico: Ca3N2 se puede utilizar para reducir los \u00f3xidos met\u00e1licos en la pulvimetalurgia. 3. Preparaci\u00f3n de materiales electr\u00f3nicos: Ca3N2 se puede utilizar para preparar materiales electr\u00f3nicos a base de nitruro.  <\/p>\n<h2><span style=\"font-size: 14pt;\">Control de calidad<\/span><\/h2>\n<p>Nuestros productos implementan el sistema de gesti\u00f3n de calidad m\u00e1s estricto. Existen estrictos est\u00e1ndares de inspecci\u00f3n para los materiales entrantes, los procesos, las inspecciones finales y las inspecciones de f\u00e1brica. Se adoptar\u00e1n estrictas medidas de aislamiento para el procesamiento no calificado para evitar que los productos no calificados fluyan hacia el siguiente proceso. Las muestras se proporcionar\u00e1n a los clientes de acuerdo con los requisitos del cliente para la reinspecci\u00f3n.   <\/p>\n<h2><span style=\"font-size: 14pt;\">Embalaje y almacenamiento<\/span><\/h2>\n<p>Envasado interior al vac\u00edo, embalaje exterior de cart\u00f3n. El nitruro de calcio debe almacenarse en un ambiente seco, fresco y sellado para evitar el contacto con el aire y la humedad.<\/p>\n","protected":false},"excerpt":{"rendered":"<p>El nitruro de calcio es el compuesto inorg\u00e1nico con la f\u00f3rmula qu\u00edmica Ca3N2. Existe en varias formas (isomorfos), siendo \u03b1 nitruro de calcio el m\u00e1s com\u00fan. VIMATERIAL proporciona una variedad de nitruros, como nitruro de silicio (Si3N4), nitruro de titanio (TiN), nitruro de aluminio (AlN)&#8230;. Si tiene alguna necesidad, p\u00f3ngase en contacto con nosotros. Propiedades [&hellip;]<\/p>\n","protected":false},"featured_media":1029940,"comment_status":"open","ping_status":"closed","template":"","meta":{"_acf_changed":false},"product_brand":[],"product_cat":[183],"product_tag":[],"class_list":{"0":"post-1010139","1":"product","2":"type-product","3":"status-publish","4":"has-post-thumbnail","6":"product_cat-c-n-b-si-materiales","8":"first","9":"instock","10":"shipping-taxable","11":"product-type-variable"},"acf":[],"_links":{"self":[{"href":"https:\/\/vimaterial.de\/es\/wp-json\/wp\/v2\/product\/1010139","targetHints":{"allow":["GET"]}}],"collection":[{"href":"https:\/\/vimaterial.de\/es\/wp-json\/wp\/v2\/product"}],"about":[{"href":"https:\/\/vimaterial.de\/es\/wp-json\/wp\/v2\/types\/product"}],"replies":[{"embeddable":true,"href":"https:\/\/vimaterial.de\/es\/wp-json\/wp\/v2\/comments?post=1010139"}],"wp:featuredmedia":[{"embeddable":true,"href":"https:\/\/vimaterial.de\/es\/wp-json\/wp\/v2\/media\/1029940"}],"wp:attachment":[{"href":"https:\/\/vimaterial.de\/es\/wp-json\/wp\/v2\/media?parent=1010139"}],"wp:term":[{"taxonomy":"product_brand","embeddable":true,"href":"https:\/\/vimaterial.de\/es\/wp-json\/wp\/v2\/product_brand?post=1010139"},{"taxonomy":"product_cat","embeddable":true,"href":"https:\/\/vimaterial.de\/es\/wp-json\/wp\/v2\/product_cat?post=1010139"},{"taxonomy":"product_tag","embeddable":true,"href":"https:\/\/vimaterial.de\/es\/wp-json\/wp\/v2\/product_tag?post=1010139"}],"curies":[{"name":"wp","href":"https:\/\/api.w.org\/{rel}","templated":true}]}}