{"id":1010127,"date":"2024-06-17T14:17:12","date_gmt":"2024-06-17T06:17:12","guid":{"rendered":"https:\/\/vimaterial.de\/product\/boruro-calcico\/"},"modified":"2024-12-27T10:27:28","modified_gmt":"2024-12-27T02:27:28","slug":"boruro-calcico","status":"publish","type":"product","link":"https:\/\/vimaterial.de\/es\/product\/boruro-calcico\/","title":{"rendered":"Borido de calcio"},"content":{"rendered":"<p>El boruro de calcio (a veces hexaboruro de calcio) es un compuesto de calcio y boro con la f\u00f3rmula qu\u00edmica CaB6. Tiene la estructura c\u00fabica t\u00edpica de los hexaborudos met\u00e1licos, con unidades octa\u00e9dricas de 6 \u00e1tomos de boro combinados con \u00e1tomos de calcio. Tanto el CaB6 como el CaB6 dopado con lantano muestran propiedades ferromagn\u00e9ticas d\u00e9biles. VIMATERIAL tambi\u00e9n proporciona otros boruros, como el boruro de aluminio (AlB2, AlB12), el boruro de titanio (TiB2), el boruro de circonio (ZrB2)&#8230; Cualquier requerimiento, por favor cont\u00e1ctenos.<\/p>\n<h2><span style=\"font-size: 14pt;\">Propiedades<\/span><\/h2>\n<p>F\u00f3rmula qu\u00edmica:CaB6 Masa molar:104,94 g\/mol Aspecto:polvo negro Densidad:2,45 g\/cm3 Punto de fusi\u00f3n:2.235 \u00b0C (4.055 \u00b0F; 2.508 K)<\/p>\n<p>Solubilidad en agua: insoluble<\/p>\n<h2><span style=\"font-size: 14pt;\">Aplicaci\u00f3n<\/span><\/h2>\n<p>El hexaboruro de calcio se utiliza en la fabricaci\u00f3n de acero aleado con boro y como agente desoxidante en la producci\u00f3n de cobre sin ox\u00edgeno. Este \u00faltimo da como resultado una mayor conductividad que el cobre desoxidado con f\u00f3sforo convencional debido a la baja solubilidad del boro en el cobre. El boruro de calcio tambi\u00e9n puede servir como material de alta temperatura, protecci\u00f3n de superficies, abrasivos, herramientas y material resistente al desgaste. El boruro de calcio es altamente conductor, tiene una funci\u00f3n de trabajo baja y, por lo tanto, se puede utilizar como material de c\u00e1todo caliente. Cuando se usa a temperatura elevada, el hexaboruro de calcio se oxidar\u00e1 degradando sus propiedades y acortando su vida \u00fatil. El boruro de calcio tambi\u00e9n es un candidato prometedor para los materiales termoel\u00e9ctricos de tipo n, porque su factor de potencia es mayor o comparable al de los materiales termoel\u00e9ctricos comunes Bi2Te3 y PbTe. El boruro de calcio tambi\u00e9n se puede utilizar como antioxidante en refractarios unidos por carbono. <\/p>\n<h2><span style=\"font-size: 14pt;\">Control de calidad<\/span><\/h2>\n<p>Nuestros productos implementan el sistema de gesti\u00f3n de calidad m\u00e1s estricto. Existen estrictos est\u00e1ndares de inspecci\u00f3n para los materiales entrantes, los procesos, las inspecciones finales y las inspecciones de f\u00e1brica. Se adoptar\u00e1n estrictas medidas de aislamiento para el procesamiento no calificado para evitar que los productos no calificados fluyan hacia el siguiente proceso. Las muestras se proporcionar\u00e1n a los clientes de acuerdo con los requisitos del cliente para la reinspecci\u00f3n.   <\/p>\n<h2><span style=\"font-size: 14pt;\">Embalaje y almacenamiento<\/span><\/h2>\n<p>Envasado interior al vac\u00edo, embalaje exterior de cart\u00f3n. Este producto debe sellarse y almacenarse en un ambiente seco y fresco. No debe exponerse al aire durante mucho tiempo para evitar que la humedad provoque aglomeraci\u00f3n, lo que afectar\u00e1 el rendimiento de la dispersi\u00f3n y el efecto de uso. Adem\u00e1s, debe evitarse la fuerte presi\u00f3n y el contacto con oxidantes. Debe transportarse como carga ordinaria.<\/p>\n","protected":false},"excerpt":{"rendered":"<p>El boruro de calcio (a veces hexaboruro de calcio) es un compuesto de calcio y boro con la f\u00f3rmula qu\u00edmica CaB6. Tiene la estructura c\u00fabica t\u00edpica de los hexaborudos met\u00e1licos, con unidades octa\u00e9dricas de 6 \u00e1tomos de boro combinados con \u00e1tomos de calcio. Tanto el CaB6 como el CaB6 dopado con lantano muestran propiedades ferromagn\u00e9ticas [&hellip;]<\/p>\n","protected":false},"featured_media":1029955,"comment_status":"open","ping_status":"closed","template":"","meta":{"_acf_changed":false},"product_brand":[],"product_cat":[183],"product_tag":[],"class_list":{"0":"post-1010127","1":"product","2":"type-product","3":"status-publish","4":"has-post-thumbnail","6":"product_cat-c-n-b-si-materiales","8":"first","9":"instock","10":"shipping-taxable","11":"purchasable","12":"product-type-variable"},"acf":[],"_links":{"self":[{"href":"https:\/\/vimaterial.de\/es\/wp-json\/wp\/v2\/product\/1010127","targetHints":{"allow":["GET"]}}],"collection":[{"href":"https:\/\/vimaterial.de\/es\/wp-json\/wp\/v2\/product"}],"about":[{"href":"https:\/\/vimaterial.de\/es\/wp-json\/wp\/v2\/types\/product"}],"replies":[{"embeddable":true,"href":"https:\/\/vimaterial.de\/es\/wp-json\/wp\/v2\/comments?post=1010127"}],"wp:featuredmedia":[{"embeddable":true,"href":"https:\/\/vimaterial.de\/es\/wp-json\/wp\/v2\/media\/1029955"}],"wp:attachment":[{"href":"https:\/\/vimaterial.de\/es\/wp-json\/wp\/v2\/media?parent=1010127"}],"wp:term":[{"taxonomy":"product_brand","embeddable":true,"href":"https:\/\/vimaterial.de\/es\/wp-json\/wp\/v2\/product_brand?post=1010127"},{"taxonomy":"product_cat","embeddable":true,"href":"https:\/\/vimaterial.de\/es\/wp-json\/wp\/v2\/product_cat?post=1010127"},{"taxonomy":"product_tag","embeddable":true,"href":"https:\/\/vimaterial.de\/es\/wp-json\/wp\/v2\/product_tag?post=1010127"}],"curies":[{"name":"wp","href":"https:\/\/api.w.org\/{rel}","templated":true}]}}