{"id":1010066,"date":"2024-06-17T14:02:30","date_gmt":"2024-06-17T06:02:30","guid":{"rendered":"https:\/\/vimaterial.de\/product\/nitruro-de-boro\/"},"modified":"2024-11-12T14:21:58","modified_gmt":"2024-11-12T06:21:58","slug":"nitruro-de-boro","status":"publish","type":"product","link":"https:\/\/vimaterial.de\/es\/product\/nitruro-de-boro\/","title":{"rendered":"Nitruro de boro"},"content":{"rendered":"<p>El objetivo de pulverizaci\u00f3n cat\u00f3dica de nitruro de boro es un material utilizado en el proceso de pulverizaci\u00f3n cat\u00f3dica para depositar pel\u00edculas de nitruro de boro (BN) sobre un sustrato. La pulverizaci\u00f3n cat\u00f3dica es un tipo de deposici\u00f3n f\u00edsica de vapor (PVD) en la que iones o part\u00edculas de alta energ\u00eda golpean un objetivo, lo que hace que los \u00e1tomos o mol\u00e9culas del material objetivo sean expulsados y depositados sobre un sustrato para formar una pel\u00edcula delgada. <\/p>\n<h2><span style=\"font-size: 14pt;\">Propiedades f\u00edsicas:<\/span><\/h2>\n<p>F\u00f3rmula qu\u00edmica:BN<\/p>\n<p>Masa molar:24,82 g\/mol<\/p>\n<p>Apariencia: Los objetivos de pulverizaci\u00f3n cat\u00f3dica de nitruro de boro suelen ser discos o placas s\u00f3lidas y blancas.<\/p>\n<p>Densidad:2.1 (h-BN); 3,45 (c-BN) g\/cm3<\/p>\n<p>Punto de fusi\u00f3n:2.973 \u00b0C (5.383 \u00b0F; 3.246 K) sublima (cBN)<\/p>\n<p>Solubilidad en agua: insoluble<\/p>\n<p>Pureza: Los objetivos de pulverizaci\u00f3n cat\u00f3dica est\u00e1n disponibles en varios grados de pureza, que suelen oscilar entre el 99 % y el 99,99 % para aplicaciones de alto rendimiento. Aislamiento el\u00e9ctrico: El nitruro de boro es un excelente aislante el\u00e9ctrico, lo que lo hace ideal para aplicaciones que requieren aislamiento el\u00e9ctrico junto con una alta conductividad t\u00e9rmica.<\/p>\n<h2><span style=\"font-size: 14pt;\">Tipos de objetivos de pulverizaci\u00f3n cat\u00f3dica de nitruro de boro:<\/span><\/h2>\n<h3><span style=\"font-size: 12pt;\">Nitruro de boro hexagonal (h-BN):<\/span><\/h3>\n<p>Esta forma se utiliza a menudo para crear pel\u00edculas delgadas lubricantes o aislantes. Tiene una estructura estratificada similar al grafito, lo que permite la deposici\u00f3n de pel\u00edculas delgadas con propiedades lubricantes. Se utiliza por su alta conductividad t\u00e9rmica y propiedades de aislamiento el\u00e9ctrico. Com\u00fan en aplicaciones como recubrimientos para dispositivos electr\u00f3nicos, pel\u00edculas \u00f3pticas y como recubrimiento protector en entornos de alta temperatura. <\/p>\n<h3><span style=\"font-size: 12pt;\">Nitruro de boro c\u00fabico (c-BN):<\/span><\/h3>\n<p>Los objetivos de pulverizaci\u00f3n cat\u00f3dica de nitruro de boro c\u00fabico se utilizan cuando la aplicaci\u00f3n exige dureza, como en herramientas de corte, materiales abrasivos y recubrimientos resistentes al desgaste. Esta forma de BN es el segundo material m\u00e1s duro conocido (despu\u00e9s del diamante), lo que lo hace ideal para pel\u00edculas resistentes al desgaste en condiciones adversas.<\/p>\n<h2><span style=\"font-size: 14pt;\">Aplicaciones:<\/span><\/h2>\n<p>Deposici\u00f3n de pel\u00edcula delgada:<\/p>\n<ul>\n<li>Recubrimientos lubricantes: Las pel\u00edculas hexagonales de nitruro de boro se usan com\u00fanmente como lubricantes en entornos de alta temperatura, incluso en piezas mec\u00e1nicas, recubrimientos de moldes y componentes aeroespaciales.<\/li>\n<li>Recubrimientos diel\u00e9ctricos: Las pel\u00edculas de nitruro de boro se utilizan como materiales diel\u00e9ctricos en dispositivos electr\u00f3nicos y semiconductores debido a sus excelentes propiedades aislantes el\u00e9ctricas.<\/li>\n<\/ul>\n<p>Recubrimientos \u00f3pticos: Los objetivos de pulverizaci\u00f3n cat\u00f3dica de nitruro de boro se pueden utilizar en aplicaciones \u00f3pticas, como en espejos o recubrimientos que deben soportar altas temperaturas y ofrecer claridad \u00f3ptica. Gesti\u00f3n t\u00e9rmica: La alta conductividad t\u00e9rmica del nitruro de boro lo hace adecuado para aplicaciones de disipadores de calor y otros componentes electr\u00f3nicos donde la disipaci\u00f3n de calor es cr\u00edtica. Recubrimientos resistentes al desgaste: Los objetivos de pulverizaci\u00f3n cat\u00f3dica de nitruro de boro c\u00fabico se utilizan en la deposici\u00f3n de pel\u00edculas duras para herramientas de corte, productos abrasivos y recubrimientos protectores en las industrias automotriz y manufacturera. Reflectores de neutrones: Las pel\u00edculas BN se utilizan en aplicaciones nucleares como reflectores de neutrones debido a su baja absorci\u00f3n de neutrones y alta estabilidad t\u00e9rmica.<\/p>\n","protected":false},"excerpt":{"rendered":"<p>El objetivo de pulverizaci\u00f3n cat\u00f3dica de nitruro de boro es un material utilizado en el proceso de pulverizaci\u00f3n cat\u00f3dica para depositar pel\u00edculas de nitruro de boro (BN) sobre un sustrato. La pulverizaci\u00f3n cat\u00f3dica es un tipo de deposici\u00f3n f\u00edsica de vapor (PVD) en la que iones o part\u00edculas de alta energ\u00eda golpean un objetivo, lo [&hellip;]<\/p>\n","protected":false},"featured_media":1031177,"comment_status":"open","ping_status":"closed","template":"","meta":{"_acf_changed":false},"product_brand":[],"product_cat":[178],"product_tag":[],"class_list":{"0":"post-1010066","1":"product","2":"type-product","3":"status-publish","4":"has-post-thumbnail","6":"product_cat-catodos-para-sputtering-planar","8":"first","9":"instock","10":"shipping-taxable","11":"product-type-variable"},"acf":[],"_links":{"self":[{"href":"https:\/\/vimaterial.de\/es\/wp-json\/wp\/v2\/product\/1010066","targetHints":{"allow":["GET"]}}],"collection":[{"href":"https:\/\/vimaterial.de\/es\/wp-json\/wp\/v2\/product"}],"about":[{"href":"https:\/\/vimaterial.de\/es\/wp-json\/wp\/v2\/types\/product"}],"replies":[{"embeddable":true,"href":"https:\/\/vimaterial.de\/es\/wp-json\/wp\/v2\/comments?post=1010066"}],"wp:featuredmedia":[{"embeddable":true,"href":"https:\/\/vimaterial.de\/es\/wp-json\/wp\/v2\/media\/1031177"}],"wp:attachment":[{"href":"https:\/\/vimaterial.de\/es\/wp-json\/wp\/v2\/media?parent=1010066"}],"wp:term":[{"taxonomy":"product_brand","embeddable":true,"href":"https:\/\/vimaterial.de\/es\/wp-json\/wp\/v2\/product_brand?post=1010066"},{"taxonomy":"product_cat","embeddable":true,"href":"https:\/\/vimaterial.de\/es\/wp-json\/wp\/v2\/product_cat?post=1010066"},{"taxonomy":"product_tag","embeddable":true,"href":"https:\/\/vimaterial.de\/es\/wp-json\/wp\/v2\/product_tag?post=1010066"}],"curies":[{"name":"wp","href":"https:\/\/api.w.org\/{rel}","templated":true}]}}