{"id":1010037,"date":"2024-06-17T14:02:32","date_gmt":"2024-06-17T06:02:32","guid":{"rendered":"https:\/\/vimaterial.de\/product\/carbono-2\/"},"modified":"2024-11-12T15:11:47","modified_gmt":"2024-11-12T07:11:47","slug":"carbono-2","status":"publish","type":"product","link":"https:\/\/vimaterial.de\/es\/product\/carbono-2\/","title":{"rendered":"Carbono"},"content":{"rendered":"<p>Carbon Sputtering Target es un material a base de carbono de alta pureza dise\u00f1ado para su uso en procesos de pulverizaci\u00f3n cat\u00f3dica. La pulverizaci\u00f3n cat\u00f3dica es una t\u00e9cnica de deposici\u00f3n f\u00edsica de vapor (PVD) en la que los \u00e1tomos son expulsados de un material objetivo (en este caso, carbono) debido al bombardeo de part\u00edculas de alta energ\u00eda, generalmente para aplicaciones de pel\u00edcula delgada. Los objetivos de pulverizaci\u00f3n cat\u00f3dica de carbono est\u00e1n dise\u00f1ados para producir recubrimientos de carbono uniformes y de alta pureza en varios sustratos y se usan com\u00fanmente en aplicaciones electr\u00f3nicas, \u00f3pticas y de recubrimiento duro.  <\/p>\n<h2><span style=\"font-size: 14pt;\">Propiedades f\u00edsicas:<\/span><\/h2>\n<p>F\u00f3rmula: C. Aspecto: S\u00f3lido, en forma de disco o placa, generalmente negro con una superficie lisa. Densidad: Generalmente alrededor de 2,1 g\/cm\u00b3 para objetivos amorfos o de grafito, aunque la densidad puede variar ligeramente seg\u00fan el proceso de fabricaci\u00f3n. Pureza: Por lo general, 99.99% o m\u00e1s para la mayor\u00eda de las aplicaciones de alta tecnolog\u00eda, lo que minimiza las impurezas que podr\u00edan afectar la calidad de la pel\u00edcula delgada. Dimensiones: Disponible en varios tama\u00f1os (di\u00e1metros y espesores) dependiendo del equipo y de los requisitos de recubrimiento. Estructura: A menudo hecha de carbono amorfo o grafito altamente ordenado, dependiendo de la aplicaci\u00f3n espec\u00edfica.<\/p>\n<h2><span style=\"font-size: 14pt;\">Aplicaciones:<\/span><\/h2>\n<p>Semiconductores y microelectr\u00f3nica: Se utilizan en la producci\u00f3n de pel\u00edculas de carbono para transistores, diodos y otros componentes electr\u00f3nicos. Recubrimientos \u00f3pticos: Las pel\u00edculas de carbono proporcionan recubrimientos \u00f3pticos para lentes, espejos y otros componentes \u00f3pticos, lo que mejora la durabilidad y las propiedades antirreflectantes. Almacenamiento de datos: En los discos duros y otros dispositivos de almacenamiento, los objetivos de pulverizaci\u00f3n cat\u00f3dica de carbono se utilizan para depositar capas protectoras y funcionales. Recubrimientos biom\u00e9dicos: Las pel\u00edculas delgadas de carbono son biocompatibles y, a veces, se utilizan en recubrimientos de dispositivos m\u00e9dicos. Recubrimientos tribol\u00f3gicos: Los recubrimientos de carbono pueden crear superficies de baja fricci\u00f3n y resistentes al desgaste en piezas mec\u00e1nicas.<\/p>\n<h2><span style=\"font-size: 14pt;\">Manipulaci\u00f3n y almacenamiento:<\/span><\/h2>\n<p>Manejo: Los objetivos de pulverizaci\u00f3n cat\u00f3dica de carbono son fr\u00e1giles, especialmente en tama\u00f1os m\u00e1s grandes, y deben manipularse con cuidado para evitar que se astillen o agrieten. Almacenamiento: Almacene en un ambiente seco y controlado, generalmente en el empaque proporcionado por el fabricante para evitar la contaminaci\u00f3n o la exposici\u00f3n a la humedad. Limpieza: Utilice m\u00e9todos de limpieza no abrasivos si es necesario, ya que las imperfecciones de la superficie pueden afectar la calidad de la pulverizaci\u00f3n cat\u00f3dica.<\/p>\n","protected":false},"excerpt":{"rendered":"<p>Carbon Sputtering Target es un material a base de carbono de alta pureza dise\u00f1ado para su uso en procesos de pulverizaci\u00f3n cat\u00f3dica. La pulverizaci\u00f3n cat\u00f3dica es una t\u00e9cnica de deposici\u00f3n f\u00edsica de vapor (PVD) en la que los \u00e1tomos son expulsados de un material objetivo (en este caso, carbono) debido al bombardeo de part\u00edculas de [&hellip;]<\/p>\n","protected":false},"featured_media":1036399,"comment_status":"open","ping_status":"closed","template":"","meta":{"_acf_changed":false},"product_brand":[],"product_cat":[178],"product_tag":[],"class_list":{"0":"post-1010037","1":"product","2":"type-product","3":"status-publish","4":"has-post-thumbnail","6":"product_cat-catodos-para-sputtering-planar","8":"first","9":"instock","10":"shipping-taxable","11":"product-type-variable"},"acf":[],"_links":{"self":[{"href":"https:\/\/vimaterial.de\/es\/wp-json\/wp\/v2\/product\/1010037","targetHints":{"allow":["GET"]}}],"collection":[{"href":"https:\/\/vimaterial.de\/es\/wp-json\/wp\/v2\/product"}],"about":[{"href":"https:\/\/vimaterial.de\/es\/wp-json\/wp\/v2\/types\/product"}],"replies":[{"embeddable":true,"href":"https:\/\/vimaterial.de\/es\/wp-json\/wp\/v2\/comments?post=1010037"}],"wp:featuredmedia":[{"embeddable":true,"href":"https:\/\/vimaterial.de\/es\/wp-json\/wp\/v2\/media\/1036399"}],"wp:attachment":[{"href":"https:\/\/vimaterial.de\/es\/wp-json\/wp\/v2\/media?parent=1010037"}],"wp:term":[{"taxonomy":"product_brand","embeddable":true,"href":"https:\/\/vimaterial.de\/es\/wp-json\/wp\/v2\/product_brand?post=1010037"},{"taxonomy":"product_cat","embeddable":true,"href":"https:\/\/vimaterial.de\/es\/wp-json\/wp\/v2\/product_cat?post=1010037"},{"taxonomy":"product_tag","embeddable":true,"href":"https:\/\/vimaterial.de\/es\/wp-json\/wp\/v2\/product_tag?post=1010037"}],"curies":[{"name":"wp","href":"https:\/\/api.w.org\/{rel}","templated":true}]}}