{"id":1010007,"date":"2024-06-17T14:04:00","date_gmt":"2024-06-17T06:04:00","guid":{"rendered":"https:\/\/vimaterial.de\/product\/carbonato-sodico\/"},"modified":"2024-11-12T16:24:07","modified_gmt":"2024-11-12T08:24:07","slug":"carbonato-sodico","status":"publish","type":"product","link":"https:\/\/vimaterial.de\/es\/product\/carbonato-sodico\/","title":{"rendered":"Sosa"},"content":{"rendered":"<p>El carbonato de sodio, Na2CO3, (tambi\u00e9n conocido como sosa de lavado, carbonato de sodio y cristales de sosa) es el compuesto inorg\u00e1nico con la f\u00f3rmula Na2CO3 y sus diversos hidratos. Todas las formas son sales blancas solubles en agua.<\/p>\n<h2><span style=\"font-size: 14pt;\">Propiedades f\u00edsicas:<\/span><\/h2>\n<p>F\u00f3rmula qu\u00edmica:Na2CO3<\/p>\n<p>Masa molar:105.9888 g\/mol<\/p>\n<p>Aspecto:S\u00f3lido blanco, higrosc\u00f3pico<\/p>\n<p>Olor:Inodoro<\/p>\n<p>Densidad: 2,54 g\/cm3 (25 \u00b0C, anhidro)<\/p>\n<p>Punto de fusi\u00f3n: Se descompone por encima de 851 \u00b0C, liberando di\u00f3xido de carbono. Solubilidad: Altamente soluble en agua, creando una soluci\u00f3n alcalina.<\/p>\n<h2><span style=\"font-size: 14pt;\">Aplicaciones:<\/span><\/h2>\n<p>Fabricaci\u00f3n de vidrio: Uno de los ingredientes principales en la producci\u00f3n de vidrio, donde reduce el punto de fusi\u00f3n de la s\u00edlice, lo que hace que el proceso sea m\u00e1s eficiente. Producci\u00f3n de detergente: carbonato de sodio utilizado en detergentes y jabones debido a su capacidad para ablandar el agua, mejorar el poder de limpieza y actuar como constructor. Tratamiento de agua: Act\u00faa como regulador del pH en las instalaciones de tratamiento de agua, ajustando la acidez del agua a niveles m\u00e1s neutros. Aditivo alimentario: Carbonato de sodio utilizado en peque\u00f1as cantidades en la industria alimentaria (E500) como agente leudante y regulador de la acidez. Aplicaciones de laboratorio: Com\u00fanmente utilizado en laboratorios para valoraci\u00f3n, ajustes de pH y como agente de secado.<\/p>\n<h2><span style=\"font-size: 14pt;\">Manipulaci\u00f3n y almacenamiento:<\/span><\/h2>\n<p>Manejo: Use guantes y protecci\u00f3n para los ojos cuando manipule, ya que el carbonato de sodio es ligeramente c\u00e1ustico y puede irritar la piel y los ojos. Almacenamiento: Almacene en un lugar fresco y seco en un recipiente herm\u00e9ticamente cerrado para evitar la absorci\u00f3n de humedad y la formaci\u00f3n de grumos. Derrames: En caso de derrames, se puede barrer con cuidado y enjuagar con abundante agua.<\/p>\n","protected":false},"excerpt":{"rendered":"<p>El carbonato de sodio, Na2CO3, (tambi\u00e9n conocido como sosa de lavado, carbonato de sodio y cristales de sosa) es el compuesto inorg\u00e1nico con la f\u00f3rmula Na2CO3 y sus diversos hidratos. Todas las formas son sales blancas solubles en agua. Propiedades f\u00edsicas: F\u00f3rmula qu\u00edmica:Na2CO3 Masa molar:105.9888 g\/mol Aspecto:S\u00f3lido blanco, higrosc\u00f3pico Olor:Inodoro Densidad: 2,54 g\/cm3 (25 \u00b0C, [&hellip;]<\/p>\n","protected":false},"featured_media":999209,"comment_status":"open","ping_status":"closed","template":"","meta":{"_acf_changed":false},"product_brand":[],"product_cat":[187],"product_tag":[],"class_list":{"0":"post-1010007","1":"product","2":"type-product","3":"status-publish","4":"has-post-thumbnail","6":"product_cat-otros-materiales","8":"first","9":"instock","10":"shipping-taxable","11":"purchasable","12":"product-type-variable"},"acf":[],"_links":{"self":[{"href":"https:\/\/vimaterial.de\/es\/wp-json\/wp\/v2\/product\/1010007","targetHints":{"allow":["GET"]}}],"collection":[{"href":"https:\/\/vimaterial.de\/es\/wp-json\/wp\/v2\/product"}],"about":[{"href":"https:\/\/vimaterial.de\/es\/wp-json\/wp\/v2\/types\/product"}],"replies":[{"embeddable":true,"href":"https:\/\/vimaterial.de\/es\/wp-json\/wp\/v2\/comments?post=1010007"}],"wp:featuredmedia":[{"embeddable":true,"href":"https:\/\/vimaterial.de\/es\/wp-json\/wp\/v2\/media\/999209"}],"wp:attachment":[{"href":"https:\/\/vimaterial.de\/es\/wp-json\/wp\/v2\/media?parent=1010007"}],"wp:term":[{"taxonomy":"product_brand","embeddable":true,"href":"https:\/\/vimaterial.de\/es\/wp-json\/wp\/v2\/product_brand?post=1010007"},{"taxonomy":"product_cat","embeddable":true,"href":"https:\/\/vimaterial.de\/es\/wp-json\/wp\/v2\/product_cat?post=1010007"},{"taxonomy":"product_tag","embeddable":true,"href":"https:\/\/vimaterial.de\/es\/wp-json\/wp\/v2\/product_tag?post=1010007"}],"curies":[{"name":"wp","href":"https:\/\/api.w.org\/{rel}","templated":true}]}}