{"id":1009995,"date":"2024-06-17T14:04:02","date_gmt":"2024-06-17T06:04:02","guid":{"rendered":"https:\/\/vimaterial.de\/product\/sulfuro-de-sodio-2\/"},"modified":"2024-11-12T16:39:52","modified_gmt":"2024-11-12T08:39:52","slug":"sulfuro-de-sodio-2","status":"publish","type":"product","link":"https:\/\/vimaterial.de\/es\/product\/sulfuro-de-sodio-2\/","title":{"rendered":"Sulfuro de sodio"},"content":{"rendered":"<p>El sulfuro de sodio es el compuesto qu\u00edmico con la f\u00f3rmula Na2S, o m\u00e1s com\u00fanmente su hidrato Na2S\u00b79H2O. Ambas son sales incoloras solubles en agua que dan soluciones fuertemente alcalinas.<\/p>\n<h2><span style=\"font-size: 14pt;\">Propiedades f\u00edsicas:<\/span><\/h2>\n<p>F\u00f3rmula qu\u00edmica: Na2S<\/p>\n<p>Masa molar: 78,0452 g\/mol (anhidra)\/240,18 g\/mol (no hidratado)<\/p>\n<p>Aspecto: incoloro, s\u00f3lido higrosc\u00f3pico<\/p>\n<p>Olor: huevos podridos<\/p>\n<p>Densidad:1.856 g\/cm3 (anhidro)\/1.58 g\/cm3 (pentahidratado)\/1.43 g\/cm3 (no ohidratado)<\/p>\n<p>Punto de fusi\u00f3n:1.176 \u00b0C (2.149 \u00b0F; 1.449 K) (anhidro)\/100 \u00b0C (pentahidratado)\/50 \u00b0C (no hidratado)<\/p>\n<p>Solubilidad en agua:12,4 g\/100 mL (0 \u00b0C)\/18,6 g\/100 mL (20 \u00b0C)\/39 g\/100 mL (50 \u00b0C) (hidrolizados)<\/p>\n<h2><span style=\"font-size: 14pt;\">Aplicaciones:<\/span><\/h2>\n<p>El sulfuro de sodio se utiliza principalmente en el proceso kraft en la industria de la pulpa y el papel.<\/p>\n<p>Se utiliza en el tratamiento de agua como agente eliminador de ox\u00edgeno y tambi\u00e9n como precipitante de metales; en fotograf\u00eda qu\u00edmica para tonificar fotograf\u00edas en blanco y negro; en la industria textil como agente blanqueador, para desulfurar y como agente declorante; y en el comercio de pieles para la sulfitaci\u00f3n de extractos curtientes. Se utiliza en la fabricaci\u00f3n de productos qu\u00edmicos como agente de sulfonaci\u00f3n y sulfometilaci\u00f3n. Se utiliza en la producci\u00f3n de productos qu\u00edmicos de caucho, tintes de azufre y otros compuestos qu\u00edmicos. Se utiliza en otras aplicaciones, como la flotaci\u00f3n de minerales, la recuperaci\u00f3n de petr\u00f3leo, la fabricaci\u00f3n de tintes y detergentes. Tambi\u00e9n se utiliza durante el procesamiento del cuero, como agente depilador en la operaci\u00f3n de encalado.<\/p>\n","protected":false},"excerpt":{"rendered":"<p>El sulfuro de sodio es el compuesto qu\u00edmico con la f\u00f3rmula Na2S, o m\u00e1s com\u00fanmente su hidrato Na2S\u00b79H2O. Ambas son sales incoloras solubles en agua que dan soluciones fuertemente alcalinas. Propiedades f\u00edsicas: F\u00f3rmula qu\u00edmica: Na2S Masa molar: 78,0452 g\/mol (anhidra)\/240,18 g\/mol (no hidratado) Aspecto: incoloro, s\u00f3lido higrosc\u00f3pico Olor: huevos podridos Densidad:1.856 g\/cm3 (anhidro)\/1.58 g\/cm3 (pentahidratado)\/1.43 [&hellip;]<\/p>\n","protected":false},"featured_media":999223,"comment_status":"open","ping_status":"closed","template":"","meta":{"_acf_changed":false},"product_brand":[],"product_cat":[179],"product_tag":[],"class_list":{"0":"post-1009995","1":"product","2":"type-product","3":"status-publish","4":"has-post-thumbnail","6":"product_cat-materiales-de-evaporacion","8":"first","9":"instock","10":"shipping-taxable","11":"product-type-variable"},"acf":[],"_links":{"self":[{"href":"https:\/\/vimaterial.de\/es\/wp-json\/wp\/v2\/product\/1009995","targetHints":{"allow":["GET"]}}],"collection":[{"href":"https:\/\/vimaterial.de\/es\/wp-json\/wp\/v2\/product"}],"about":[{"href":"https:\/\/vimaterial.de\/es\/wp-json\/wp\/v2\/types\/product"}],"replies":[{"embeddable":true,"href":"https:\/\/vimaterial.de\/es\/wp-json\/wp\/v2\/comments?post=1009995"}],"wp:featuredmedia":[{"embeddable":true,"href":"https:\/\/vimaterial.de\/es\/wp-json\/wp\/v2\/media\/999223"}],"wp:attachment":[{"href":"https:\/\/vimaterial.de\/es\/wp-json\/wp\/v2\/media?parent=1009995"}],"wp:term":[{"taxonomy":"product_brand","embeddable":true,"href":"https:\/\/vimaterial.de\/es\/wp-json\/wp\/v2\/product_brand?post=1009995"},{"taxonomy":"product_cat","embeddable":true,"href":"https:\/\/vimaterial.de\/es\/wp-json\/wp\/v2\/product_cat?post=1009995"},{"taxonomy":"product_tag","embeddable":true,"href":"https:\/\/vimaterial.de\/es\/wp-json\/wp\/v2\/product_tag?post=1009995"}],"curies":[{"name":"wp","href":"https:\/\/api.w.org\/{rel}","templated":true}]}}