{"id":1009980,"date":"2024-06-17T14:04:05","date_gmt":"2024-06-17T06:04:05","guid":{"rendered":"https:\/\/vimaterial.de\/product\/sulfuro-de-sodio\/"},"modified":"2024-11-12T16:43:23","modified_gmt":"2024-11-12T08:43:23","slug":"sulfuro-de-sodio","status":"publish","type":"product","link":"https:\/\/vimaterial.de\/es\/product\/sulfuro-de-sodio\/","title":{"rendered":"Sulfuro de sodio"},"content":{"rendered":"<p>El sulfuro de sodio es el compuesto qu\u00edmico con la f\u00f3rmula Na2S, o m\u00e1s com\u00fanmente su hidrato Na2S\u00b79H2O. Ambas son sales incoloras solubles en agua que dan soluciones fuertemente alcalinas.<\/p>\n<h2><span style=\"font-size: 14pt;\">Propiedades f\u00edsicas:<\/span><\/h2>\n<p>F\u00f3rmula qu\u00edmica: Na2S<\/p>\n<p>Masa molar: 78,0452 g\/mol (anhidra)\/240,18 g\/mol (no hidratado)<\/p>\n<p>Aspecto: incoloro, s\u00f3lido higrosc\u00f3pico<\/p>\n<p>Olor: huevos podridos<\/p>\n<p>Densidad:1.856 g\/cm3 (anhidro)\/1.58 g\/cm3 (pentahidratado)\/1.43 g\/cm3 (no ohidratado)<\/p>\n<p>Punto de fusi\u00f3n:1.176 \u00b0C (2.149 \u00b0F; 1.449 K) (anhidro)\/100 \u00b0C (pentahidratado)\/50 \u00b0C (no hidratado)<\/p>\n<p>Solubilidad en agua:12,4 g\/100 mL (0 \u00b0C)\/18,6 g\/100 mL (20 \u00b0C)\/39 g\/100 mL (50 \u00b0C) (hidrolizados)<\/p>\n<h2><span style=\"font-size: 14pt;\">Aplicaciones:<\/span><\/h2>\n<p>Procesamiento de cuero: Se utiliza para eliminar el pelo y otras prote\u00ednas no deseadas de las pieles de animales durante la producci\u00f3n de cuero. Industria de pulpa y papel: empleada en la fabricaci\u00f3n de papel kraft para descomponer la lignina en la pulpa de madera, lo que hace que la pulpa sea m\u00e1s f\u00e1cil de procesar. Producci\u00f3n qu\u00edmica: Act\u00faa como precursor de otros productos qu\u00edmicos, incluidos tintes, compuestos que contienen azufre y agentes de flotaci\u00f3n a base de azufre en la miner\u00eda. Tratamiento de agua: Sulfuro de sodio utilizado para eliminar metales pesados de las aguas residuales mediante la precipitaci\u00f3n de sulfuros met\u00e1licos, que se pueden filtrar de la soluci\u00f3n. Industria fotogr\u00e1fica: Sulfuro de sodio utilizado en la fabricaci\u00f3n de reveladores fotogr\u00e1ficos y soluciones de tonificaci\u00f3n con azufre.<\/p>\n<h2><span style=\"font-size: 14pt;\">Manipulaci\u00f3n y almacenamiento:<\/span><\/h2>\n<p>Manejo: Debe manipularse con equipo de protecci\u00f3n, incluidos guantes, gafas y mascarillas, ya que es altamente alcalino y emite sulfuro de hidr\u00f3geno t\u00f3xico. Almacenamiento: Almacene en un \u00e1rea fresca, seca y bien ventilada, lejos de humedad, \u00e1cidos y agentes oxidantes. Derrame: En caso de derrames, el sulfuro de sodio debe contenerse y neutralizarse con \u00e1cido diluido en condiciones controladas, con una ventilaci\u00f3n adecuada para evitar la acumulaci\u00f3n de H\u2082S.<\/p>\n","protected":false},"excerpt":{"rendered":"<p>El sulfuro de sodio es el compuesto qu\u00edmico con la f\u00f3rmula Na2S, o m\u00e1s com\u00fanmente su hidrato Na2S\u00b79H2O. Ambas son sales incoloras solubles en agua que dan soluciones fuertemente alcalinas. Propiedades f\u00edsicas: F\u00f3rmula qu\u00edmica: Na2S Masa molar: 78,0452 g\/mol (anhidra)\/240,18 g\/mol (no hidratado) Aspecto: incoloro, s\u00f3lido higrosc\u00f3pico Olor: huevos podridos Densidad:1.856 g\/cm3 (anhidro)\/1.58 g\/cm3 (pentahidratado)\/1.43 [&hellip;]<\/p>\n","protected":false},"featured_media":999223,"comment_status":"open","ping_status":"closed","template":"","meta":{"_acf_changed":false},"product_brand":[],"product_cat":[181],"product_tag":[],"class_list":{"0":"post-1009980","1":"product","2":"type-product","3":"status-publish","4":"has-post-thumbnail","6":"product_cat-materiales-calcogenuros","8":"first","9":"instock","10":"shipping-taxable","11":"purchasable","12":"product-type-variable"},"acf":[],"_links":{"self":[{"href":"https:\/\/vimaterial.de\/es\/wp-json\/wp\/v2\/product\/1009980","targetHints":{"allow":["GET"]}}],"collection":[{"href":"https:\/\/vimaterial.de\/es\/wp-json\/wp\/v2\/product"}],"about":[{"href":"https:\/\/vimaterial.de\/es\/wp-json\/wp\/v2\/types\/product"}],"replies":[{"embeddable":true,"href":"https:\/\/vimaterial.de\/es\/wp-json\/wp\/v2\/comments?post=1009980"}],"wp:featuredmedia":[{"embeddable":true,"href":"https:\/\/vimaterial.de\/es\/wp-json\/wp\/v2\/media\/999223"}],"wp:attachment":[{"href":"https:\/\/vimaterial.de\/es\/wp-json\/wp\/v2\/media?parent=1009980"}],"wp:term":[{"taxonomy":"product_brand","embeddable":true,"href":"https:\/\/vimaterial.de\/es\/wp-json\/wp\/v2\/product_brand?post=1009980"},{"taxonomy":"product_cat","embeddable":true,"href":"https:\/\/vimaterial.de\/es\/wp-json\/wp\/v2\/product_cat?post=1009980"},{"taxonomy":"product_tag","embeddable":true,"href":"https:\/\/vimaterial.de\/es\/wp-json\/wp\/v2\/product_tag?post=1009980"}],"curies":[{"name":"wp","href":"https:\/\/api.w.org\/{rel}","templated":true}]}}