{"id":1009965,"date":"2024-06-17T14:04:05","date_gmt":"2024-06-17T06:04:05","guid":{"rendered":"https:\/\/vimaterial.de\/product\/titanato-de-sodio\/"},"modified":"2024-11-12T16:50:00","modified_gmt":"2024-11-12T08:50:00","slug":"titanato-de-sodio","status":"publish","type":"product","link":"https:\/\/vimaterial.de\/es\/product\/titanato-de-sodio\/","title":{"rendered":"Titanato de sodio (\u00f3xido de titanio y sodio)"},"content":{"rendered":"<p>El titanato de sodio (Na\u2082Ti\u2083O\u2087) es un compuesto inorg\u00e1nico compuesto de sodio, titanio y ox\u00edgeno. A menudo es un material cristalino o en polvo de color marr\u00f3n o gris oscuro. El titanato de sodio con la f\u00f3rmula Na\u2082Ti\u2083O\u2087 es otro tipo de titanato que exhibe propiedades \u00fanicas, incluida su alta estabilidad t\u00e9rmica y su capacidad para actuar como material de intercambio i\u00f3nico.  <\/p>\n<h2><span style=\"font-size: 14pt;\">Propiedades f\u00edsicas:<\/span><\/h2>\n<p>F\u00f3rmula qu\u00edmica:Na2Ti3O7<\/p>\n<p>Peso molecular: 257,78 g\/mol Aspecto: Por lo general, un material cristalino o en polvo de color marr\u00f3n o gris oscuro.<\/p>\n<p>Densidad: 3.941 g\/cm3, s\u00f3lido<\/p>\n<p>Solubilidad: Insoluble en agua, pero puede reaccionar con los \u00e1cidos para liberar iones de titanio y sodio. Estructura: Es un miembro de la familia de los titanatos, con una estructura en capas que permite propiedades de intercambio i\u00f3nico. Estabilidad t\u00e9rmica: Exhibe una alta estabilidad t\u00e9rmica, lo que lo hace adecuado para aplicaciones de alta temperatura.<\/p>\n<h2><span style=\"font-size: 14pt;\">Aplicaciones del titanato de sodio (Na\u2082Ti\u2083O\u2087):<\/span><\/h2>\n<p>Tratamiento de residuos nucleares: El titanato de sodio se utiliza en el proceso de intercambio i\u00f3nico para la eliminaci\u00f3n de is\u00f3topos radiactivos, como el cesio y el estroncio, de los flujos de residuos nucleares. Cer\u00e1mica: Se emplea en la producci\u00f3n de cer\u00e1mica debido a su alto punto de fusi\u00f3n, proporcionando estabilidad a alta temperatura en formulaciones cer\u00e1micas. Cat\u00e1lisis: Como material de intercambio i\u00f3nico, se puede utilizar en aplicaciones catal\u00edticas, como catalizadores de apoyo o en procesos como reacciones de oxidaci\u00f3n. Purificaci\u00f3n de agua: Se utiliza para la eliminaci\u00f3n de iones de metales pesados y en diversas aplicaciones de intercambio i\u00f3nico, particularmente en la remediaci\u00f3n ambiental.<\/p>\n<h2><span style=\"font-size: 14pt;\">Manipulaci\u00f3n y almacenamiento:<\/span><\/h2>\n<p>Manejo: El titanato de sodio debe manipularse con cuidado, especialmente en su forma de polvo, ya que las part\u00edculas finas de polvo pueden irritar el sistema respiratorio. Almacenamiento: Almacene en un lugar seco y fresco, lejos de \u00e1cidos, para evitar reacciones qu\u00edmicas no deseadas. Mantenga los recipientes herm\u00e9ticamente cerrados para evitar la absorci\u00f3n de humedad.<\/p>\n","protected":false},"excerpt":{"rendered":"<p>El titanato de sodio (Na\u2082Ti\u2083O\u2087) es un compuesto inorg\u00e1nico compuesto de sodio, titanio y ox\u00edgeno. A menudo es un material cristalino o en polvo de color marr\u00f3n o gris oscuro. El titanato de sodio con la f\u00f3rmula Na\u2082Ti\u2083O\u2087 es otro tipo de titanato que exhibe propiedades \u00fanicas, incluida su alta estabilidad t\u00e9rmica y su capacidad [&hellip;]<\/p>\n","protected":false},"featured_media":999240,"comment_status":"open","ping_status":"closed","template":"","meta":{"_acf_changed":false},"product_brand":[],"product_cat":[187],"product_tag":[],"class_list":{"0":"post-1009965","1":"product","2":"type-product","3":"status-publish","4":"has-post-thumbnail","6":"product_cat-otros-materiales","8":"first","9":"instock","10":"shipping-taxable","11":"purchasable","12":"product-type-variable"},"acf":[],"_links":{"self":[{"href":"https:\/\/vimaterial.de\/es\/wp-json\/wp\/v2\/product\/1009965","targetHints":{"allow":["GET"]}}],"collection":[{"href":"https:\/\/vimaterial.de\/es\/wp-json\/wp\/v2\/product"}],"about":[{"href":"https:\/\/vimaterial.de\/es\/wp-json\/wp\/v2\/types\/product"}],"replies":[{"embeddable":true,"href":"https:\/\/vimaterial.de\/es\/wp-json\/wp\/v2\/comments?post=1009965"}],"wp:featuredmedia":[{"embeddable":true,"href":"https:\/\/vimaterial.de\/es\/wp-json\/wp\/v2\/media\/999240"}],"wp:attachment":[{"href":"https:\/\/vimaterial.de\/es\/wp-json\/wp\/v2\/media?parent=1009965"}],"wp:term":[{"taxonomy":"product_brand","embeddable":true,"href":"https:\/\/vimaterial.de\/es\/wp-json\/wp\/v2\/product_brand?post=1009965"},{"taxonomy":"product_cat","embeddable":true,"href":"https:\/\/vimaterial.de\/es\/wp-json\/wp\/v2\/product_cat?post=1009965"},{"taxonomy":"product_tag","embeddable":true,"href":"https:\/\/vimaterial.de\/es\/wp-json\/wp\/v2\/product_tag?post=1009965"}],"curies":[{"name":"wp","href":"https:\/\/api.w.org\/{rel}","templated":true}]}}